{"id":134,"date":"2023-11-05T16:10:27","date_gmt":"2023-11-05T15:10:27","guid":{"rendered":"https:\/\/www.norflex.de\/Karriere\/?page_id=134"},"modified":"2023-11-08T18:54:08","modified_gmt":"2023-11-08T17:54:08","slug":"faq-2","status":"publish","type":"page","link":"https:\/\/www.norflex.de\/Karriere\/faq-2\/","title":{"rendered":"FAQ"},"content":{"rendered":"<p>[et_pb_section fb_built=&#8220;1&#8243; _builder_version=&#8220;4.23&#8243; background_image=&#8220;https:\/\/www.norflex.de\/Karriere\/wp-content\/uploads\/2023\/11\/15-Kopie-scaled.webp&#8220; global_colors_info=&#8220;{}&#8220;][et_pb_row _builder_version=&#8220;4.23&#8243; _module_preset=&#8220;default&#8220; custom_padding=&#8220;54px||38px|||&#8220; global_colors_info=&#8220;{}&#8220;][et_pb_column type=&#8220;4_4&#8243; _builder_version=&#8220;4.23&#8243; _module_preset=&#8220;default&#8220; background_color=&#8220;rgba(12,113,195,0.13)&#8220; transform_scale=&#8220;108%|108%&#8220; transform_origin=&#8220;10%|100%&#8220; custom_padding=&#8220;25px||15px|22px|false|false&#8220; global_colors_info=&#8220;{}&#8220;][et_pb_text _builder_version=&#8220;4.23&#8243; _module_preset=&#8220;default&#8220; header_font=&#8220;Roboto|900|on||||||&#8220; header_font_size=&#8220;48px&#8220; width=&#8220;100%&#8220; custom_padding=&#8220;|58px||58px||false&#8220; global_colors_info=&#8220;{}&#8220;]<\/p>\n<h1>Ergo.fol Norflex FAQ<\/h1>\n<p>[\/et_pb_text][et_pb_text _builder_version=&#8220;4.23&#8243; _module_preset=&#8220;default&#8220; header_font=&#8220;Roboto|300|||||||&#8220; header_font_size=&#8220;48px&#8220; header_2_font=&#8220;||on||||||&#8220; header_2_text_color=&#8220;#014587&#8243; header_2_font_size=&#8220;39px&#8220; custom_margin=&#8220;||2px|||&#8220; hover_enabled=&#8220;0&#8243; global_colors_info=&#8220;{}&#8220; header_text_color=&#8220;#014587&#8243; sticky_enabled=&#8220;0&#8243;]<\/p>\n<h2>\u00a0advanced questions \u2014<\/h2>\n<p>[\/et_pb_text][et_pb_text _builder_version=&#8220;4.23&#8243; _module_preset=&#8220;default&#8220; header_font=&#8220;Roboto|300|||||||&#8220; header_font_size=&#8220;48px&#8220; header_2_font=&#8220;|700|on||||||&#8220; header_2_text_color=&#8220;#014587&#8243; header_2_font_size=&#8220;45px&#8220; custom_padding=&#8220;|||117px||&#8220; hover_enabled=&#8220;0&#8243; global_colors_info=&#8220;{}&#8220; sticky_enabled=&#8220;0&#8243;]<\/p>\n<h2>advanced choices<\/h2>\n<p>[\/et_pb_text][\/et_pb_column][\/et_pb_row][\/et_pb_section][et_pb_section fb_built=&#8220;1&#8243; _builder_version=&#8220;4.23&#8243; _module_preset=&#8220;default&#8220; custom_padding=&#8220;||8px|||&#8220; global_colors_info=&#8220;{}&#8220;][et_pb_row _builder_version=&#8220;4.23&#8243; _module_preset=&#8220;default&#8220; global_colors_info=&#8220;{}&#8220;][et_pb_column type=&#8220;4_4&#8243; _builder_version=&#8220;4.23&#8243; _module_preset=&#8220;default&#8220; global_colors_info=&#8220;{}&#8220;][et_pb_text _builder_version=&#8220;4.23&#8243; _module_preset=&#8220;default&#8220; header_font=&#8220;||on||||||&#8220; header_text_color=&#8220;#014587&#8243; header_font_size=&#8220;54px&#8220; hover_enabled=&#8220;0&#8243; global_colors_info=&#8220;{}&#8220; sticky_enabled=&#8220;0&#8243;]<\/p>\n<h1 style=\"text-align: center;\">FAQ<br \/>_<\/h1>\n<p>[\/et_pb_text][\/et_pb_column][\/et_pb_row][\/et_pb_section][et_pb_section fb_built=&#8220;1&#8243; _builder_version=&#8220;4.23&#8243; _module_preset=&#8220;default&#8220; custom_padding=&#8220;13px|||||&#8220; global_colors_info=&#8220;{}&#8220;][et_pb_row _builder_version=&#8220;4.23&#8243; _module_preset=&#8220;default&#8220; global_colors_info=&#8220;{}&#8220;][et_pb_column type=&#8220;4_4&#8243; _builder_version=&#8220;4.23&#8243; _module_preset=&#8220;default&#8220; global_colors_info=&#8220;{}&#8220;][et_pb_accordion _builder_version=&#8220;4.23&#8243; _module_preset=&#8220;default&#8220; global_colors_info=&#8220;{}&#8220;][et_pb_accordion_item title=&#8220;Wie kann ich mich bewerben?&#8220; open=&#8220;on&#8220; _builder_version=&#8220;4.23&#8243; _module_preset=&#8220;default&#8220; global_colors_info=&#8220;{}&#8220;]<\/p>\n<div class=\"vc_tta-panel-body\">\n<div class=\"wpb_text_column wpb_content_element \">\n<div class=\"wpb_wrapper\">\n<p>Wir empfehlen Ihnen unser Norflex Jobportal: Hier werden Sie Schritt f\u00fcr Schritt durch den Bewerbungsprozess gef\u00fchrt. So lassen Sie uns alle ben\u00f6tigten Informationen in optimaler Form zukommen. Dadurch k\u00f6nnen wir Ihre Bewerbung schnellstm\u00f6glich bearbeiten und leisten gleichzeitig einen Beitrag zum Umweltschutz.<\/p>\n<\/div>\n<\/div>\n<\/div>\n<p>[\/et_pb_accordion_item][et_pb_accordion_item title=&#8220;Ist die ausgeschriebene Stelle noch aktuell?&#8220; _builder_version=&#8220;4.23&#8243; _module_preset=&#8220;default&#8220; global_colors_info=&#8220;{}&#8220; open=&#8220;off&#8220;]<\/p>\n<p>Ja, alle auf unserer Homepage ausgeschriebenen Stellen sind noch vakant.<br \/><strong>Wir freuen uns auf Ihre Bewerbung!<\/strong><\/p>\n<p>[\/et_pb_accordion_item][et_pb_accordion_item title=&#8220;Gibt es eine Bewerbungsfrist?&#8220; _builder_version=&#8220;4.23&#8243; _module_preset=&#8220;default&#8220; global_colors_info=&#8220;{}&#8220; open=&#8220;off&#8220;]<\/p>\n<div class=\"vc_tta-panel-body\">\n<div class=\"wpb_text_column wpb_content_element \">\n<div class=\"wpb_wrapper\">\n<p>Nein, Sie k\u00f6nnen sich solange bewerben, wie die Stellenausschreibung auf unserer Homepage ver\u00f6ffentlicht ist.<\/p>\n<\/div>\n<\/div>\n<\/div>\n<p>[\/et_pb_accordion_item][et_pb_accordion_item title=&#8220;In welcher Sprache soll ich meine Bewerbung einreichen?&#8220; _builder_version=&#8220;4.23&#8243; _module_preset=&#8220;default&#8220; global_colors_info=&#8220;{}&#8220; open=&#8220;off&#8220;]<\/p>\n<div class=\"vc_tta-panel-body\">\n<div class=\"wpb_text_column wpb_content_element \">\n<div class=\"wpb_wrapper\">\n<p>Bitte verfassen Sie Ihre Bewerbung in deutscher Sprache.<\/p>\n<\/div>\n<\/div>\n<\/div>\n<p>[\/et_pb_accordion_item][et_pb_accordion_item title=&#8220;Welche Unterlagen soll ich f\u00fcr meine Bewerbung einreichen?&#8220; _builder_version=&#8220;4.23&#8243; _module_preset=&#8220;default&#8220; global_colors_info=&#8220;{}&#8220; open=&#8220;off&#8220;]<\/p>\n<div class=\"vc_tta-panel-body\">\n<div class=\"wpb_text_column wpb_content_element \">\n<div class=\"wpb_wrapper\">\n<p>Im Laufe der Online-Bewerbung werden Sie dazu aufgefordert, Anschreiben, Lebenslauf sowie relevante Zeugnisse (Ausbildungs-, Weiterbildungs-, Arbeitszeugnisse) hochzuladen. Bitte verwenden Sie das pdf-Format und achten Sie bereits bei der Zusammenstellung Ihrer Unterlagen darauf, dass die Dateigr\u00f6\u00dfen nicht zu umfangreich werden: Ihre Bewerbung sollte eine Gr\u00f6\u00dfe von 10 MB nicht \u00fcberschreiten.<\/p>\n<\/div>\n<\/div>\n<\/div>\n<p>[\/et_pb_accordion_item][et_pb_accordion_item title=&#8220;Wer ist der Ansprechpartner f\u00fcr meine Bewerbung?&#8220; _builder_version=&#8220;4.23&#8243; _module_preset=&#8220;default&#8220; global_colors_info=&#8220;{}&#8220; open=&#8220;off&#8220;]<\/p>\n<p>Der jeweilige Ansprechpartner ist bei jedem Stellenangebot angef\u00fchrt.<br \/><a href=\"https:\/\/www.norflex.de\/Karriere\/\">STELLENANGEBOTE<\/a><\/p>\n<p>[\/et_pb_accordion_item][et_pb_accordion_item title=&#8220;Was passiert mit meiner Bewerbung?&#8220; _builder_version=&#8220;4.23&#8243; _module_preset=&#8220;default&#8220; global_colors_info=&#8220;{}&#8220; open=&#8220;off&#8220;]<\/p>\n<div class=\"vc_tta-panel-body\">\n<div class=\"wpb_text_column wpb_content_element \">\n<div class=\"wpb_wrapper\">\n<p>Ihre Bewerbung wird von der Personalabteilung gepr\u00fcft und mit der verantwortlichen Abteilungsleitung besprochen.<\/p>\n<\/div>\n<\/div>\n<\/div>\n<p>[\/et_pb_accordion_item][et_pb_accordion_item title=&#8220;Wie ist der Stand meiner Bewerbung?&#8220; _builder_version=&#8220;4.23&#8243; _module_preset=&#8220;default&#8220; global_colors_info=&#8220;{}&#8220; open=&#8220;off&#8220;]<\/p>\n<div class=\"vc_tta-panel-body\">\n<div class=\"wpb_text_column wpb_content_element \">\n<div class=\"wpb_wrapper\">\n<p>Wir sichten Ihre Bewerbung sorgf\u00e4ltig. Sollten wir R\u00fcckfragen haben, rufen wir Sie an oder wir senden Ihnen eine E-Mail. Nach sp\u00e4testens 14 Tagen erhalten Sie eine R\u00fcckmeldung.<\/p>\n<\/div>\n<\/div>\n<\/div>\n<p>[\/et_pb_accordion_item][et_pb_accordion_item title=&#8220;Wann werde ich zum Vorstellungsgespr\u00e4ch eingeladen?&#8220; _builder_version=&#8220;4.23&#8243; _module_preset=&#8220;default&#8220; global_colors_info=&#8220;{}&#8220; open=&#8220;off&#8220;]<\/p>\n<div class=\"vc_tta-panel-body\">\n<div class=\"wpb_text_column wpb_content_element \">\n<div class=\"wpb_wrapper\">\n<p>Sobald Ihre Bewerbung von der Personalabteilung mit der zust\u00e4ndigen Abteilungsleitung besprochen wurde, wird entschieden, wer zum Vorstellungsgespr\u00e4ch eingeladen wird.<\/p>\n<\/div>\n<\/div>\n<\/div>\n<p>[\/et_pb_accordion_item][et_pb_accordion_item title=&#8220;Wie l\u00e4uft ein Vorstellungsgespr\u00e4ch ab?&#8220; _builder_version=&#8220;4.23&#8243; _module_preset=&#8220;default&#8220; global_colors_info=&#8220;{}&#8220; open=&#8220;off&#8220;]<\/p>\n<div class=\"vc_tta-panel-body\">\n<div class=\"wpb_text_column wpb_content_element \">\n<div class=\"wpb_wrapper\">\n<p>Im Vorstellungsgespr\u00e4ch m\u00f6chten wir Sie gerne pers\u00f6nlich kennenlernen. Wir unterhalten uns mit Ihnen \u00fcber unser Unternehmen, Ihren pers\u00f6nlichen Werdegang und wie Sie das Team der Ergo.Fol Norflex\u00ae verst\u00e4rken k\u00f6nnten.<\/p>\n<\/div>\n<\/div>\n<\/div>\n<p>[\/et_pb_accordion_item][et_pb_accordion_item title=&#8220;Wie kann ich mich auf ein Vorstellungsgespr\u00e4ch vorbereiten?&#8220; _builder_version=&#8220;4.23&#8243; _module_preset=&#8220;default&#8220; global_colors_info=&#8220;{}&#8220; open=&#8220;off&#8220;]<\/p>\n<div class=\"vc_tta-panel-body\">\n<div class=\"wpb_text_column wpb_content_element \">\n<div class=\"wpb_wrapper\">\n<p>Als Vorbereitung auf das Gespr\u00e4ch empfehlen wir Ihnen, sich in Ruhe auf der Homepage \u00fcber unser Unternehmen zu informieren. Stellen Sie gerne Fragen \u2013 schlie\u00dflich wollen nicht nur wir Sie, sondern auch Sie die Ergo.Fol Norflex\u00ae kennenlernen.<\/p>\n<\/div>\n<\/div>\n<\/div>\n<p>[\/et_pb_accordion_item][et_pb_accordion_item title=&#8220;Was passiert nach dem Vorstellungsgespr\u00e4ch?&#8220; _builder_version=&#8220;4.23&#8243; _module_preset=&#8220;default&#8220; global_colors_info=&#8220;{}&#8220; open=&#8220;off&#8220;]<\/p>\n<div class=\"vc_tta-panel-body\">\n<div class=\"wpb_text_column wpb_content_element \">\n<div class=\"wpb_wrapper\">\n<p>Sind Sie und wir gleicherma\u00dfen \u00fcberzeugt, vereinbaren wir im n\u00e4chsten Schritt einen Termin f\u00fcr das erweiterte Vorstellungsgespr\u00e4ch. Hierf\u00fcr nehmen Sie sich etwas mehr Zeit und gewinnen im Rahmen einer Betriebsf\u00fchrung spannende Einblicke in die Ergo.Fol Norflex\u00ae. Bei gewerblichen Stellen schauen Sie den Kollegen \u00fcber die Schultern und d\u00fcrfen ein wenig mitarbeiten. Im kaufm\u00e4nnischen Bereich und bei F\u00fchrungspositionen bearbeiten Sie funktionsbezogene Aufgaben und tauschen sich mit uns zu Ihrem L\u00f6sungsvorschlag aus.<\/p>\n<\/div>\n<\/div>\n<\/div>\n<p>[\/et_pb_accordion_item][\/et_pb_accordion][\/et_pb_column][\/et_pb_row][\/et_pb_section][et_pb_section fb_built=&#8220;1&#8243; _builder_version=&#8220;4.23&#8243; _module_preset=&#8220;default&#8220; background_image=&#8220;https:\/\/www.norflex.de\/Karriere\/wp-content\/uploads\/2023\/11\/15-Kopie-scaled.webp&#8220; global_colors_info=&#8220;{}&#8220;][et_pb_row _builder_version=&#8220;4.23&#8243; _module_preset=&#8220;default&#8220; custom_padding=&#8220;283px|||||&#8220; global_colors_info=&#8220;{}&#8220;][et_pb_column type=&#8220;4_4&#8243; _builder_version=&#8220;4.23&#8243; _module_preset=&#8220;default&#8220; global_colors_info=&#8220;{}&#8220;][\/et_pb_column][\/et_pb_row][\/et_pb_section][et_pb_section fb_built=&#8220;1&#8243; _builder_version=&#8220;4.23&#8243; _module_preset=&#8220;default&#8220; custom_padding=&#8220;21px|||||&#8220; global_colors_info=&#8220;{}&#8220;][et_pb_row _builder_version=&#8220;4.23&#8243; _module_preset=&#8220;default&#8220; global_colors_info=&#8220;{}&#8220;][et_pb_column type=&#8220;4_4&#8243; _builder_version=&#8220;4.23&#8243; _module_preset=&#8220;default&#8220; global_colors_info=&#8220;{}&#8220;][et_pb_text _builder_version=&#8220;4.23&#8243; _module_preset=&#8220;default&#8220; header_font=&#8220;||on||||||&#8220; header_text_color=&#8220;#014587&#8243; header_font_size=&#8220;54px&#8220; hover_enabled=&#8220;0&#8243; global_colors_info=&#8220;{}&#8220; sticky_enabled=&#8220;0&#8243;]<\/p>\n<h1 style=\"text-align: center;\">KONTAKT<br \/>_<\/h1>\n<p>[\/et_pb_text][\/et_pb_column][\/et_pb_row][et_pb_row column_structure=&#8220;1_2,1_2&#8243; _builder_version=&#8220;4.23&#8243; _module_preset=&#8220;default&#8220; global_colors_info=&#8220;{}&#8220;][et_pb_column type=&#8220;1_2&#8243; _builder_version=&#8220;4.23&#8243; _module_preset=&#8220;default&#8220; global_colors_info=&#8220;{}&#8220;][et_pb_text _builder_version=&#8220;4.23&#8243; _module_preset=&#8220;default&#8220; header_3_line_height=&#8220;1.4em&#8220; global_colors_info=&#8220;{}&#8220;]<\/p>\n<h3><strong>Ergo.fol Norflex\u00ae <br \/>(Betriebsst\u00e4tte Nordenham)<\/strong><\/h3>\n<p>Kabelstra\u00dfe 9-11<br \/>26954 Nordenham\/Germany<br \/>Tel\u00a0+ 49 (0) 47 31- 26 99- 0 \u00b7 Fax -28<\/p>\n<p><strong><a href=\"mailto:contact@norflex.de\" target=\"_blank\" rel=\"noopener noreferrer\">contact@norflex.de<br \/><\/a><a href=\"http:\/\/www.norflex.de\/\" target=\"_blank\" rel=\"noopener noreferrer\">www.norflex.de<\/a><\/strong><\/p>\n<p>[\/et_pb_text][\/et_pb_column][et_pb_column type=&#8220;1_2&#8243; _builder_version=&#8220;4.23&#8243; _module_preset=&#8220;default&#8220; global_colors_info=&#8220;{}&#8220;][et_pb_text _builder_version=&#8220;4.23&#8243; _module_preset=&#8220;default&#8220; global_colors_info=&#8220;{}&#8220;]<iframe src=\"https:\/\/www.google.com\/maps\/embed?pb=!1m18!1m12!1m3!1d2373.6531159288147!2d8.49178321313412!3d53.492527563659344!2m3!1f0!2f0!3f0!3m2!1i1024!2i768!4f13.1!3m3!1m2!1s0x47b6b9d88a2de729%3A0x5050e40ffcbad77e!2sErgo.fol%20Norflex%20GmbH!5e0!3m2!1sde!2spt!4v1699196473586!5m2!1sde!2spt\" width=\"600\" height=\"250\" style=\"border:0;\" allowfullscreen=\"\" loading=\"lazy\" referrerpolicy=\"no-referrer-when-downgrade\"><\/iframe>[\/et_pb_text][\/et_pb_column][\/et_pb_row][et_pb_row column_structure=&#8220;1_2,1_2&#8243; _builder_version=&#8220;4.23&#8243; _module_preset=&#8220;default&#8220; global_colors_info=&#8220;{}&#8220;][et_pb_column type=&#8220;1_2&#8243; _builder_version=&#8220;4.23&#8243; _module_preset=&#8220;default&#8220; global_colors_info=&#8220;{}&#8220;][et_pb_text _builder_version=&#8220;4.23&#8243; _module_preset=&#8220;default&#8220; header_3_line_height=&#8220;1.4em&#8220; global_colors_info=&#8220;{}&#8220;]<\/p>\n<h3><strong>Ergo.fol Norflex\u00ae<br \/>(Sitz des Unternehmens)<\/strong><\/h3>\n<p>Manchinger Stra\u00dfe 125<br \/>85053 Ingolstadt<br \/>Tel. : +49 (0) 841-659 159<br \/>Fax : +49 (0) 841- 659 210<\/p>\n<p><strong><a href=\"mailto:contact@norflex.de\" target=\"_blank\" rel=\"noopener noreferrer\">contact@norflex.de<br \/><\/a><a href=\"http:\/\/www.norflex.de\/\" target=\"_blank\" rel=\"noopener noreferrer\">www.norflex.de<\/a><\/strong><\/p>\n<p>[\/et_pb_text][\/et_pb_column][et_pb_column type=&#8220;1_2&#8243; _builder_version=&#8220;4.23&#8243; _module_preset=&#8220;default&#8220; global_colors_info=&#8220;{}&#8220;][et_pb_text _builder_version=&#8220;4.23&#8243; _module_preset=&#8220;default&#8220; global_colors_info=&#8220;{}&#8220;]<iframe src=\"https:\/\/www.google.com\/maps\/embed?pb=!1m18!1m12!1m3!1d2630.9138245364534!2d11.469892512973002!3d48.7453429085346!2m3!1f0!2f0!3f0!3m2!1i1024!2i768!4f13.1!3m3!1m2!1s0x479eff7c7f6e82cd%3A0x2e461c4333c3408!2sErgo.fol%20Norflex%20GmbH!5e0!3m2!1sde!2spt!4v1699196583550!5m2!1sde!2spt\" width=\"600\" height=\"250\" style=\"border:0;\" allowfullscreen=\"\" loading=\"lazy\" referrerpolicy=\"no-referrer-when-downgrade\"><\/iframe>[\/et_pb_text][\/et_pb_column][\/et_pb_row][\/et_pb_section]<\/p>\n","protected":false},"excerpt":{"rendered":"<p>Ergo.fol Norflex FAQ\u00a0advanced questions \u2014advanced choicesFAQ_ Wir empfehlen Ihnen unser Norflex Jobportal: Hier werden Sie Schritt f\u00fcr Schritt durch den Bewerbungsprozess gef\u00fchrt. So lassen Sie uns alle ben\u00f6tigten Informationen in optimaler Form zukommen. Dadurch k\u00f6nnen wir Ihre Bewerbung schnellstm\u00f6glich bearbeiten und leisten gleichzeitig einen Beitrag zum Umweltschutz. Ja, alle auf unserer Homepage ausgeschriebenen Stellen sind [&hellip;]<\/p>\n","protected":false},"author":1,"featured_media":0,"parent":0,"menu_order":0,"comment_status":"closed","ping_status":"open","template":"","meta":{"_et_pb_use_builder":"on","_et_pb_old_content":"<!-- wp:paragraph -->\n<p>Dies ist eine Beispiel-Seite. Sie unterscheidet sich von Beitr\u00e4gen, da sie stets an derselben Stelle bleibt und (bei den meisten Themes) in der Website-Navigation angezeigt wird. Die meisten starten mit einem Impressum, der Datenschutzerkl\u00e4rung oder einer \u201e\u00dcber&nbsp;uns\u201c-Seite, um sich potenziellen Besuchern der Website vorzustellen. Dort k\u00f6nnte zum Beispiel stehen:<\/p>\n<!-- \/wp:paragraph -->\n\n<!-- wp:quote -->\n<blockquote class=\"wp-block-quote\"><!-- wp:paragraph -->\n<p>Hallo! Tags\u00fcber arbeite ich als Fahrradkurier, nachts bin ich ein aufstrebender Schauspieler und dies hier ist meine Website. Ich lebe in Berlin, habe einen gro\u00dfen Hund namens Jack, mag Pi\u00f1a Coladas, jedoch weniger (ohne Schirm) im Regen stehen gelassen zu werden.<\/p>\n<!-- \/wp:paragraph --><\/blockquote>\n<!-- \/wp:quote -->\n\n<!-- wp:paragraph -->\n<p>...&nbsp;oder so etwas wie:<\/p>\n<!-- \/wp:paragraph -->\n\n<!-- wp:quote -->\n<blockquote class=\"wp-block-quote\"><!-- wp:paragraph -->\n<p>Das Unternehmen XYZ wurde 1971 gegr\u00fcndet und versorgt die \u00d6ffentlichkeit seither mit qualitativ hochwertigen Produkten. An seinem Standort in einer kleinen Gro\u00dfstadt besch\u00e4ftigt der Betrieb \u00fcber 2.000 Menschen und unterst\u00fctzt die Stadtbewohner in vielfacher Hinsicht.<\/p>\n<!-- \/wp:paragraph --><\/blockquote>\n<!-- \/wp:quote -->\n\n<!-- wp:paragraph -->\n<p>Als neuer WordPress-Benutzer solltest du <a href=\"https:\/\/www.norflex.de\/Karriere\/wp-admin\/\">dein Dashboard<\/a> aufrufen, um diese Seite zu l\u00f6schen und neue Seiten und Beitr\u00e4ge f\u00fcr deine Website erstellen. Viel Spa\u00df!<\/p>\n<!-- \/wp:paragraph -->","_et_gb_content_width":"","footnotes":""},"class_list":["post-134","page","type-page","status-publish","hentry"],"yoast_head":"<!-- This site is optimized with the Yoast SEO plugin v27.0 - https:\/\/yoast.com\/product\/yoast-seo-wordpress\/ -->\n<title>FAQ - Norflex Karriere<\/title>\n<meta name=\"robots\" content=\"index, follow, max-snippet:-1, max-image-preview:large, max-video-preview:-1\" \/>\n<link rel=\"canonical\" href=\"https:\/\/www.norflex.de\/Karriere\/faq-2\/\" \/>\n<meta property=\"og:locale\" content=\"de_DE\" \/>\n<meta property=\"og:type\" content=\"article\" \/>\n<meta property=\"og:title\" content=\"FAQ - Norflex Karriere\" \/>\n<meta property=\"og:description\" content=\"Ergo.fol Norflex FAQ\u00a0advanced questions \u2014advanced choicesFAQ_ Wir empfehlen Ihnen unser Norflex Jobportal: Hier werden Sie Schritt f\u00fcr Schritt durch den Bewerbungsprozess gef\u00fchrt. So lassen Sie uns alle ben\u00f6tigten Informationen in optimaler Form zukommen. Dadurch k\u00f6nnen wir Ihre Bewerbung schnellstm\u00f6glich bearbeiten und leisten gleichzeitig einen Beitrag zum Umweltschutz. Ja, alle auf unserer Homepage ausgeschriebenen Stellen sind [&hellip;]\" \/>\n<meta property=\"og:url\" content=\"https:\/\/www.norflex.de\/Karriere\/faq-2\/\" \/>\n<meta property=\"og:site_name\" content=\"Norflex Karriere\" \/>\n<meta property=\"article:modified_time\" content=\"2023-11-08T17:54:08+00:00\" \/>\n<meta name=\"twitter:card\" content=\"summary_large_image\" \/>\n<meta name=\"twitter:label1\" content=\"Gesch\u00e4tzte Lesezeit\" \/>\n\t<meta name=\"twitter:data1\" content=\"7\u00a0Minuten\" \/>\n<script type=\"application\/ld+json\" class=\"yoast-schema-graph\">{\"@context\":\"https:\/\/schema.org\",\"@graph\":[{\"@type\":\"WebPage\",\"@id\":\"https:\/\/www.norflex.de\/Karriere\/faq-2\/\",\"url\":\"https:\/\/www.norflex.de\/Karriere\/faq-2\/\",\"name\":\"FAQ - Norflex Karriere\",\"isPartOf\":{\"@id\":\"https:\/\/www.norflex.de\/Karriere\/#website\"},\"datePublished\":\"2023-11-05T15:10:27+00:00\",\"dateModified\":\"2023-11-08T17:54:08+00:00\",\"breadcrumb\":{\"@id\":\"https:\/\/www.norflex.de\/Karriere\/faq-2\/#breadcrumb\"},\"inLanguage\":\"de\",\"potentialAction\":[{\"@type\":\"ReadAction\",\"target\":[\"https:\/\/www.norflex.de\/Karriere\/faq-2\/\"]}]},{\"@type\":\"BreadcrumbList\",\"@id\":\"https:\/\/www.norflex.de\/Karriere\/faq-2\/#breadcrumb\",\"itemListElement\":[{\"@type\":\"ListItem\",\"position\":1,\"name\":\"Startseite\",\"item\":\"https:\/\/www.norflex.de\/Karriere\/\"},{\"@type\":\"ListItem\",\"position\":2,\"name\":\"FAQ\"}]},{\"@type\":\"WebSite\",\"@id\":\"https:\/\/www.norflex.de\/Karriere\/#website\",\"url\":\"https:\/\/www.norflex.de\/Karriere\/\",\"name\":\"Norflex Karriere\",\"description\":\"Jobs bei Norflex\",\"potentialAction\":[{\"@type\":\"SearchAction\",\"target\":{\"@type\":\"EntryPoint\",\"urlTemplate\":\"https:\/\/www.norflex.de\/Karriere\/?s={search_term_string}\"},\"query-input\":{\"@type\":\"PropertyValueSpecification\",\"valueRequired\":true,\"valueName\":\"search_term_string\"}}],\"inLanguage\":\"de\"}]}<\/script>\n<!-- \/ Yoast SEO plugin. -->","yoast_head_json":{"title":"FAQ - Norflex Karriere","robots":{"index":"index","follow":"follow","max-snippet":"max-snippet:-1","max-image-preview":"max-image-preview:large","max-video-preview":"max-video-preview:-1"},"canonical":"https:\/\/www.norflex.de\/Karriere\/faq-2\/","og_locale":"de_DE","og_type":"article","og_title":"FAQ - Norflex Karriere","og_description":"Ergo.fol Norflex FAQ\u00a0advanced questions \u2014advanced choicesFAQ_ Wir empfehlen Ihnen unser Norflex Jobportal: Hier werden Sie Schritt f\u00fcr Schritt durch den Bewerbungsprozess gef\u00fchrt. So lassen Sie uns alle ben\u00f6tigten Informationen in optimaler Form zukommen. Dadurch k\u00f6nnen wir Ihre Bewerbung schnellstm\u00f6glich bearbeiten und leisten gleichzeitig einen Beitrag zum Umweltschutz. Ja, alle auf unserer Homepage ausgeschriebenen Stellen sind [&hellip;]","og_url":"https:\/\/www.norflex.de\/Karriere\/faq-2\/","og_site_name":"Norflex Karriere","article_modified_time":"2023-11-08T17:54:08+00:00","twitter_card":"summary_large_image","twitter_misc":{"Gesch\u00e4tzte Lesezeit":"7\u00a0Minuten"},"schema":{"@context":"https:\/\/schema.org","@graph":[{"@type":"WebPage","@id":"https:\/\/www.norflex.de\/Karriere\/faq-2\/","url":"https:\/\/www.norflex.de\/Karriere\/faq-2\/","name":"FAQ - Norflex Karriere","isPartOf":{"@id":"https:\/\/www.norflex.de\/Karriere\/#website"},"datePublished":"2023-11-05T15:10:27+00:00","dateModified":"2023-11-08T17:54:08+00:00","breadcrumb":{"@id":"https:\/\/www.norflex.de\/Karriere\/faq-2\/#breadcrumb"},"inLanguage":"de","potentialAction":[{"@type":"ReadAction","target":["https:\/\/www.norflex.de\/Karriere\/faq-2\/"]}]},{"@type":"BreadcrumbList","@id":"https:\/\/www.norflex.de\/Karriere\/faq-2\/#breadcrumb","itemListElement":[{"@type":"ListItem","position":1,"name":"Startseite","item":"https:\/\/www.norflex.de\/Karriere\/"},{"@type":"ListItem","position":2,"name":"FAQ"}]},{"@type":"WebSite","@id":"https:\/\/www.norflex.de\/Karriere\/#website","url":"https:\/\/www.norflex.de\/Karriere\/","name":"Norflex Karriere","description":"Jobs bei Norflex","potentialAction":[{"@type":"SearchAction","target":{"@type":"EntryPoint","urlTemplate":"https:\/\/www.norflex.de\/Karriere\/?s={search_term_string}"},"query-input":{"@type":"PropertyValueSpecification","valueRequired":true,"valueName":"search_term_string"}}],"inLanguage":"de"}]}},"_links":{"self":[{"href":"https:\/\/www.norflex.de\/Karriere\/wp-json\/wp\/v2\/pages\/134","targetHints":{"allow":["GET"]}}],"collection":[{"href":"https:\/\/www.norflex.de\/Karriere\/wp-json\/wp\/v2\/pages"}],"about":[{"href":"https:\/\/www.norflex.de\/Karriere\/wp-json\/wp\/v2\/types\/page"}],"author":[{"embeddable":true,"href":"https:\/\/www.norflex.de\/Karriere\/wp-json\/wp\/v2\/users\/1"}],"replies":[{"embeddable":true,"href":"https:\/\/www.norflex.de\/Karriere\/wp-json\/wp\/v2\/comments?post=134"}],"version-history":[{"count":5,"href":"https:\/\/www.norflex.de\/Karriere\/wp-json\/wp\/v2\/pages\/134\/revisions"}],"predecessor-version":[{"id":212,"href":"https:\/\/www.norflex.de\/Karriere\/wp-json\/wp\/v2\/pages\/134\/revisions\/212"}],"wp:attachment":[{"href":"https:\/\/www.norflex.de\/Karriere\/wp-json\/wp\/v2\/media?parent=134"}],"curies":[{"name":"wp","href":"https:\/\/api.w.org\/{rel}","templated":true}]}}