{"id":140,"date":"2023-11-05T16:25:38","date_gmt":"2023-11-05T15:25:38","guid":{"rendered":"https:\/\/www.norflex.de\/Karriere\/?page_id=140"},"modified":"2023-11-08T18:49:21","modified_gmt":"2023-11-08T17:49:21","slug":"was-wir-tun","status":"publish","type":"page","link":"https:\/\/www.norflex.de\/Karriere\/was-wir-tun\/","title":{"rendered":"Was wir tun"},"content":{"rendered":"<p>[et_pb_section fb_built=&#8220;1&#8243; _builder_version=&#8220;4.23&#8243; background_color=&#8220;#FFFFFF&#8220; background_image=&#8220;https:\/\/www.norflex.de\/Karriere\/wp-content\/uploads\/2023\/11\/NorflexProd3-Kopie.webp&#8220; global_colors_info=&#8220;{}&#8220;][et_pb_row _builder_version=&#8220;4.23&#8243; _module_preset=&#8220;default&#8220; custom_padding=&#8220;54px||38px|||&#8220; global_colors_info=&#8220;{}&#8220;][et_pb_column type=&#8220;4_4&#8243; _builder_version=&#8220;4.23&#8243; _module_preset=&#8220;default&#8220; background_color=&#8220;rgba(255,255,255,0.61)&#8220; transform_scale=&#8220;108%|108%&#8220; transform_origin=&#8220;10%|100%&#8220; custom_padding=&#8220;25px||15px|22px|false|false&#8220; global_colors_info=&#8220;{}&#8220;][et_pb_text _builder_version=&#8220;4.23&#8243; _module_preset=&#8220;default&#8220; header_font=&#8220;Roboto|900|on||||||&#8220; header_font_size=&#8220;48px&#8220; global_colors_info=&#8220;{}&#8220;]<\/p>\n<h1>Ergo.Fol Norflex<\/h1>\n<p>[\/et_pb_text][et_pb_text _builder_version=&#8220;4.23&#8243; _module_preset=&#8220;default&#8220; header_font=&#8220;Roboto|300|||||||&#8220; header_font_size=&#8220;48px&#8220; header_2_font=&#8220;||on||||||&#8220; header_2_text_color=&#8220;#014587&#8243; header_2_font_size=&#8220;39px&#8220; custom_margin=&#8220;||2px|||&#8220; hover_enabled=&#8220;0&#8243; global_colors_info=&#8220;{}&#8220; header_text_color=&#8220;#014587&#8243; sticky_enabled=&#8220;0&#8243;]<\/p>\n<h2>\u00a0advanced polystyrene films \u2014<\/h2>\n<p>[\/et_pb_text][et_pb_text _builder_version=&#8220;4.23&#8243; _module_preset=&#8220;default&#8220; header_font=&#8220;Roboto|300|||||||&#8220; header_font_size=&#8220;48px&#8220; header_2_font=&#8220;|700|on||||||&#8220; header_2_text_color=&#8220;#014587&#8243; header_2_font_size=&#8220;45px&#8220; custom_padding=&#8220;|||82px||&#8220; hover_enabled=&#8220;0&#8243; global_colors_info=&#8220;{}&#8220; header_text_color=&#8220;#014587&#8243; sticky_enabled=&#8220;0&#8243;]<\/p>\n<h2>advanced quality<\/h2>\n<p>[\/et_pb_text][\/et_pb_column][\/et_pb_row][\/et_pb_section][et_pb_section fb_built=&#8220;1&#8243; _builder_version=&#8220;4.23&#8243; _module_preset=&#8220;default&#8220; custom_padding=&#8220;||8px|||&#8220; global_colors_info=&#8220;{}&#8220;][et_pb_row _builder_version=&#8220;4.23&#8243; _module_preset=&#8220;default&#8220; global_colors_info=&#8220;{}&#8220;][et_pb_column type=&#8220;4_4&#8243; _builder_version=&#8220;4.23&#8243; _module_preset=&#8220;default&#8220; global_colors_info=&#8220;{}&#8220;][et_pb_text _builder_version=&#8220;4.23&#8243; _module_preset=&#8220;default&#8220; header_font=&#8220;||on||||||&#8220; header_text_color=&#8220;#014587&#8243; header_font_size=&#8220;54px&#8220; hover_enabled=&#8220;0&#8243; global_colors_info=&#8220;{}&#8220; sticky_enabled=&#8220;0&#8243;]<\/p>\n<h1 style=\"text-align: center;\">\u00dcBER UNS<br \/>_<\/h1>\n<p>[\/et_pb_text][\/et_pb_column][\/et_pb_row][\/et_pb_section][et_pb_section fb_built=&#8220;1&#8243; _builder_version=&#8220;4.23&#8243; _module_preset=&#8220;default&#8220; custom_padding=&#8220;13px|||||&#8220; global_colors_info=&#8220;{}&#8220;][et_pb_row column_structure=&#8220;1_2,1_2&#8243; _builder_version=&#8220;4.23&#8243; _module_preset=&#8220;default&#8220; global_colors_info=&#8220;{}&#8220;][et_pb_column type=&#8220;1_2&#8243; _builder_version=&#8220;4.23&#8243; _module_preset=&#8220;default&#8220; global_colors_info=&#8220;{}&#8220;][et_pb_text _builder_version=&#8220;4.23&#8243; _module_preset=&#8220;default&#8220; text_font_size=&#8220;18px&#8220; text_line_height=&#8220;1.6em&#8220; global_colors_info=&#8220;{}&#8220;]<\/p>\n<div class=\"vc_row wpb_row vc_row-fluid\">\n<div class=\"wpb_column vc_column_container vc_col-sm-6\">\n<div class=\"vc_column-inner\">\n<div class=\"wpb_wrapper\">\n<div class=\"wpb_text_column wpb_content_element \">\n<div class=\"wpb_wrapper\">\n<p>Seit fast 100 Jahren stellen wir als weltweit einer der ersten Produzenten \u00fcberhaupt <strong>biaxial orientierte Polystyrolfolie<\/strong> her.<\/p>\n<p>Die im eigenen Haus entwickelte Extrusionstechnik tr\u00e4gt ma\u00dfgeblich zur genauen Einstellung und Verbesserung der mechanischen Eigenschaften von Polystyrol bei.<\/p>\n<p>Unser umfangreiches Sortiment an Folien mit verschiedenen St\u00e4rken und Qualit\u00e4ten wird einerseits in der Lebensmittelindustrie als Zwischenlage zur Separierung von geschnittenem Rohschinken oder K\u00e4se eingesetzt. Andererseits produzieren wir Fensterfolien (teilweise mit antistatischer Ausr\u00fcstung), die in Briefkuverts oder Faltschachteln verwendet werden.<\/p>\n<\/div>\n<\/div>\n<\/div>\n<\/div>\n<\/div>\n<\/div>\n<p>[\/et_pb_text][\/et_pb_column][et_pb_column type=&#8220;1_2&#8243; _builder_version=&#8220;4.23&#8243; _module_preset=&#8220;default&#8220; global_colors_info=&#8220;{}&#8220;][et_pb_text _builder_version=&#8220;4.23&#8243; _module_preset=&#8220;default&#8220; text_font_size=&#8220;18px&#8220; text_line_height=&#8220;1.6em&#8220; global_colors_info=&#8220;{}&#8220;]<\/p>\n<div class=\"vc_row wpb_row vc_row-fluid\">\n<div class=\"wpb_column vc_column_container vc_col-sm-6\">\n<div class=\"vc_column-inner\">\n<div class=\"wpb_wrapper\">\n<div class=\"wpb_text_column wpb_content_element \">\n<div class=\"wpb_wrapper\">\n<p>Weiterhin stellen wir diverse styrolbasierte Spezialfolien f\u00fcr kundenspezifische Anwendungen her. Hier ist neben der Kabelisolierfolie besonders unsere einzigartige SAN-Folie zu nennen, die haupts\u00e4chlich f\u00fcr Inmould-Anwendungen eingesetzt wird.<\/p>\n<p>Wir haben es uns zur Aufgabe gemacht, die Produktion biaxial orientierter Polystrolfolien auf h\u00f6chstem Niveau fortzuf\u00fchren und die Weiterentwicklung voranzutreiben.<\/p>\n<\/div>\n<\/div>\n<\/div>\n<\/div>\n<\/div>\n<\/div>\n<p>[\/et_pb_text][\/et_pb_column][\/et_pb_row][et_pb_row _builder_version=&#8220;4.23&#8243; _module_preset=&#8220;default&#8220; global_colors_info=&#8220;{}&#8220;][et_pb_column type=&#8220;4_4&#8243; _builder_version=&#8220;4.23&#8243; _module_preset=&#8220;default&#8220; global_colors_info=&#8220;{}&#8220;][et_pb_button button_url=&#8220;https:\/\/www.norflex.de\/Karriere\/&#8220; button_text=&#8220;Zu den Stellenanzeigen&#8220; button_alignment=&#8220;center&#8220; _builder_version=&#8220;4.23&#8243; _module_preset=&#8220;default&#8220; global_colors_info=&#8220;{}&#8220;][\/et_pb_button][\/et_pb_column][\/et_pb_row][\/et_pb_section][et_pb_section fb_built=&#8220;1&#8243; _builder_version=&#8220;4.23&#8243; _module_preset=&#8220;default&#8220; background_image=&#8220;https:\/\/www.norflex.de\/Karriere\/wp-content\/uploads\/2023\/11\/NorflexProd3-Kopie.webp&#8220; global_colors_info=&#8220;{}&#8220;][et_pb_row _builder_version=&#8220;4.23&#8243; _module_preset=&#8220;default&#8220; custom_padding=&#8220;283px|||||&#8220; global_colors_info=&#8220;{}&#8220;][et_pb_column type=&#8220;4_4&#8243; _builder_version=&#8220;4.23&#8243; _module_preset=&#8220;default&#8220; global_colors_info=&#8220;{}&#8220;][\/et_pb_column][\/et_pb_row][\/et_pb_section][et_pb_section fb_built=&#8220;1&#8243; _builder_version=&#8220;4.23&#8243; _module_preset=&#8220;default&#8220; custom_padding=&#8220;21px|||||&#8220; global_colors_info=&#8220;{}&#8220;][et_pb_row _builder_version=&#8220;4.23&#8243; _module_preset=&#8220;default&#8220; global_colors_info=&#8220;{}&#8220;][et_pb_column type=&#8220;4_4&#8243; _builder_version=&#8220;4.23&#8243; _module_preset=&#8220;default&#8220; global_colors_info=&#8220;{}&#8220;][et_pb_text _builder_version=&#8220;4.23&#8243; _module_preset=&#8220;default&#8220; header_font=&#8220;||on||||||&#8220; header_text_color=&#8220;#0C71C3&#8243; header_font_size=&#8220;54px&#8220; global_colors_info=&#8220;{}&#8220;]<\/p>\n<h1 style=\"text-align: center;\">KONTAKT<br \/>_<\/h1>\n<p>[\/et_pb_text][\/et_pb_column][\/et_pb_row][et_pb_row column_structure=&#8220;1_2,1_2&#8243; _builder_version=&#8220;4.23&#8243; _module_preset=&#8220;default&#8220; global_colors_info=&#8220;{}&#8220;][et_pb_column type=&#8220;1_2&#8243; _builder_version=&#8220;4.23&#8243; _module_preset=&#8220;default&#8220; global_colors_info=&#8220;{}&#8220;][et_pb_text _builder_version=&#8220;4.23&#8243; _module_preset=&#8220;default&#8220; header_3_line_height=&#8220;1.4em&#8220; global_colors_info=&#8220;{}&#8220;]<\/p>\n<h3><strong>Ergo.fol Norflex\u00ae <br \/>(Betriebsst\u00e4tte Nordenham)<\/strong><\/h3>\n<p>Kabelstra\u00dfe 9-11<br \/>26954 Nordenham\/Germany<br \/>Tel\u00a0+ 49 (0) 47 31- 26 99- 0 \u00b7 Fax -28<\/p>\n<p><strong><a href=\"mailto:contact@norflex.de\" target=\"_blank\" rel=\"noopener noreferrer\">contact@norflex.de<br \/><\/a><a href=\"http:\/\/www.norflex.de\/\" target=\"_blank\" rel=\"noopener noreferrer\">www.norflex.de<\/a><\/strong><\/p>\n<p>[\/et_pb_text][\/et_pb_column][et_pb_column type=&#8220;1_2&#8243; _builder_version=&#8220;4.23&#8243; _module_preset=&#8220;default&#8220; global_colors_info=&#8220;{}&#8220;][et_pb_text _builder_version=&#8220;4.23&#8243; _module_preset=&#8220;default&#8220; global_colors_info=&#8220;{}&#8220;]<iframe src=\"https:\/\/www.google.com\/maps\/embed?pb=!1m18!1m12!1m3!1d2373.6531159288147!2d8.49178321313412!3d53.492527563659344!2m3!1f0!2f0!3f0!3m2!1i1024!2i768!4f13.1!3m3!1m2!1s0x47b6b9d88a2de729%3A0x5050e40ffcbad77e!2sErgo.fol%20Norflex%20GmbH!5e0!3m2!1sde!2spt!4v1699196473586!5m2!1sde!2spt\" width=\"600\" height=\"250\" style=\"border:0;\" allowfullscreen=\"\" loading=\"lazy\" referrerpolicy=\"no-referrer-when-downgrade\"><\/iframe>[\/et_pb_text][\/et_pb_column][\/et_pb_row][et_pb_row column_structure=&#8220;1_2,1_2&#8243; _builder_version=&#8220;4.23&#8243; _module_preset=&#8220;default&#8220; global_colors_info=&#8220;{}&#8220;][et_pb_column type=&#8220;1_2&#8243; _builder_version=&#8220;4.23&#8243; _module_preset=&#8220;default&#8220; global_colors_info=&#8220;{}&#8220;][et_pb_text _builder_version=&#8220;4.23&#8243; _module_preset=&#8220;default&#8220; header_3_line_height=&#8220;1.4em&#8220; global_colors_info=&#8220;{}&#8220;]<\/p>\n<h3><strong>Ergo.fol Norflex\u00ae<br \/>(Sitz des Unternehmens)<\/strong><\/h3>\n<p>Manchinger Stra\u00dfe 125<br \/>85053 Ingolstadt<br \/>Tel. : +49 (0) 841-659 159<br \/>Fax : +49 (0) 841- 659 210<\/p>\n<p><strong><a href=\"mailto:contact@norflex.de\" target=\"_blank\" rel=\"noopener noreferrer\">contact@norflex.de<br \/><\/a><a href=\"http:\/\/www.norflex.de\/\" target=\"_blank\" rel=\"noopener noreferrer\">www.norflex.de<\/a><\/strong><\/p>\n<p>[\/et_pb_text][\/et_pb_column][et_pb_column type=&#8220;1_2&#8243; _builder_version=&#8220;4.23&#8243; _module_preset=&#8220;default&#8220; global_colors_info=&#8220;{}&#8220;][et_pb_text _builder_version=&#8220;4.23&#8243; _module_preset=&#8220;default&#8220; global_colors_info=&#8220;{}&#8220;]<iframe src=\"https:\/\/www.google.com\/maps\/embed?pb=!1m18!1m12!1m3!1d2630.9138245364534!2d11.469892512973002!3d48.7453429085346!2m3!1f0!2f0!3f0!3m2!1i1024!2i768!4f13.1!3m3!1m2!1s0x479eff7c7f6e82cd%3A0x2e461c4333c3408!2sErgo.fol%20Norflex%20GmbH!5e0!3m2!1sde!2spt!4v1699196583550!5m2!1sde!2spt\" width=\"600\" height=\"250\" style=\"border:0;\" allowfullscreen=\"\" loading=\"lazy\" referrerpolicy=\"no-referrer-when-downgrade\"><\/iframe>[\/et_pb_text][\/et_pb_column][\/et_pb_row][\/et_pb_section]<\/p>\n","protected":false},"excerpt":{"rendered":"<p>Ergo.Fol Norflex\u00a0advanced polystyrene films \u2014advanced quality\u00dcBER UNS_ Seit fast 100 Jahren stellen wir als weltweit einer der ersten Produzenten \u00fcberhaupt biaxial orientierte Polystyrolfolie her. Die im eigenen Haus entwickelte Extrusionstechnik tr\u00e4gt ma\u00dfgeblich zur genauen Einstellung und Verbesserung der mechanischen Eigenschaften von Polystyrol bei. Unser umfangreiches Sortiment an Folien mit verschiedenen St\u00e4rken und Qualit\u00e4ten wird einerseits [&hellip;]<\/p>\n","protected":false},"author":1,"featured_media":0,"parent":0,"menu_order":0,"comment_status":"closed","ping_status":"open","template":"","meta":{"_et_pb_use_builder":"on","_et_pb_old_content":"<!-- wp:paragraph -->\n<p>Dies ist eine Beispiel-Seite. Sie unterscheidet sich von Beitr\u00e4gen, da sie stets an derselben Stelle bleibt und (bei den meisten Themes) in der Website-Navigation angezeigt wird. Die meisten starten mit einem Impressum, der Datenschutzerkl\u00e4rung oder einer \u201e\u00dcber&nbsp;uns\u201c-Seite, um sich potenziellen Besuchern der Website vorzustellen. Dort k\u00f6nnte zum Beispiel stehen:<\/p>\n<!-- \/wp:paragraph -->\n\n<!-- wp:quote -->\n<blockquote class=\"wp-block-quote\"><!-- wp:paragraph -->\n<p>Hallo! Tags\u00fcber arbeite ich als Fahrradkurier, nachts bin ich ein aufstrebender Schauspieler und dies hier ist meine Website. Ich lebe in Berlin, habe einen gro\u00dfen Hund namens Jack, mag Pi\u00f1a Coladas, jedoch weniger (ohne Schirm) im Regen stehen gelassen zu werden.<\/p>\n<!-- \/wp:paragraph --><\/blockquote>\n<!-- \/wp:quote -->\n\n<!-- wp:paragraph -->\n<p>...&nbsp;oder so etwas wie:<\/p>\n<!-- \/wp:paragraph -->\n\n<!-- wp:quote -->\n<blockquote class=\"wp-block-quote\"><!-- wp:paragraph -->\n<p>Das Unternehmen XYZ wurde 1971 gegr\u00fcndet und versorgt die \u00d6ffentlichkeit seither mit qualitativ hochwertigen Produkten. An seinem Standort in einer kleinen Gro\u00dfstadt besch\u00e4ftigt der Betrieb \u00fcber 2.000 Menschen und unterst\u00fctzt die Stadtbewohner in vielfacher Hinsicht.<\/p>\n<!-- \/wp:paragraph --><\/blockquote>\n<!-- \/wp:quote -->\n\n<!-- wp:paragraph -->\n<p>Als neuer WordPress-Benutzer solltest du <a href=\"https:\/\/www.norflex.de\/Karriere\/wp-admin\/\">dein Dashboard<\/a> aufrufen, um diese Seite zu l\u00f6schen und neue Seiten und Beitr\u00e4ge f\u00fcr deine Website erstellen. Viel Spa\u00df!<\/p>\n<!-- \/wp:paragraph -->","_et_gb_content_width":"","footnotes":""},"class_list":["post-140","page","type-page","status-publish","hentry"],"yoast_head":"<!-- This site is optimized with the Yoast SEO plugin v27.0 - https:\/\/yoast.com\/product\/yoast-seo-wordpress\/ -->\n<title>Was wir tun - Norflex Karriere<\/title>\n<meta name=\"robots\" content=\"index, follow, max-snippet:-1, max-image-preview:large, max-video-preview:-1\" \/>\n<link rel=\"canonical\" href=\"https:\/\/www.norflex.de\/Karriere\/was-wir-tun\/\" \/>\n<meta property=\"og:locale\" content=\"de_DE\" \/>\n<meta property=\"og:type\" content=\"article\" \/>\n<meta property=\"og:title\" content=\"Was wir tun - Norflex Karriere\" \/>\n<meta property=\"og:description\" content=\"Ergo.Fol Norflex\u00a0advanced polystyrene films \u2014advanced quality\u00dcBER UNS_ Seit fast 100 Jahren stellen wir als weltweit einer der ersten Produzenten \u00fcberhaupt biaxial orientierte Polystyrolfolie her. Die im eigenen Haus entwickelte Extrusionstechnik tr\u00e4gt ma\u00dfgeblich zur genauen Einstellung und Verbesserung der mechanischen Eigenschaften von Polystyrol bei. Unser umfangreiches Sortiment an Folien mit verschiedenen St\u00e4rken und Qualit\u00e4ten wird einerseits [&hellip;]\" \/>\n<meta property=\"og:url\" content=\"https:\/\/www.norflex.de\/Karriere\/was-wir-tun\/\" \/>\n<meta property=\"og:site_name\" content=\"Norflex Karriere\" \/>\n<meta property=\"article:modified_time\" content=\"2023-11-08T17:49:21+00:00\" \/>\n<meta name=\"twitter:card\" content=\"summary_large_image\" \/>\n<meta name=\"twitter:label1\" content=\"Gesch\u00e4tzte Lesezeit\" \/>\n\t<meta name=\"twitter:data1\" content=\"4\u00a0Minuten\" \/>\n<script type=\"application\/ld+json\" class=\"yoast-schema-graph\">{\"@context\":\"https:\/\/schema.org\",\"@graph\":[{\"@type\":\"WebPage\",\"@id\":\"https:\/\/www.norflex.de\/Karriere\/was-wir-tun\/\",\"url\":\"https:\/\/www.norflex.de\/Karriere\/was-wir-tun\/\",\"name\":\"Was wir tun - Norflex Karriere\",\"isPartOf\":{\"@id\":\"https:\/\/www.norflex.de\/Karriere\/#website\"},\"datePublished\":\"2023-11-05T15:25:38+00:00\",\"dateModified\":\"2023-11-08T17:49:21+00:00\",\"breadcrumb\":{\"@id\":\"https:\/\/www.norflex.de\/Karriere\/was-wir-tun\/#breadcrumb\"},\"inLanguage\":\"de\",\"potentialAction\":[{\"@type\":\"ReadAction\",\"target\":[\"https:\/\/www.norflex.de\/Karriere\/was-wir-tun\/\"]}]},{\"@type\":\"BreadcrumbList\",\"@id\":\"https:\/\/www.norflex.de\/Karriere\/was-wir-tun\/#breadcrumb\",\"itemListElement\":[{\"@type\":\"ListItem\",\"position\":1,\"name\":\"Startseite\",\"item\":\"https:\/\/www.norflex.de\/Karriere\/\"},{\"@type\":\"ListItem\",\"position\":2,\"name\":\"Was wir tun\"}]},{\"@type\":\"WebSite\",\"@id\":\"https:\/\/www.norflex.de\/Karriere\/#website\",\"url\":\"https:\/\/www.norflex.de\/Karriere\/\",\"name\":\"Norflex Karriere\",\"description\":\"Jobs bei Norflex\",\"potentialAction\":[{\"@type\":\"SearchAction\",\"target\":{\"@type\":\"EntryPoint\",\"urlTemplate\":\"https:\/\/www.norflex.de\/Karriere\/?s={search_term_string}\"},\"query-input\":{\"@type\":\"PropertyValueSpecification\",\"valueRequired\":true,\"valueName\":\"search_term_string\"}}],\"inLanguage\":\"de\"}]}<\/script>\n<!-- \/ Yoast SEO plugin. -->","yoast_head_json":{"title":"Was wir tun - Norflex Karriere","robots":{"index":"index","follow":"follow","max-snippet":"max-snippet:-1","max-image-preview":"max-image-preview:large","max-video-preview":"max-video-preview:-1"},"canonical":"https:\/\/www.norflex.de\/Karriere\/was-wir-tun\/","og_locale":"de_DE","og_type":"article","og_title":"Was wir tun - Norflex Karriere","og_description":"Ergo.Fol Norflex\u00a0advanced polystyrene films \u2014advanced quality\u00dcBER UNS_ Seit fast 100 Jahren stellen wir als weltweit einer der ersten Produzenten \u00fcberhaupt biaxial orientierte Polystyrolfolie her. Die im eigenen Haus entwickelte Extrusionstechnik tr\u00e4gt ma\u00dfgeblich zur genauen Einstellung und Verbesserung der mechanischen Eigenschaften von Polystyrol bei. Unser umfangreiches Sortiment an Folien mit verschiedenen St\u00e4rken und Qualit\u00e4ten wird einerseits [&hellip;]","og_url":"https:\/\/www.norflex.de\/Karriere\/was-wir-tun\/","og_site_name":"Norflex Karriere","article_modified_time":"2023-11-08T17:49:21+00:00","twitter_card":"summary_large_image","twitter_misc":{"Gesch\u00e4tzte Lesezeit":"4\u00a0Minuten"},"schema":{"@context":"https:\/\/schema.org","@graph":[{"@type":"WebPage","@id":"https:\/\/www.norflex.de\/Karriere\/was-wir-tun\/","url":"https:\/\/www.norflex.de\/Karriere\/was-wir-tun\/","name":"Was wir tun - Norflex Karriere","isPartOf":{"@id":"https:\/\/www.norflex.de\/Karriere\/#website"},"datePublished":"2023-11-05T15:25:38+00:00","dateModified":"2023-11-08T17:49:21+00:00","breadcrumb":{"@id":"https:\/\/www.norflex.de\/Karriere\/was-wir-tun\/#breadcrumb"},"inLanguage":"de","potentialAction":[{"@type":"ReadAction","target":["https:\/\/www.norflex.de\/Karriere\/was-wir-tun\/"]}]},{"@type":"BreadcrumbList","@id":"https:\/\/www.norflex.de\/Karriere\/was-wir-tun\/#breadcrumb","itemListElement":[{"@type":"ListItem","position":1,"name":"Startseite","item":"https:\/\/www.norflex.de\/Karriere\/"},{"@type":"ListItem","position":2,"name":"Was wir tun"}]},{"@type":"WebSite","@id":"https:\/\/www.norflex.de\/Karriere\/#website","url":"https:\/\/www.norflex.de\/Karriere\/","name":"Norflex Karriere","description":"Jobs bei Norflex","potentialAction":[{"@type":"SearchAction","target":{"@type":"EntryPoint","urlTemplate":"https:\/\/www.norflex.de\/Karriere\/?s={search_term_string}"},"query-input":{"@type":"PropertyValueSpecification","valueRequired":true,"valueName":"search_term_string"}}],"inLanguage":"de"}]}},"_links":{"self":[{"href":"https:\/\/www.norflex.de\/Karriere\/wp-json\/wp\/v2\/pages\/140","targetHints":{"allow":["GET"]}}],"collection":[{"href":"https:\/\/www.norflex.de\/Karriere\/wp-json\/wp\/v2\/pages"}],"about":[{"href":"https:\/\/www.norflex.de\/Karriere\/wp-json\/wp\/v2\/types\/page"}],"author":[{"embeddable":true,"href":"https:\/\/www.norflex.de\/Karriere\/wp-json\/wp\/v2\/users\/1"}],"replies":[{"embeddable":true,"href":"https:\/\/www.norflex.de\/Karriere\/wp-json\/wp\/v2\/comments?post=140"}],"version-history":[{"count":5,"href":"https:\/\/www.norflex.de\/Karriere\/wp-json\/wp\/v2\/pages\/140\/revisions"}],"predecessor-version":[{"id":208,"href":"https:\/\/www.norflex.de\/Karriere\/wp-json\/wp\/v2\/pages\/140\/revisions\/208"}],"wp:attachment":[{"href":"https:\/\/www.norflex.de\/Karriere\/wp-json\/wp\/v2\/media?parent=140"}],"curies":[{"name":"wp","href":"https:\/\/api.w.org\/{rel}","templated":true}]}}