{"id":561,"date":"2025-08-04T17:10:53","date_gmt":"2025-08-04T15:10:53","guid":{"rendered":"https:\/\/www.norflex.de\/Karriere\/?page_id=561"},"modified":"2026-03-23T17:24:16","modified_gmt":"2026-03-23T16:24:16","slug":"films-speciaux","status":"publish","type":"page","link":"https:\/\/www.norflex.de\/Karriere\/fr\/films-speciaux\/","title":{"rendered":"Films sp\u00e9ciaux"},"content":{"rendered":"<p>[et_pb_section fb_built=&#8220;1&#8243; admin_label=&#8220;Header&#8220; _builder_version=&#8220;4.25.2&#8243; _module_preset=&#8220;3ea94d65-db60-4662-b6a3-cb009b80e817&#8243; background_color_gradient_stops=&#8220;gcid-d119accd-44d7-4f2f-b9d7-599c8463324b 0%|rgba(255,255,255,0) 25%|rgba(7,33,48,0.6) 76%|#072130 100%&#8220; background_image=&#8220;https:\/\/www.norflex.de\/Karriere\/wp-content\/uploads\/2025\/04\/13-Kopie.webp&#8220; background_enable_image=&#8220;on&#8220; background_blend=&#8220;multiply&#8220; locked=&#8220;off&#8220; collapsed=&#8220;on&#8220; global_colors_info=&#8220;{%22gcid-1f1bf5fb-a99d-4acc-8d9e-ddac074c158c%22:%91%22background_color_gradient_stops%22,%22background_color_gradient_stops%22%93,%22gcid-4c79ba3d-a281-4fb6-9b14-02f9a4c793f2%22:%91%22background_color_gradient_stops%22,%22background_color_gradient_stops%22%93,%22gcid-688c464a-d6f2-4296-b592-395352c71c79%22:%91%22background_color_gradient_stops%22,%22background_color_gradient_stops%22%93,%22gcid-d119accd-44d7-4f2f-b9d7-599c8463324b%22:%91%22background_color_gradient_stops%22,%22background_color_gradient_stops%22%93}&#8220;][et_pb_row _builder_version=&#8220;4.25.1&#8243; _module_preset=&#8220;default&#8220; global_colors_info=&#8220;{}&#8220;][et_pb_column type=&#8220;4_4&#8243; _builder_version=&#8220;4.25.1&#8243; _module_preset=&#8220;default&#8220; global_colors_info=&#8220;{}&#8220;][et_pb_heading title=&#8220;Films sp\u00e9ciaux&#8220; _builder_version=&#8220;4.25.2&#8243; _module_preset=&#8220;c71dd9c6-53a9-4427-8752-856524f71224&#8243; title_text_align=&#8220;center&#8220; title_text_color=&#8220;#FFFFFF&#8220; custom_margin=&#8220;||10px||false|false&#8220; global_colors_info=&#8220;{}&#8220;][\/et_pb_heading][et_pb_text _builder_version=&#8220;4.25.2&#8243; _module_preset=&#8220;988f83ea-13d2-4ede-9559-40f824ff683a&#8220; text_text_color=&#8220;#FFFFFF&#8220; text_orientation=&#8220;center&#8220; global_colors_info=&#8220;{}&#8220;]<\/p>\n<p>Films sp\u00e9ciaux PS et SAN<\/p>\n<p>[\/et_pb_text][\/et_pb_column][\/et_pb_row][\/et_pb_section][et_pb_section fb_built=&#8220;1&#8243; admin_label=&#8220;Video&#8220; _builder_version=&#8220;4.25.1&#8243; _module_preset=&#8220;b340c9fb-3ed5-41c0-9221-b5adc03727ff&#8220; locked=&#8220;off&#8220; collapsed=&#8220;on&#8220;][et_pb_row column_structure=&#8220;1_2,1_2&#8243; _builder_version=&#8220;4.25.1&#8243; _module_preset=&#8220;default&#8220; locked=&#8220;off&#8220; global_colors_info=&#8220;{}&#8220;][et_pb_column type=&#8220;1_2&#8243; _builder_version=&#8220;4.25.1&#8243; _module_preset=&#8220;default&#8220; global_colors_info=&#8220;{}&#8220;][et_pb_heading title=&#8220;Films sp\u00e9ciaux PS&#8220; _builder_version=&#8220;4.25.2&#8243; _module_preset=&#8220;d47581d8-2254-4618-8bda-d3838391d1f3&#8243; custom_margin=&#8220;||10px||false|false&#8220; global_colors_info=&#8220;{}&#8220;][\/et_pb_heading][et_pb_text _builder_version=&#8220;4.25.2&#8243; _module_preset=&#8220;988f83ea-13d2-4ede-9559-40f824ff683a&#8220; custom_margin=&#8220;||10px||false|false&#8220; global_colors_info=&#8220;{}&#8220;]<\/p>\n<p>Pour les applications sp\u00e9ciales, nous proposons des films sp\u00e9ciaux en polystyr\u00e8ne \u00e0 orientation biaxiale.<\/p>\n<p>Nous produisons par exemple des films noirs \u00e0 pouvoir couvrant pour les besoins des philat\u00e9listes ainsi que des films sp\u00e9cialement r\u00e9silients pour le contrecollage.<\/p>\n<p>[\/et_pb_text][\/et_pb_column][et_pb_column type=&#8220;1_2&#8243; _builder_version=&#8220;4.25.1&#8243; _module_preset=&#8220;default&#8220; global_colors_info=&#8220;{}&#8220;][et_pb_image src=&#8220;https:\/\/www.norflex.de\/Karriere\/wp-content\/uploads\/2025\/08\/Rolle-schwarze-folie.webp&#8220; title_text=&#8220;Rolle schwarze folie&#8220; _builder_version=&#8220;4.25.2&#8243; _module_preset=&#8220;487ca9bd-6cd8-4223-b254-4d06ad068397&#8243; global_colors_info=&#8220;{}&#8220;][\/et_pb_image][\/et_pb_column][\/et_pb_row][\/et_pb_section][et_pb_section fb_built=&#8220;1&#8243; admin_label=&#8220;Call to Action&#8220; _builder_version=&#8220;4.25.2&#8243; _module_preset=&#8220;b340c9fb-3ed5-41c0-9221-b5adc03727ff&#8220; use_background_color_gradient=&#8220;on&#8220; background_color_gradient_type=&#8220;circular&#8220; background_color_gradient_direction_radial=&#8220;top left&#8220; background_color_gradient_stops=&#8220;rgba(255,255,255,0) 0%|gcid-2352d280-fe84-43b1-a71e-f400c35a526a 80%&#8220; background_color_gradient_overlays_image=&#8220;on&#8220; background_image=&#8220;https:\/\/www.norflex.de\/Karriere\/wp-content\/uploads\/2025\/04\/09-Kopie.webp&#8220; collapsed=&#8220;on&#8220; global_colors_info=&#8220;{%22gcid-2352d280-fe84-43b1-a71e-f400c35a526a%22:%91%22background_color_gradient_stops%22%93}&#8220; theme_builder_area=&#8220;post_content&#8220;][et_pb_row column_structure=&#8220;1_2,1_2&#8243; _builder_version=&#8220;4.27.6&#8243; _module_preset=&#8220;default&#8220; background_color=&#8220;#014587&#8243; custom_padding=&#8220;30px|||23px|false|false&#8220; border_radii=&#8220;on|50px|50px|50px|50px&#8220; global_colors_info=&#8220;{}&#8220; theme_builder_area=&#8220;post_content&#8220;][et_pb_column type=&#8220;1_2&#8243; _builder_version=&#8220;4.25.2&#8243; _module_preset=&#8220;28e45746-8db9-4f46-a10f-b6eb47dc3fe7&#8243; global_colors_info=&#8220;{}&#8220; theme_builder_area=&#8220;post_content&#8220;][et_pb_image src=&#8220;https:\/\/www.norflex.de\/Karriere\/wp-content\/uploads\/2026\/01\/Messbecher-500p.webp&#8220; title_text=&#8220;Messbecher-500p&#8220; _builder_version=&#8220;4.27.4&#8243; _module_preset=&#8220;default&#8220; width=&#8220;73%&#8220; module_alignment=&#8220;center&#8220; global_colors_info=&#8220;{}&#8220; theme_builder_area=&#8220;post_content&#8220;][\/et_pb_image][et_pb_image src=&#8220;https:\/\/www.norflex.de\/Karriere\/wp-content\/uploads\/2025\/08\/tablett-mit-chilli-scaled.webp&#8220; title_text=&#8220;tablett mit chilli&#8220; _builder_version=&#8220;4.25.2&#8243; _module_preset=&#8220;default&#8220; global_colors_info=&#8220;{}&#8220; theme_builder_area=&#8220;post_content&#8220;][\/et_pb_image][et_pb_image src=&#8220;https:\/\/www.norflex.de\/Karriere\/wp-content\/uploads\/2026\/01\/Joghurt500p.webp&#8220; title_text=&#8220;Joghurt500p&#8220; _builder_version=&#8220;4.27.4&#8243; _module_preset=&#8220;default&#8220; width=&#8220;45%&#8220; module_alignment=&#8220;center&#8220; global_colors_info=&#8220;{}&#8220; theme_builder_area=&#8220;post_content&#8220;][\/et_pb_image][\/et_pb_column][et_pb_column type=&#8220;1_2&#8243; _builder_version=&#8220;4.25.2&#8243; _module_preset=&#8220;default&#8220; custom_padding=&#8220;40px||||false|false&#8220; custom_padding_tablet=&#8220;0px||||false|false&#8220; custom_padding_phone=&#8220;0px||||false|false&#8220; custom_padding_last_edited=&#8220;on|tablet&#8220; global_colors_info=&#8220;{}&#8220; theme_builder_area=&#8220;post_content&#8220;][et_pb_heading title=&#8220;SAN&#8220; _builder_version=&#8220;4.27.6&#8243; _module_preset=&#8220;d47581d8-2254-4618-8bda-d3838391d1f3&#8243; title_text_color=&#8220;#FFFFFF&#8220; background_color=&#8220;RGBA(255,255,255,0)&#8220; custom_margin=&#8220;||10px||false|false&#8220; global_colors_info=&#8220;{}&#8220; theme_builder_area=&#8220;post_content&#8220;][\/et_pb_heading][et_pb_text _builder_version=&#8220;4.25.2&#8243; _module_preset=&#8220;b7d7e62f-0181-4001-99da-b048c28e602c&#8220; global_colors_info=&#8220;{}&#8220; theme_builder_area=&#8220;post_content&#8220;]<\/p>\n<p>Le styr\u00e8ne-acrylonitrile est un copolym\u00e8re en styr\u00e8ne et en acrylonitrile similaire au polystyr\u00e8ne dans sa structure et ses propri\u00e9t\u00e9s.<\/p>\n<p>L\u2019usage principal de ce film unique en son genre est le Inmould-Labeling, soit la pulv\u00e9risation \u00e0 l\u2019arri\u00e8re du film d\u2019un plastique liquide dans un moule de moulage par injection. Lors de ce processus, le film se scelle \u00e0 de nombreux plastiques classiques, tels que l\u2019ABS ou le PC.<\/p>\n<p>La rigidit\u00e9 \u00e9lev\u00e9e de la surface, la r\u00e9sistance chimique et la r\u00e9sistance en lave-vaisselle caract\u00e9risent le produit. De plus, ce type de film est utilis\u00e9 pour la d\u00e9coration durable d\u2019ustensiles de cuisine, tels que des verres doseurs ou des tablettes.<\/p>\n<p>[\/et_pb_text][\/et_pb_column][\/et_pb_row][\/et_pb_section][et_pb_section fb_built=&#8220;1&#8243; admin_label=&#8220;Footer&#8220; _builder_version=&#8220;4.27.6&#8243; _module_preset=&#8220;d41b4ed5-6c47-4e4d-97c0-8de510fe2463&#8243; hover_enabled=&#8220;0&#8243; saved_tabs=&#8220;all&#8220; locked=&#8220;off&#8220; collapsed=&#8220;on&#8220; global_colors_info=&#8220;{%22gcid-1f1bf5fb-a99d-4acc-8d9e-ddac074c158c%22:%91%22background_color_gradient_stops%22%93,%22gcid-a78660e1-cfc7-4771-a566-6834d6a7f06a%22:%91%22background_color_gradient_stops%22%93,%22gcid-24b0db87-dafa-47d9-995f-b90181e18c52%22:%91%22background_color_gradient_stops%22%93}&#8220; background_color=&#8220;#FFFFFF&#8220; sticky_enabled=&#8220;0&#8243;][et_pb_row column_structure=&#8220;1_2,1_2&#8243; _builder_version=&#8220;4.25.1&#8243; _module_preset=&#8220;default&#8220; locked=&#8220;off&#8220; global_colors_info=&#8220;{}&#8220;][et_pb_column type=&#8220;1_2&#8243; _builder_version=&#8220;4.25.1&#8243; _module_preset=&#8220;default&#8220; global_colors_info=&#8220;{}&#8220;][et_pb_image src=&#8220;@ET-DC@eyJkeW5hbWljIjp0cnVlLCJjb250ZW50Ijoic2l0ZV9sb2dvIiwic2V0dGluZ3MiOnt9fQ==@&#8220; title_text=&#8220;divi-logo-mark-white&#8220; url=&#8220;@ET-DC@eyJkeW5hbWljIjp0cnVlLCJjb250ZW50IjoiaG9tZV91cmwiLCJzZXR0aW5ncyI6e319@&#8220; align=&#8220;center&#8220; _builder_version=&#8220;4.25.2&#8243; _dynamic_attributes=&#8220;src,url&#8220; _module_preset=&#8220;default&#8220; max_height=&#8220;64px&#8220; custom_margin=&#8220;||20px||false|false&#8220; global_colors_info=&#8220;{}&#8220;][\/et_pb_image][\/et_pb_column][et_pb_column type=&#8220;1_2&#8243; _builder_version=&#8220;4.25.1&#8243; _module_preset=&#8220;default&#8220; global_colors_info=&#8220;{}&#8220;][et_pb_text _builder_version=&#8220;4.27.6&#8243; _module_preset=&#8220;default&#8220; text_text_color=&#8220;#014587&#8243; hover_enabled=&#8220;0&#8243; global_colors_info=&#8220;{}&#8220; sticky_enabled=&#8220;0&#8243;]<\/p>\n<p><strong>Ergo.fol Norflex\u00ae (Betriebsst\u00e4tte Nordenham)<br \/><\/strong>Kabelstra\u00dfe\u00a09-11<br \/>26954 Nordenham\/Germany<br \/>contact@norflex.de<br \/>Tel\u00a0+ 49 (0) 47 31- 26 99- 0 \u00b7 Fax -28<\/p>\n<p>[\/et_pb_text][\/et_pb_column][\/et_pb_row][\/et_pb_section]<\/p>\n","protected":false},"excerpt":{"rendered":"<p>Films sp\u00e9ciaux PS et SANPour les applications sp\u00e9ciales, nous proposons des films sp\u00e9ciaux en polystyr\u00e8ne \u00e0 orientation biaxiale. Nous produisons par exemple des films noirs \u00e0 pouvoir couvrant pour les besoins des philat\u00e9listes ainsi que des films sp\u00e9cialement r\u00e9silients pour le contrecollage.Le styr\u00e8ne-acrylonitrile est un copolym\u00e8re en styr\u00e8ne et en acrylonitrile similaire au polystyr\u00e8ne dans [&hellip;]<\/p>\n","protected":false},"author":1,"featured_media":0,"parent":0,"menu_order":0,"comment_status":"closed","ping_status":"closed","template":"","meta":{"_et_pb_use_builder":"on","_et_pb_old_content":"","_et_gb_content_width":"","footnotes":""},"class_list":["post-561","page","type-page","status-publish","hentry"],"yoast_head":"<!-- This site is optimized with the Yoast SEO plugin v27.0 - https:\/\/yoast.com\/product\/yoast-seo-wordpress\/ -->\n<title>Films sp\u00e9ciaux - Norflex Karriere<\/title>\n<meta name=\"robots\" content=\"index, follow, max-snippet:-1, max-image-preview:large, max-video-preview:-1\" \/>\n<link rel=\"canonical\" href=\"https:\/\/www.norflex.de\/Karriere\/fr\/films-speciaux\/\" \/>\n<meta property=\"og:locale\" content=\"de_DE\" \/>\n<meta property=\"og:type\" content=\"article\" \/>\n<meta property=\"og:title\" content=\"Films sp\u00e9ciaux - Norflex Karriere\" \/>\n<meta property=\"og:description\" content=\"Films sp\u00e9ciaux PS et SANPour les applications sp\u00e9ciales, nous proposons des films sp\u00e9ciaux en polystyr\u00e8ne \u00e0 orientation biaxiale. Nous produisons par exemple des films noirs \u00e0 pouvoir couvrant pour les besoins des philat\u00e9listes ainsi que des films sp\u00e9cialement r\u00e9silients pour le contrecollage.Le styr\u00e8ne-acrylonitrile est un copolym\u00e8re en styr\u00e8ne et en acrylonitrile similaire au polystyr\u00e8ne dans [&hellip;]\" \/>\n<meta property=\"og:url\" content=\"https:\/\/www.norflex.de\/Karriere\/fr\/films-speciaux\/\" \/>\n<meta property=\"og:site_name\" content=\"Norflex Karriere\" \/>\n<meta property=\"article:modified_time\" content=\"2026-03-23T16:24:16+00:00\" \/>\n<meta name=\"twitter:card\" content=\"summary_large_image\" \/>\n<meta name=\"twitter:label1\" content=\"Gesch\u00e4tzte Lesezeit\" \/>\n\t<meta name=\"twitter:data1\" content=\"2\u00a0Minuten\" \/>\n<script type=\"application\/ld+json\" class=\"yoast-schema-graph\">{\"@context\":\"https:\/\/schema.org\",\"@graph\":[{\"@type\":\"WebPage\",\"@id\":\"https:\/\/www.norflex.de\/Karriere\/fr\/films-speciaux\/\",\"url\":\"https:\/\/www.norflex.de\/Karriere\/fr\/films-speciaux\/\",\"name\":\"Films sp\u00e9ciaux - Norflex Karriere\",\"isPartOf\":{\"@id\":\"https:\/\/www.norflex.de\/Karriere\/#website\"},\"datePublished\":\"2025-08-04T15:10:53+00:00\",\"dateModified\":\"2026-03-23T16:24:16+00:00\",\"breadcrumb\":{\"@id\":\"https:\/\/www.norflex.de\/Karriere\/fr\/films-speciaux\/#breadcrumb\"},\"inLanguage\":\"de\",\"potentialAction\":[{\"@type\":\"ReadAction\",\"target\":[\"https:\/\/www.norflex.de\/Karriere\/fr\/films-speciaux\/\"]}]},{\"@type\":\"BreadcrumbList\",\"@id\":\"https:\/\/www.norflex.de\/Karriere\/fr\/films-speciaux\/#breadcrumb\",\"itemListElement\":[{\"@type\":\"ListItem\",\"position\":1,\"name\":\"Startseite\",\"item\":\"https:\/\/www.norflex.de\/Karriere\/\"},{\"@type\":\"ListItem\",\"position\":2,\"name\":\"Films sp\u00e9ciaux\"}]},{\"@type\":\"WebSite\",\"@id\":\"https:\/\/www.norflex.de\/Karriere\/#website\",\"url\":\"https:\/\/www.norflex.de\/Karriere\/\",\"name\":\"Norflex Karriere\",\"description\":\"Jobs bei Norflex\",\"potentialAction\":[{\"@type\":\"SearchAction\",\"target\":{\"@type\":\"EntryPoint\",\"urlTemplate\":\"https:\/\/www.norflex.de\/Karriere\/?s={search_term_string}\"},\"query-input\":{\"@type\":\"PropertyValueSpecification\",\"valueRequired\":true,\"valueName\":\"search_term_string\"}}],\"inLanguage\":\"de\"}]}<\/script>\n<!-- \/ Yoast SEO plugin. -->","yoast_head_json":{"title":"Films sp\u00e9ciaux - Norflex Karriere","robots":{"index":"index","follow":"follow","max-snippet":"max-snippet:-1","max-image-preview":"max-image-preview:large","max-video-preview":"max-video-preview:-1"},"canonical":"https:\/\/www.norflex.de\/Karriere\/fr\/films-speciaux\/","og_locale":"de_DE","og_type":"article","og_title":"Films sp\u00e9ciaux - Norflex Karriere","og_description":"Films sp\u00e9ciaux PS et SANPour les applications sp\u00e9ciales, nous proposons des films sp\u00e9ciaux en polystyr\u00e8ne \u00e0 orientation biaxiale. Nous produisons par exemple des films noirs \u00e0 pouvoir couvrant pour les besoins des philat\u00e9listes ainsi que des films sp\u00e9cialement r\u00e9silients pour le contrecollage.Le styr\u00e8ne-acrylonitrile est un copolym\u00e8re en styr\u00e8ne et en acrylonitrile similaire au polystyr\u00e8ne dans [&hellip;]","og_url":"https:\/\/www.norflex.de\/Karriere\/fr\/films-speciaux\/","og_site_name":"Norflex Karriere","article_modified_time":"2026-03-23T16:24:16+00:00","twitter_card":"summary_large_image","twitter_misc":{"Gesch\u00e4tzte Lesezeit":"2\u00a0Minuten"},"schema":{"@context":"https:\/\/schema.org","@graph":[{"@type":"WebPage","@id":"https:\/\/www.norflex.de\/Karriere\/fr\/films-speciaux\/","url":"https:\/\/www.norflex.de\/Karriere\/fr\/films-speciaux\/","name":"Films sp\u00e9ciaux - Norflex Karriere","isPartOf":{"@id":"https:\/\/www.norflex.de\/Karriere\/#website"},"datePublished":"2025-08-04T15:10:53+00:00","dateModified":"2026-03-23T16:24:16+00:00","breadcrumb":{"@id":"https:\/\/www.norflex.de\/Karriere\/fr\/films-speciaux\/#breadcrumb"},"inLanguage":"de","potentialAction":[{"@type":"ReadAction","target":["https:\/\/www.norflex.de\/Karriere\/fr\/films-speciaux\/"]}]},{"@type":"BreadcrumbList","@id":"https:\/\/www.norflex.de\/Karriere\/fr\/films-speciaux\/#breadcrumb","itemListElement":[{"@type":"ListItem","position":1,"name":"Startseite","item":"https:\/\/www.norflex.de\/Karriere\/"},{"@type":"ListItem","position":2,"name":"Films sp\u00e9ciaux"}]},{"@type":"WebSite","@id":"https:\/\/www.norflex.de\/Karriere\/#website","url":"https:\/\/www.norflex.de\/Karriere\/","name":"Norflex Karriere","description":"Jobs bei Norflex","potentialAction":[{"@type":"SearchAction","target":{"@type":"EntryPoint","urlTemplate":"https:\/\/www.norflex.de\/Karriere\/?s={search_term_string}"},"query-input":{"@type":"PropertyValueSpecification","valueRequired":true,"valueName":"search_term_string"}}],"inLanguage":"de"}]}},"_links":{"self":[{"href":"https:\/\/www.norflex.de\/Karriere\/wp-json\/wp\/v2\/pages\/561","targetHints":{"allow":["GET"]}}],"collection":[{"href":"https:\/\/www.norflex.de\/Karriere\/wp-json\/wp\/v2\/pages"}],"about":[{"href":"https:\/\/www.norflex.de\/Karriere\/wp-json\/wp\/v2\/types\/page"}],"author":[{"embeddable":true,"href":"https:\/\/www.norflex.de\/Karriere\/wp-json\/wp\/v2\/users\/1"}],"replies":[{"embeddable":true,"href":"https:\/\/www.norflex.de\/Karriere\/wp-json\/wp\/v2\/comments?post=561"}],"version-history":[{"count":4,"href":"https:\/\/www.norflex.de\/Karriere\/wp-json\/wp\/v2\/pages\/561\/revisions"}],"predecessor-version":[{"id":995,"href":"https:\/\/www.norflex.de\/Karriere\/wp-json\/wp\/v2\/pages\/561\/revisions\/995"}],"wp:attachment":[{"href":"https:\/\/www.norflex.de\/Karriere\/wp-json\/wp\/v2\/media?parent=561"}],"curies":[{"name":"wp","href":"https:\/\/api.w.org\/{rel}","templated":true}]}}