{"id":605,"date":"2025-08-05T16:47:37","date_gmt":"2025-08-05T14:47:37","guid":{"rendered":"https:\/\/www.norflex.de\/Karriere\/?page_id=605"},"modified":"2026-03-23T17:33:02","modified_gmt":"2026-03-23T16:33:02","slug":"innovations","status":"publish","type":"page","link":"https:\/\/www.norflex.de\/Karriere\/fr\/innovations\/","title":{"rendered":"Innovations"},"content":{"rendered":"<p>[et_pb_section fb_built=&#8220;1&#8243; admin_label=&#8220;Header&#8220; _builder_version=&#8220;4.25.2&#8243; _module_preset=&#8220;e681b530-4768-49d7-8d5d-a9f8883e7e8c&#8220; background_color_gradient_stops=&#8220;gcid-d119accd-44d7-4f2f-b9d7-599c8463324b 0%|rgba(255,255,255,0) 25%|rgba(7,33,48,0.6) 76%|#072130 100%&#8220; background_image=&#8220;https:\/\/www.norflex.de\/Karriere\/wp-content\/uploads\/2025\/08\/Innovation.webp&#8220; background_enable_image=&#8220;on&#8220; locked=&#8220;off&#8220; collapsed=&#8220;on&#8220; global_colors_info=&#8220;{%22gcid-1f1bf5fb-a99d-4acc-8d9e-ddac074c158c%22:%91%22background_color_gradient_stops%22,%22background_color_gradient_stops%22%93,%22gcid-4c79ba3d-a281-4fb6-9b14-02f9a4c793f2%22:%91%22background_color_gradient_stops%22,%22background_color_gradient_stops%22%93,%22gcid-688c464a-d6f2-4296-b592-395352c71c79%22:%91%22background_color_gradient_stops%22,%22background_color_gradient_stops%22%93,%22gcid-d119accd-44d7-4f2f-b9d7-599c8463324b%22:%91%22background_color_gradient_stops%22,%22background_color_gradient_stops%22%93}&#8220;][et_pb_row _builder_version=&#8220;4.25.1&#8243; _module_preset=&#8220;default&#8220; custom_padding=&#8220;||468px|||&#8220; global_colors_info=&#8220;{}&#8220;][et_pb_column type=&#8220;4_4&#8243; _builder_version=&#8220;4.25.1&#8243; _module_preset=&#8220;default&#8220; global_colors_info=&#8220;{}&#8220;][et_pb_heading title=&#8220;Innovations&#8220; _builder_version=&#8220;4.25.2&#8243; _module_preset=&#8220;b0e5adf0-7dcc-4166-9390-7d469b89ef8c&#8220; title_text_align=&#8220;center&#8220; title_text_color=&#8220;#FFFFFF&#8220; custom_margin=&#8220;||10px||false|false&#8220; global_colors_info=&#8220;{}&#8220;][\/et_pb_heading][et_pb_text _builder_version=&#8220;4.25.2&#8243; _module_preset=&#8220;b132fae6-6d76-49ae-8d27-0dc715e00383&#8243; text_text_color=&#8220;#FFFFFF&#8220; text_orientation=&#8220;center&#8220; global_colors_info=&#8220;{}&#8220;]<\/p>\n<p>D\u00e9veloppement rapide et flexible<\/p>\n<p>[\/et_pb_text][\/et_pb_column][\/et_pb_row][\/et_pb_section][et_pb_section fb_built=&#8220;1&#8243; admin_label=&#8220;Video&#8220; _builder_version=&#8220;4.25.1&#8243; _module_preset=&#8220;3d42b4f0-9b37-422e-a73b-c8c34f10d6d7&#8243; locked=&#8220;off&#8220; collapsed=&#8220;on&#8220;][et_pb_row column_structure=&#8220;1_2,1_2&#8243; _builder_version=&#8220;4.25.1&#8243; _module_preset=&#8220;default&#8220; locked=&#8220;off&#8220; global_colors_info=&#8220;{}&#8220;][et_pb_column type=&#8220;1_2&#8243; _builder_version=&#8220;4.25.1&#8243; _module_preset=&#8220;default&#8220; global_colors_info=&#8220;{}&#8220;][et_pb_heading title=&#8220;De la premi\u00e8re id\u00e9e jusqu\u2019\u00e0 la production en s\u00e9rie&#8220; _builder_version=&#8220;4.25.2&#8243; _module_preset=&#8220;0e5d4dab-2e3d-4969-8bba-34ea84f2abb9&#8243; custom_margin=&#8220;||10px||false|false&#8220; global_colors_info=&#8220;{}&#8220;][\/et_pb_heading][et_pb_text _builder_version=&#8220;4.25.2&#8243; _module_preset=&#8220;b132fae6-6d76-49ae-8d27-0dc715e00383&#8243; custom_margin=&#8220;||10px||false|false&#8220; global_colors_info=&#8220;{}&#8220;]<\/p>\n<div class=\"vc_row wpb_row vc_row-fluid\">\n<div class=\"wpb_column vc_column_container vc_col-sm-12\">\n<div class=\"vc_column-inner\">\n<div class=\"wpb_wrapper\">\n<div class=\"wpb_text_column wpb_content_element \">\n<div class=\"wpb_wrapper\">\n<p>Gr\u00e2ce au d\u00e9veloppement rapide et flexible de produits existants et \u00e0 la cr\u00e9ation de nouvelles solutions en interne, nous nous adaptons en permanence aux conditions du march\u00e9 et aux souhaits de nos clients.<\/p>\n<p>Cela se fait en \u00e9troite collaboration entre nos collaborateurs et le client. Nous sommes en mesure de garantir \u00e0 nos clients un b\u00e9n\u00e9fice optimal et une efficacit\u00e9 maximale.<\/p>\n<p>Pour vos projets et applications sp\u00e9ciales, nous sommes bien entendu \u00e0 votre disposition et vous accompagnons de la premi\u00e8re id\u00e9e jusqu\u2019\u00e0 la production en s\u00e9rie.<\/p>\n<p>Nous assurons non seulement la mise en \u0153uvre technique, mais nous vous offrons \u00e9galement un outil efficace pour le positionnement et la diff\u00e9renciation de vos produits sur le march\u00e9.<\/p>\n<\/div>\n<\/div>\n<\/div>\n<\/div>\n<\/div>\n<\/div>\n<p>[\/et_pb_text][\/et_pb_column][et_pb_column type=&#8220;1_2&#8243; _builder_version=&#8220;4.25.1&#8243; _module_preset=&#8220;default&#8220; global_colors_info=&#8220;{}&#8220;][et_pb_button button_text=&#8220;Kontakt&#8220; _builder_version=&#8220;4.27.6&#8243; _module_preset=&#8220;8c7b273c-b14e-4870-bf77-eede747d59bd&#8220; hover_enabled=&#8220;0&#8243; global_colors_info=&#8220;{}&#8220; button_url=&#8220;@ET-DC@eyJkeW5hbWljIjp0cnVlLCJjb250ZW50IjoicG9zdF9saW5rX3VybF9wYWdlIiwic2V0dGluZ3MiOnsicG9zdF9pZCI6IjgxNCJ9fQ==@&#8220; _dynamic_attributes=&#8220;button_url&#8220; sticky_enabled=&#8220;0&#8243;][\/et_pb_button][et_pb_image src=&#8220;https:\/\/www.norflex.de\/Karriere\/wp-content\/uploads\/2025\/04\/Roll16-Adwords.jpg&#8220; title_text=&#8220;Roll16 Adwords&#8220; _builder_version=&#8220;4.25.2&#8243; _module_preset=&#8220;default&#8220; global_colors_info=&#8220;{}&#8220;][\/et_pb_image][\/et_pb_column][\/et_pb_row][\/et_pb_section][et_pb_section fb_built=&#8220;1&#8243; admin_label=&#8220;Footer&#8220; _builder_version=&#8220;4.27.6&#8243; _module_preset=&#8220;d41b4ed5-6c47-4e4d-97c0-8de510fe2463&#8243; hover_enabled=&#8220;0&#8243; saved_tabs=&#8220;all&#8220; locked=&#8220;off&#8220; collapsed=&#8220;on&#8220; global_colors_info=&#8220;{%22gcid-1f1bf5fb-a99d-4acc-8d9e-ddac074c158c%22:%91%22background_color_gradient_stops%22%93,%22gcid-a78660e1-cfc7-4771-a566-6834d6a7f06a%22:%91%22background_color_gradient_stops%22%93,%22gcid-24b0db87-dafa-47d9-995f-b90181e18c52%22:%91%22background_color_gradient_stops%22%93}&#8220; background_color=&#8220;#FFFFFF&#8220; sticky_enabled=&#8220;0&#8243;][et_pb_row column_structure=&#8220;1_2,1_2&#8243; _builder_version=&#8220;4.25.1&#8243; _module_preset=&#8220;default&#8220; locked=&#8220;off&#8220; global_colors_info=&#8220;{}&#8220;][et_pb_column type=&#8220;1_2&#8243; _builder_version=&#8220;4.25.1&#8243; _module_preset=&#8220;default&#8220; global_colors_info=&#8220;{}&#8220;][et_pb_image src=&#8220;@ET-DC@eyJkeW5hbWljIjp0cnVlLCJjb250ZW50Ijoic2l0ZV9sb2dvIiwic2V0dGluZ3MiOnt9fQ==@&#8220; title_text=&#8220;divi-logo-mark-white&#8220; url=&#8220;@ET-DC@eyJkeW5hbWljIjp0cnVlLCJjb250ZW50IjoiaG9tZV91cmwiLCJzZXR0aW5ncyI6e319@&#8220; align=&#8220;center&#8220; _builder_version=&#8220;4.25.2&#8243; _dynamic_attributes=&#8220;src,url&#8220; _module_preset=&#8220;default&#8220; max_height=&#8220;64px&#8220; custom_margin=&#8220;||20px||false|false&#8220; global_colors_info=&#8220;{}&#8220;][\/et_pb_image][\/et_pb_column][et_pb_column type=&#8220;1_2&#8243; _builder_version=&#8220;4.25.1&#8243; _module_preset=&#8220;default&#8220; global_colors_info=&#8220;{}&#8220;][et_pb_text _builder_version=&#8220;4.27.6&#8243; _module_preset=&#8220;default&#8220; text_text_color=&#8220;#014587&#8243; hover_enabled=&#8220;0&#8243; global_colors_info=&#8220;{}&#8220; sticky_enabled=&#8220;0&#8243;]<\/p>\n<p><strong>Ergo.fol Norflex\u00ae (Betriebsst\u00e4tte Nordenham)<br \/><\/strong>Kabelstra\u00dfe\u00a09-11<br \/>26954 Nordenham\/Germany<br \/>contact@norflex.de<br \/>Tel\u00a0+ 49 (0) 47 31- 26 99- 0 \u00b7 Fax -28<\/p>\n<p>[\/et_pb_text][\/et_pb_column][\/et_pb_row][\/et_pb_section]<\/p>\n","protected":false},"excerpt":{"rendered":"<p>D\u00e9veloppement rapide et flexible Gr\u00e2ce au d\u00e9veloppement rapide et flexible de produits existants et \u00e0 la cr\u00e9ation de nouvelles solutions en interne, nous nous adaptons en permanence aux conditions du march\u00e9 et aux souhaits de nos clients. Cela se fait en \u00e9troite collaboration entre nos collaborateurs et le client. Nous sommes en mesure de garantir [&hellip;]<\/p>\n","protected":false},"author":1,"featured_media":0,"parent":0,"menu_order":0,"comment_status":"closed","ping_status":"closed","template":"","meta":{"_et_pb_use_builder":"on","_et_pb_old_content":"","_et_gb_content_width":"","footnotes":""},"class_list":["post-605","page","type-page","status-publish","hentry"],"yoast_head":"<!-- This site is optimized with the Yoast SEO plugin v27.0 - https:\/\/yoast.com\/product\/yoast-seo-wordpress\/ -->\n<title>Innovations - Norflex Karriere<\/title>\n<meta name=\"robots\" content=\"index, follow, max-snippet:-1, max-image-preview:large, max-video-preview:-1\" \/>\n<link rel=\"canonical\" href=\"https:\/\/www.norflex.de\/Karriere\/fr\/innovations\/\" \/>\n<meta property=\"og:locale\" content=\"de_DE\" \/>\n<meta property=\"og:type\" content=\"article\" \/>\n<meta property=\"og:title\" content=\"Innovations - Norflex Karriere\" \/>\n<meta property=\"og:description\" content=\"D\u00e9veloppement rapide et flexible Gr\u00e2ce au d\u00e9veloppement rapide et flexible de produits existants et \u00e0 la cr\u00e9ation de nouvelles solutions en interne, nous nous adaptons en permanence aux conditions du march\u00e9 et aux souhaits de nos clients. Cela se fait en \u00e9troite collaboration entre nos collaborateurs et le client. Nous sommes en mesure de garantir [&hellip;]\" \/>\n<meta property=\"og:url\" content=\"https:\/\/www.norflex.de\/Karriere\/fr\/innovations\/\" \/>\n<meta property=\"og:site_name\" content=\"Norflex Karriere\" \/>\n<meta property=\"article:modified_time\" content=\"2026-03-23T16:33:02+00:00\" \/>\n<meta name=\"twitter:card\" content=\"summary_large_image\" \/>\n<meta name=\"twitter:label1\" content=\"Gesch\u00e4tzte Lesezeit\" \/>\n\t<meta name=\"twitter:data1\" content=\"2\u00a0Minuten\" \/>\n<script type=\"application\/ld+json\" class=\"yoast-schema-graph\">{\"@context\":\"https:\/\/schema.org\",\"@graph\":[{\"@type\":\"WebPage\",\"@id\":\"https:\/\/www.norflex.de\/Karriere\/fr\/innovations\/\",\"url\":\"https:\/\/www.norflex.de\/Karriere\/fr\/innovations\/\",\"name\":\"Innovations - Norflex Karriere\",\"isPartOf\":{\"@id\":\"https:\/\/www.norflex.de\/Karriere\/#website\"},\"datePublished\":\"2025-08-05T14:47:37+00:00\",\"dateModified\":\"2026-03-23T16:33:02+00:00\",\"breadcrumb\":{\"@id\":\"https:\/\/www.norflex.de\/Karriere\/fr\/innovations\/#breadcrumb\"},\"inLanguage\":\"de\",\"potentialAction\":[{\"@type\":\"ReadAction\",\"target\":[\"https:\/\/www.norflex.de\/Karriere\/fr\/innovations\/\"]}]},{\"@type\":\"BreadcrumbList\",\"@id\":\"https:\/\/www.norflex.de\/Karriere\/fr\/innovations\/#breadcrumb\",\"itemListElement\":[{\"@type\":\"ListItem\",\"position\":1,\"name\":\"Startseite\",\"item\":\"https:\/\/www.norflex.de\/Karriere\/\"},{\"@type\":\"ListItem\",\"position\":2,\"name\":\"Innovations\"}]},{\"@type\":\"WebSite\",\"@id\":\"https:\/\/www.norflex.de\/Karriere\/#website\",\"url\":\"https:\/\/www.norflex.de\/Karriere\/\",\"name\":\"Norflex Karriere\",\"description\":\"Jobs bei Norflex\",\"potentialAction\":[{\"@type\":\"SearchAction\",\"target\":{\"@type\":\"EntryPoint\",\"urlTemplate\":\"https:\/\/www.norflex.de\/Karriere\/?s={search_term_string}\"},\"query-input\":{\"@type\":\"PropertyValueSpecification\",\"valueRequired\":true,\"valueName\":\"search_term_string\"}}],\"inLanguage\":\"de\"}]}<\/script>\n<!-- \/ Yoast SEO plugin. -->","yoast_head_json":{"title":"Innovations - Norflex Karriere","robots":{"index":"index","follow":"follow","max-snippet":"max-snippet:-1","max-image-preview":"max-image-preview:large","max-video-preview":"max-video-preview:-1"},"canonical":"https:\/\/www.norflex.de\/Karriere\/fr\/innovations\/","og_locale":"de_DE","og_type":"article","og_title":"Innovations - Norflex Karriere","og_description":"D\u00e9veloppement rapide et flexible Gr\u00e2ce au d\u00e9veloppement rapide et flexible de produits existants et \u00e0 la cr\u00e9ation de nouvelles solutions en interne, nous nous adaptons en permanence aux conditions du march\u00e9 et aux souhaits de nos clients. Cela se fait en \u00e9troite collaboration entre nos collaborateurs et le client. Nous sommes en mesure de garantir [&hellip;]","og_url":"https:\/\/www.norflex.de\/Karriere\/fr\/innovations\/","og_site_name":"Norflex Karriere","article_modified_time":"2026-03-23T16:33:02+00:00","twitter_card":"summary_large_image","twitter_misc":{"Gesch\u00e4tzte Lesezeit":"2\u00a0Minuten"},"schema":{"@context":"https:\/\/schema.org","@graph":[{"@type":"WebPage","@id":"https:\/\/www.norflex.de\/Karriere\/fr\/innovations\/","url":"https:\/\/www.norflex.de\/Karriere\/fr\/innovations\/","name":"Innovations - Norflex Karriere","isPartOf":{"@id":"https:\/\/www.norflex.de\/Karriere\/#website"},"datePublished":"2025-08-05T14:47:37+00:00","dateModified":"2026-03-23T16:33:02+00:00","breadcrumb":{"@id":"https:\/\/www.norflex.de\/Karriere\/fr\/innovations\/#breadcrumb"},"inLanguage":"de","potentialAction":[{"@type":"ReadAction","target":["https:\/\/www.norflex.de\/Karriere\/fr\/innovations\/"]}]},{"@type":"BreadcrumbList","@id":"https:\/\/www.norflex.de\/Karriere\/fr\/innovations\/#breadcrumb","itemListElement":[{"@type":"ListItem","position":1,"name":"Startseite","item":"https:\/\/www.norflex.de\/Karriere\/"},{"@type":"ListItem","position":2,"name":"Innovations"}]},{"@type":"WebSite","@id":"https:\/\/www.norflex.de\/Karriere\/#website","url":"https:\/\/www.norflex.de\/Karriere\/","name":"Norflex Karriere","description":"Jobs bei Norflex","potentialAction":[{"@type":"SearchAction","target":{"@type":"EntryPoint","urlTemplate":"https:\/\/www.norflex.de\/Karriere\/?s={search_term_string}"},"query-input":{"@type":"PropertyValueSpecification","valueRequired":true,"valueName":"search_term_string"}}],"inLanguage":"de"}]}},"_links":{"self":[{"href":"https:\/\/www.norflex.de\/Karriere\/wp-json\/wp\/v2\/pages\/605","targetHints":{"allow":["GET"]}}],"collection":[{"href":"https:\/\/www.norflex.de\/Karriere\/wp-json\/wp\/v2\/pages"}],"about":[{"href":"https:\/\/www.norflex.de\/Karriere\/wp-json\/wp\/v2\/types\/page"}],"author":[{"embeddable":true,"href":"https:\/\/www.norflex.de\/Karriere\/wp-json\/wp\/v2\/users\/1"}],"replies":[{"embeddable":true,"href":"https:\/\/www.norflex.de\/Karriere\/wp-json\/wp\/v2\/comments?post=605"}],"version-history":[{"count":4,"href":"https:\/\/www.norflex.de\/Karriere\/wp-json\/wp\/v2\/pages\/605\/revisions"}],"predecessor-version":[{"id":1007,"href":"https:\/\/www.norflex.de\/Karriere\/wp-json\/wp\/v2\/pages\/605\/revisions\/1007"}],"wp:attachment":[{"href":"https:\/\/www.norflex.de\/Karriere\/wp-json\/wp\/v2\/media?parent=605"}],"curies":[{"name":"wp","href":"https:\/\/api.w.org\/{rel}","templated":true}]}}