{"id":630,"date":"2025-08-07T15:45:30","date_gmt":"2025-08-07T13:45:30","guid":{"rendered":"https:\/\/www.norflex.de\/Karriere\/?page_id=630"},"modified":"2026-03-23T17:29:10","modified_gmt":"2026-03-23T16:29:10","slug":"avantages","status":"publish","type":"page","link":"https:\/\/www.norflex.de\/Karriere\/fr\/avantages\/","title":{"rendered":"Avantages"},"content":{"rendered":"<p>[et_pb_section fb_built=&#8220;1&#8243; admin_label=&#8220;Header &#038; Video&#8220; _builder_version=&#8220;4.25.2&#8243; _module_preset=&#8220;642760ba-7de6-4baa-b7bb-efb8b06af807&#8243; background_image=&#8220;https:\/\/www.norflex.de\/Karriere\/wp-content\/uploads\/2025\/04\/15-Kopie.webp&#8220; custom_margin=&#8220;||||false|false&#8220; locked=&#8220;off&#8220; collapsed=&#8220;on&#8220; global_colors_info=&#8220;{%22gcid-1f1bf5fb-a99d-4acc-8d9e-ddac074c158c%22:%91%22background_color_gradient_stops%22%93,%22gcid-a78660e1-cfc7-4771-a566-6834d6a7f06a%22:%91%22background_color_gradient_stops%22%93,%22gcid-24b0db87-dafa-47d9-995f-b90181e18c52%22:%91%22background_color_gradient_stops%22%93}&#8220;][et_pb_row _builder_version=&#8220;4.25.1&#8243; _module_preset=&#8220;default&#8220; custom_margin=&#8220;|auto|189px|auto||&#8220; global_colors_info=&#8220;{}&#8220;][et_pb_column type=&#8220;4_4&#8243; _builder_version=&#8220;4.25.1&#8243; _module_preset=&#8220;default&#8220; global_colors_info=&#8220;{}&#8220;][et_pb_heading title=&#8220;Avantages&#8220; _builder_version=&#8220;4.25.2&#8243; _module_preset=&#8220;2bff8db7-b5f4-42ba-81b2-7ee3bb87b112&#8243; title_text_color=&#8220;#FFFFFF&#8220; custom_margin=&#8220;||10px||false|false&#8220; global_colors_info=&#8220;{}&#8220;][\/et_pb_heading][\/et_pb_column][\/et_pb_row][\/et_pb_section][et_pb_section fb_built=&#8220;1&#8243; admin_label=&#8220;Features&#8220; _builder_version=&#8220;4.25.1&#8243; _module_preset=&#8220;f7609415-4a24-4e96-aacf-7ee84209554b&#8220; background_color=&#8220;gcid-ce695d38-7b45-4ff3-bae8-e54df8b6593b&#8220; locked=&#8220;off&#8220; collapsed=&#8220;on&#8220; global_colors_info=&#8220;{%22gcid-ce695d38-7b45-4ff3-bae8-e54df8b6593b%22:%91%22background_color%22%93}&#8220;][et_pb_row _builder_version=&#8220;4.25.1&#8243; _module_preset=&#8220;default&#8220; global_colors_info=&#8220;{}&#8220;][et_pb_column type=&#8220;4_4&#8243; _builder_version=&#8220;4.25.1&#8243; _module_preset=&#8220;default&#8220; global_colors_info=&#8220;{}&#8220;][et_pb_heading title=&#8220;Vos avantages&#8220; _builder_version=&#8220;4.25.2&#8243; _module_preset=&#8220;a95003f9-e6da-4d83-ac2c-afe9584de7de&#8220; title_text_align=&#8220;center&#8220; custom_margin=&#8220;||10px||false|false&#8220; global_colors_info=&#8220;{}&#8220;][\/et_pb_heading][\/et_pb_column][\/et_pb_row][et_pb_row column_structure=&#8220;1_3,1_3,1_3&#8243; _builder_version=&#8220;4.25.2&#8243; _module_preset=&#8220;default&#8220; global_colors_info=&#8220;{}&#8220;][et_pb_column type=&#8220;1_3&#8243; _builder_version=&#8220;4.25.2&#8243; _module_preset=&#8220;default&#8220; background_color=&#8220;RGBA(255,255,255,0)&#8220; global_colors_info=&#8220;{}&#8220;][et_pb_blurb title=&#8220;Flexibilit\u00e9&#8220; use_icon=&#8220;on&#8220; font_icon=&#8220;&#xf050;||fa||900&#8243; icon_color=&#8220;#FFFFFF&#8220; _builder_version=&#8220;4.25.2&#8243; _module_preset=&#8220;5b7bc6da-d1fd-4cb2-9155-98da9af9905f&#8220; background_color=&#8220;#014587&#8243; text_orientation=&#8220;center&#8220; global_colors_info=&#8220;{%22gcid-d7cd5a78-aaef-4f36-82a3-4d3706015cba%22:%91%22link_text_color%22,%22link_text_color%22,%22link_text_color%22%93,%22gcid-1f1b4e15-7cc6-4e13-8154-74d77a956460%22:%91%22link_text_color%22,%22quote_text_color%22,%22quote_border_color%22,%22link_text_color%22,%22quote_text_color%22,%22quote_border_color%22%93}&#8220;]<\/p>\n<p>Des processus de d\u00e9cision rapides d&#8217;une entreprise priv\u00e9e de taille moyenne ax\u00e9e sur la satisfaction client<\/p>\n<p>[\/et_pb_blurb][\/et_pb_column][et_pb_column type=&#8220;1_3&#8243; _builder_version=&#8220;4.25.2&#8243; _module_preset=&#8220;default&#8220; global_colors_info=&#8220;{}&#8220;][et_pb_blurb title=&#8220;S\u00e9curit\u00e9&#8220; use_icon=&#8220;on&#8220; font_icon=&#8220;&#xf3ca;||fa||400&#8243; icon_color=&#8220;#FFFFFF&#8220; _builder_version=&#8220;4.25.2&#8243; _module_preset=&#8220;5b7bc6da-d1fd-4cb2-9155-98da9af9905f&#8220; background_color=&#8220;gcid-4c79ba3d-a281-4fb6-9b14-02f9a4c793f2&#8243; text_orientation=&#8220;center&#8220; locked=&#8220;off&#8220; global_colors_info=&#8220;{%22gcid-d7cd5a78-aaef-4f36-82a3-4d3706015cba%22:%91%22link_text_color%22,%22link_text_color%22%93,%22gcid-1f1b4e15-7cc6-4e13-8154-74d77a956460%22:%91%22link_text_color%22,%22quote_text_color%22,%22quote_border_color%22,%22link_text_color%22,%22quote_text_color%22,%22quote_border_color%22%93,%22gcid-4c79ba3d-a281-4fb6-9b14-02f9a4c793f2%22:%91%22background_color%22%93}&#8220;]<\/p>\n<p>Plusieurs sites de production au sein du groupe d&#8217;entreprises<\/p>\n<p>[\/et_pb_blurb][\/et_pb_column][et_pb_column type=&#8220;1_3&#8243; _builder_version=&#8220;4.25.2&#8243; _module_preset=&#8220;default&#8220; global_colors_info=&#8220;{}&#8220;][et_pb_blurb title=&#8220;Investissements&#8220; use_icon=&#8220;on&#8220; font_icon=&#8220;&#xe039;||divi||400&#8243; icon_color=&#8220;#FFFFFF&#8220; _builder_version=&#8220;4.25.2&#8243; _module_preset=&#8220;5b7bc6da-d1fd-4cb2-9155-98da9af9905f&#8220; text_orientation=&#8220;center&#8220; locked=&#8220;off&#8220; global_colors_info=&#8220;{}&#8220;]<\/p>\n<p>Investissements continus pour l&#8217;am\u00e9lioration constante de diverses qualit\u00e9s destin\u00e9es \u00e0 de multiples applications<\/p>\n<p>[\/et_pb_blurb][\/et_pb_column][\/et_pb_row][et_pb_row column_structure=&#8220;1_3,1_3,1_3&#8243; _builder_version=&#8220;4.25.2&#8243; _module_preset=&#8220;default&#8220; global_colors_info=&#8220;{}&#8220;][et_pb_column type=&#8220;1_3&#8243; _builder_version=&#8220;4.25.2&#8243; _module_preset=&#8220;default&#8220; background_color=&#8220;RGBA(255,255,255,0)&#8220; global_colors_info=&#8220;{}&#8220;][et_pb_blurb title=&#8220;Comp\u00e9tence en fabrication&#8220; use_icon=&#8220;on&#8220; font_icon=&#8220;&#x2c;||divi||400&#8243; icon_color=&#8220;#FFFFFF&#8220; _builder_version=&#8220;4.25.2&#8243; _module_preset=&#8220;5b7bc6da-d1fd-4cb2-9155-98da9af9905f&#8220; header_font_size=&#8220;22px&#8220; background_color=&#8220;gcid-4c79ba3d-a281-4fb6-9b14-02f9a4c793f2&#8243; text_orientation=&#8220;center&#8220; locked=&#8220;off&#8220; global_colors_info=&#8220;{%22gcid-d7cd5a78-aaef-4f36-82a3-4d3706015cba%22:%91%22link_text_color%22,%22link_text_color%22%93,%22gcid-1f1b4e15-7cc6-4e13-8154-74d77a956460%22:%91%22link_text_color%22,%22quote_text_color%22,%22quote_border_color%22,%22link_text_color%22,%22quote_text_color%22,%22quote_border_color%22%93,%22gcid-4c79ba3d-a281-4fb6-9b14-02f9a4c793f2%22:%91%22background_color%22%93}&#8220;]<\/p>\n<p>Extrusion de films plats biorient\u00e9s<\/p>\n<p>[\/et_pb_blurb][\/et_pb_column][et_pb_column type=&#8220;1_3&#8243; _builder_version=&#8220;4.25.2&#8243; _module_preset=&#8220;default&#8220; global_colors_info=&#8220;{}&#8220;][et_pb_blurb title=&#8220;Savoir-faire et r\u00e9activit\u00e9&#8220; use_icon=&#8220;on&#8220; font_icon=&#8220;&#xf12b;||fa||900&#8243; icon_color=&#8220;#FFFFFF&#8220; _builder_version=&#8220;4.25.2&#8243; _module_preset=&#8220;5b7bc6da-d1fd-4cb2-9155-98da9af9905f&#8220; text_orientation=&#8220;center&#8220; locked=&#8220;off&#8220; global_colors_info=&#8220;{}&#8220;]<\/p>\n<p>Recherche et d\u00e9veloppement en interne, technique d&#8217;application propre, extrusion, fa\u00e7onnage, transformation, impression<\/p>\n<p>[\/et_pb_blurb][\/et_pb_column][et_pb_column type=&#8220;1_3&#8243; _builder_version=&#8220;4.25.2&#8243; _module_preset=&#8220;default&#8220; global_colors_info=&#8220;{}&#8220;][et_pb_blurb title=&#8220;Dimension internationale&#8220; use_icon=&#8220;on&#8220; font_icon=&#8220;&#xf57e;||fa||900&#8243; icon_color=&#8220;#FFFFFF&#8220; _builder_version=&#8220;4.25.2&#8243; _module_preset=&#8220;5b7bc6da-d1fd-4cb2-9155-98da9af9905f&#8220; background_color=&#8220;#014587&#8243; text_orientation=&#8220;center&#8220; global_colors_info=&#8220;{%22gcid-d7cd5a78-aaef-4f36-82a3-4d3706015cba%22:%91%22link_text_color%22,%22link_text_color%22,%22link_text_color%22%93,%22gcid-1f1b4e15-7cc6-4e13-8154-74d77a956460%22:%91%22link_text_color%22,%22quote_text_color%22,%22quote_border_color%22,%22link_text_color%22,%22quote_text_color%22,%22quote_border_color%22%93}&#8220;]<\/p>\n<p>Pr\u00e9sence sur les march\u00e9s mondiaux<\/p>\n<p>[\/et_pb_blurb][\/et_pb_column][\/et_pb_row][et_pb_row column_structure=&#8220;1_3,1_3,1_3&#8243; _builder_version=&#8220;4.25.2&#8243; _module_preset=&#8220;default&#8220; global_colors_info=&#8220;{}&#8220;][et_pb_column type=&#8220;1_3&#8243; _builder_version=&#8220;4.25.2&#8243; _module_preset=&#8220;default&#8220; background_color=&#8220;RGBA(255,255,255,0)&#8220; global_colors_info=&#8220;{}&#8220;][\/et_pb_column][et_pb_column type=&#8220;1_3&#8243; _builder_version=&#8220;4.25.2&#8243; _module_preset=&#8220;default&#8220; global_colors_info=&#8220;{}&#8220;][et_pb_blurb title=&#8220;Qualit\u00e9&#8220; use_icon=&#8220;on&#8220; font_icon=&#8220;&#xf164;||fa||900&#8243; icon_color=&#8220;#FFFFFF&#8220; _builder_version=&#8220;4.25.2&#8243; _module_preset=&#8220;5b7bc6da-d1fd-4cb2-9155-98da9af9905f&#8220; header_font_size=&#8220;22px&#8220; background_color=&#8220;gcid-4c79ba3d-a281-4fb6-9b14-02f9a4c793f2&#8243; text_orientation=&#8220;center&#8220; locked=&#8220;off&#8220; global_colors_info=&#8220;{%22gcid-d7cd5a78-aaef-4f36-82a3-4d3706015cba%22:%91%22link_text_color%22,%22link_text_color%22%93,%22gcid-1f1b4e15-7cc6-4e13-8154-74d77a956460%22:%91%22link_text_color%22,%22quote_text_color%22,%22quote_border_color%22,%22link_text_color%22,%22quote_text_color%22,%22quote_border_color%22%93,%22gcid-4c79ba3d-a281-4fb6-9b14-02f9a4c793f2%22:%91%22background_color%22%93}&#8220;]<\/p>\n<p>Syst\u00e8me de gestion de la qualit\u00e9 analogue, suivi actif d\u2019un processus d\u2019am\u00e9lioration continue (PAC) par l\u2019ensemble des collaborateurs<\/p>\n<p>[\/et_pb_blurb][\/et_pb_column][et_pb_column type=&#8220;1_3&#8243; _builder_version=&#8220;4.25.2&#8243; _module_preset=&#8220;default&#8220; global_colors_info=&#8220;{}&#8220;][\/et_pb_column][\/et_pb_row][\/et_pb_section][et_pb_section fb_built=&#8220;1&#8243; admin_label=&#8220;Footer&#8220; _builder_version=&#8220;4.27.6&#8243; _module_preset=&#8220;d41b4ed5-6c47-4e4d-97c0-8de510fe2463&#8243; hover_enabled=&#8220;0&#8243; saved_tabs=&#8220;all&#8220; locked=&#8220;off&#8220; collapsed=&#8220;on&#8220; global_colors_info=&#8220;{%22gcid-1f1bf5fb-a99d-4acc-8d9e-ddac074c158c%22:%91%22background_color_gradient_stops%22%93,%22gcid-a78660e1-cfc7-4771-a566-6834d6a7f06a%22:%91%22background_color_gradient_stops%22%93,%22gcid-24b0db87-dafa-47d9-995f-b90181e18c52%22:%91%22background_color_gradient_stops%22%93}&#8220; background_color=&#8220;#FFFFFF&#8220; sticky_enabled=&#8220;0&#8243;][et_pb_row column_structure=&#8220;1_2,1_2&#8243; _builder_version=&#8220;4.25.1&#8243; _module_preset=&#8220;default&#8220; locked=&#8220;off&#8220; global_colors_info=&#8220;{}&#8220;][et_pb_column type=&#8220;1_2&#8243; _builder_version=&#8220;4.25.1&#8243; _module_preset=&#8220;default&#8220; global_colors_info=&#8220;{}&#8220;][et_pb_image src=&#8220;@ET-DC@eyJkeW5hbWljIjp0cnVlLCJjb250ZW50Ijoic2l0ZV9sb2dvIiwic2V0dGluZ3MiOnt9fQ==@&#8220; title_text=&#8220;divi-logo-mark-white&#8220; url=&#8220;@ET-DC@eyJkeW5hbWljIjp0cnVlLCJjb250ZW50IjoiaG9tZV91cmwiLCJzZXR0aW5ncyI6e319@&#8220; align=&#8220;center&#8220; _builder_version=&#8220;4.25.2&#8243; _dynamic_attributes=&#8220;src,url&#8220; _module_preset=&#8220;default&#8220; max_height=&#8220;64px&#8220; custom_margin=&#8220;||20px||false|false&#8220; global_colors_info=&#8220;{}&#8220;][\/et_pb_image][\/et_pb_column][et_pb_column type=&#8220;1_2&#8243; _builder_version=&#8220;4.25.1&#8243; _module_preset=&#8220;default&#8220; global_colors_info=&#8220;{}&#8220;][et_pb_text _builder_version=&#8220;4.27.6&#8243; _module_preset=&#8220;default&#8220; text_text_color=&#8220;#014587&#8243; hover_enabled=&#8220;0&#8243; global_colors_info=&#8220;{}&#8220; sticky_enabled=&#8220;0&#8243;]<\/p>\n<p><strong>Ergo.fol Norflex\u00ae (Betriebsst\u00e4tte Nordenham)<br \/><\/strong>Kabelstra\u00dfe\u00a09-11<br \/>26954 Nordenham\/Germany<br \/>contact@norflex.de<br \/>Tel\u00a0+ 49 (0) 47 31- 26 99- 0 \u00b7 Fax -28<\/p>\n<p>[\/et_pb_text][\/et_pb_column][\/et_pb_row][\/et_pb_section]<\/p>\n","protected":false},"excerpt":{"rendered":"<p>Des processus de d\u00e9cision rapides d&#8217;une entreprise priv\u00e9e de taille moyenne ax\u00e9e sur la satisfaction clientPlusieurs sites de production au sein du groupe d&#8217;entreprisesInvestissements continus pour l&#8217;am\u00e9lioration constante de diverses qualit\u00e9s destin\u00e9es \u00e0 de multiples applicationsExtrusion de films plats biorient\u00e9sRecherche et d\u00e9veloppement en interne, technique d&#8217;application propre, extrusion, fa\u00e7onnage, transformation, impressionPr\u00e9sence sur les march\u00e9s mondiauxSyst\u00e8me [&hellip;]<\/p>\n","protected":false},"author":1,"featured_media":0,"parent":0,"menu_order":0,"comment_status":"closed","ping_status":"closed","template":"","meta":{"_et_pb_use_builder":"on","_et_pb_old_content":"","_et_gb_content_width":"","footnotes":""},"class_list":["post-630","page","type-page","status-publish","hentry"],"yoast_head":"<!-- This site is optimized with the Yoast SEO plugin v27.0 - https:\/\/yoast.com\/product\/yoast-seo-wordpress\/ -->\n<title>Avantages - Norflex Karriere<\/title>\n<meta name=\"robots\" content=\"index, follow, max-snippet:-1, max-image-preview:large, max-video-preview:-1\" \/>\n<link rel=\"canonical\" href=\"https:\/\/www.norflex.de\/Karriere\/fr\/avantages\/\" \/>\n<meta property=\"og:locale\" content=\"de_DE\" \/>\n<meta property=\"og:type\" content=\"article\" \/>\n<meta property=\"og:title\" content=\"Avantages - Norflex Karriere\" \/>\n<meta property=\"og:description\" content=\"Des processus de d\u00e9cision rapides d&#039;une entreprise priv\u00e9e de taille moyenne ax\u00e9e sur la satisfaction clientPlusieurs sites de production au sein du groupe d&#039;entreprisesInvestissements continus pour l&#039;am\u00e9lioration constante de diverses qualit\u00e9s destin\u00e9es \u00e0 de multiples applicationsExtrusion de films plats biorient\u00e9sRecherche et d\u00e9veloppement en interne, technique d&#039;application propre, extrusion, fa\u00e7onnage, transformation, impressionPr\u00e9sence sur les march\u00e9s mondiauxSyst\u00e8me [&hellip;]\" \/>\n<meta property=\"og:url\" content=\"https:\/\/www.norflex.de\/Karriere\/fr\/avantages\/\" \/>\n<meta property=\"og:site_name\" content=\"Norflex Karriere\" \/>\n<meta property=\"article:modified_time\" content=\"2026-03-23T16:29:10+00:00\" \/>\n<meta name=\"twitter:card\" content=\"summary_large_image\" \/>\n<meta name=\"twitter:label1\" content=\"Gesch\u00e4tzte Lesezeit\" \/>\n\t<meta name=\"twitter:data1\" content=\"1\u00a0Minute\" \/>\n<script type=\"application\/ld+json\" class=\"yoast-schema-graph\">{\"@context\":\"https:\/\/schema.org\",\"@graph\":[{\"@type\":\"WebPage\",\"@id\":\"https:\/\/www.norflex.de\/Karriere\/fr\/avantages\/\",\"url\":\"https:\/\/www.norflex.de\/Karriere\/fr\/avantages\/\",\"name\":\"Avantages - Norflex Karriere\",\"isPartOf\":{\"@id\":\"https:\/\/www.norflex.de\/Karriere\/#website\"},\"datePublished\":\"2025-08-07T13:45:30+00:00\",\"dateModified\":\"2026-03-23T16:29:10+00:00\",\"breadcrumb\":{\"@id\":\"https:\/\/www.norflex.de\/Karriere\/fr\/avantages\/#breadcrumb\"},\"inLanguage\":\"de\",\"potentialAction\":[{\"@type\":\"ReadAction\",\"target\":[\"https:\/\/www.norflex.de\/Karriere\/fr\/avantages\/\"]}]},{\"@type\":\"BreadcrumbList\",\"@id\":\"https:\/\/www.norflex.de\/Karriere\/fr\/avantages\/#breadcrumb\",\"itemListElement\":[{\"@type\":\"ListItem\",\"position\":1,\"name\":\"Startseite\",\"item\":\"https:\/\/www.norflex.de\/Karriere\/\"},{\"@type\":\"ListItem\",\"position\":2,\"name\":\"Avantages\"}]},{\"@type\":\"WebSite\",\"@id\":\"https:\/\/www.norflex.de\/Karriere\/#website\",\"url\":\"https:\/\/www.norflex.de\/Karriere\/\",\"name\":\"Norflex Karriere\",\"description\":\"Jobs bei Norflex\",\"potentialAction\":[{\"@type\":\"SearchAction\",\"target\":{\"@type\":\"EntryPoint\",\"urlTemplate\":\"https:\/\/www.norflex.de\/Karriere\/?s={search_term_string}\"},\"query-input\":{\"@type\":\"PropertyValueSpecification\",\"valueRequired\":true,\"valueName\":\"search_term_string\"}}],\"inLanguage\":\"de\"}]}<\/script>\n<!-- \/ Yoast SEO plugin. -->","yoast_head_json":{"title":"Avantages - Norflex Karriere","robots":{"index":"index","follow":"follow","max-snippet":"max-snippet:-1","max-image-preview":"max-image-preview:large","max-video-preview":"max-video-preview:-1"},"canonical":"https:\/\/www.norflex.de\/Karriere\/fr\/avantages\/","og_locale":"de_DE","og_type":"article","og_title":"Avantages - Norflex Karriere","og_description":"Des processus de d\u00e9cision rapides d'une entreprise priv\u00e9e de taille moyenne ax\u00e9e sur la satisfaction clientPlusieurs sites de production au sein du groupe d'entreprisesInvestissements continus pour l'am\u00e9lioration constante de diverses qualit\u00e9s destin\u00e9es \u00e0 de multiples applicationsExtrusion de films plats biorient\u00e9sRecherche et d\u00e9veloppement en interne, technique d'application propre, extrusion, fa\u00e7onnage, transformation, impressionPr\u00e9sence sur les march\u00e9s mondiauxSyst\u00e8me [&hellip;]","og_url":"https:\/\/www.norflex.de\/Karriere\/fr\/avantages\/","og_site_name":"Norflex Karriere","article_modified_time":"2026-03-23T16:29:10+00:00","twitter_card":"summary_large_image","twitter_misc":{"Gesch\u00e4tzte Lesezeit":"1\u00a0Minute"},"schema":{"@context":"https:\/\/schema.org","@graph":[{"@type":"WebPage","@id":"https:\/\/www.norflex.de\/Karriere\/fr\/avantages\/","url":"https:\/\/www.norflex.de\/Karriere\/fr\/avantages\/","name":"Avantages - Norflex Karriere","isPartOf":{"@id":"https:\/\/www.norflex.de\/Karriere\/#website"},"datePublished":"2025-08-07T13:45:30+00:00","dateModified":"2026-03-23T16:29:10+00:00","breadcrumb":{"@id":"https:\/\/www.norflex.de\/Karriere\/fr\/avantages\/#breadcrumb"},"inLanguage":"de","potentialAction":[{"@type":"ReadAction","target":["https:\/\/www.norflex.de\/Karriere\/fr\/avantages\/"]}]},{"@type":"BreadcrumbList","@id":"https:\/\/www.norflex.de\/Karriere\/fr\/avantages\/#breadcrumb","itemListElement":[{"@type":"ListItem","position":1,"name":"Startseite","item":"https:\/\/www.norflex.de\/Karriere\/"},{"@type":"ListItem","position":2,"name":"Avantages"}]},{"@type":"WebSite","@id":"https:\/\/www.norflex.de\/Karriere\/#website","url":"https:\/\/www.norflex.de\/Karriere\/","name":"Norflex Karriere","description":"Jobs bei Norflex","potentialAction":[{"@type":"SearchAction","target":{"@type":"EntryPoint","urlTemplate":"https:\/\/www.norflex.de\/Karriere\/?s={search_term_string}"},"query-input":{"@type":"PropertyValueSpecification","valueRequired":true,"valueName":"search_term_string"}}],"inLanguage":"de"}]}},"_links":{"self":[{"href":"https:\/\/www.norflex.de\/Karriere\/wp-json\/wp\/v2\/pages\/630","targetHints":{"allow":["GET"]}}],"collection":[{"href":"https:\/\/www.norflex.de\/Karriere\/wp-json\/wp\/v2\/pages"}],"about":[{"href":"https:\/\/www.norflex.de\/Karriere\/wp-json\/wp\/v2\/types\/page"}],"author":[{"embeddable":true,"href":"https:\/\/www.norflex.de\/Karriere\/wp-json\/wp\/v2\/users\/1"}],"replies":[{"embeddable":true,"href":"https:\/\/www.norflex.de\/Karriere\/wp-json\/wp\/v2\/comments?post=630"}],"version-history":[{"count":4,"href":"https:\/\/www.norflex.de\/Karriere\/wp-json\/wp\/v2\/pages\/630\/revisions"}],"predecessor-version":[{"id":1002,"href":"https:\/\/www.norflex.de\/Karriere\/wp-json\/wp\/v2\/pages\/630\/revisions\/1002"}],"wp:attachment":[{"href":"https:\/\/www.norflex.de\/Karriere\/wp-json\/wp\/v2\/media?parent=630"}],"curies":[{"name":"wp","href":"https:\/\/api.w.org\/{rel}","templated":true}]}}