{"id":636,"date":"2025-08-07T15:57:15","date_gmt":"2025-08-07T13:57:15","guid":{"rendered":"https:\/\/www.norflex.de\/Karriere\/?page_id=636"},"modified":"2026-03-23T17:29:56","modified_gmt":"2026-03-23T16:29:56","slug":"ventajas","status":"publish","type":"page","link":"https:\/\/www.norflex.de\/Karriere\/es\/ventajas\/","title":{"rendered":"Ventajas"},"content":{"rendered":"<p>[et_pb_section fb_built=&#8220;1&#8243; admin_label=&#8220;Header &#038; Video&#8220; _builder_version=&#8220;4.25.2&#8243; _module_preset=&#8220;642760ba-7de6-4baa-b7bb-efb8b06af807&#8243; background_image=&#8220;https:\/\/www.norflex.de\/Karriere\/wp-content\/uploads\/2025\/04\/15-Kopie.webp&#8220; custom_margin=&#8220;||||false|false&#8220; locked=&#8220;off&#8220; collapsed=&#8220;on&#8220; global_colors_info=&#8220;{%22gcid-1f1bf5fb-a99d-4acc-8d9e-ddac074c158c%22:%91%22background_color_gradient_stops%22%93,%22gcid-a78660e1-cfc7-4771-a566-6834d6a7f06a%22:%91%22background_color_gradient_stops%22%93,%22gcid-24b0db87-dafa-47d9-995f-b90181e18c52%22:%91%22background_color_gradient_stops%22%93}&#8220;][et_pb_row _builder_version=&#8220;4.25.1&#8243; _module_preset=&#8220;default&#8220; custom_margin=&#8220;|auto|189px|auto||&#8220; global_colors_info=&#8220;{}&#8220;][et_pb_column type=&#8220;4_4&#8243; _builder_version=&#8220;4.25.1&#8243; _module_preset=&#8220;default&#8220; global_colors_info=&#8220;{}&#8220;][et_pb_heading title=&#8220;Ventajas&#8220; _builder_version=&#8220;4.25.2&#8243; _module_preset=&#8220;2bff8db7-b5f4-42ba-81b2-7ee3bb87b112&#8243; title_text_color=&#8220;#FFFFFF&#8220; custom_margin=&#8220;||10px||false|false&#8220; global_colors_info=&#8220;{}&#8220;][\/et_pb_heading][\/et_pb_column][\/et_pb_row][\/et_pb_section][et_pb_section fb_built=&#8220;1&#8243; admin_label=&#8220;Features&#8220; _builder_version=&#8220;4.25.1&#8243; _module_preset=&#8220;f7609415-4a24-4e96-aacf-7ee84209554b&#8220; background_color=&#8220;gcid-ce695d38-7b45-4ff3-bae8-e54df8b6593b&#8220; locked=&#8220;off&#8220; collapsed=&#8220;on&#8220; global_colors_info=&#8220;{%22gcid-ce695d38-7b45-4ff3-bae8-e54df8b6593b%22:%91%22background_color%22%93}&#8220;][et_pb_row _builder_version=&#8220;4.25.1&#8243; _module_preset=&#8220;default&#8220; global_colors_info=&#8220;{}&#8220;][et_pb_column type=&#8220;4_4&#8243; _builder_version=&#8220;4.25.1&#8243; _module_preset=&#8220;default&#8220; global_colors_info=&#8220;{}&#8220;][et_pb_heading title=&#8220;Sus ventajas&#8220; _builder_version=&#8220;4.25.2&#8243; _module_preset=&#8220;a95003f9-e6da-4d83-ac2c-afe9584de7de&#8220; title_text_align=&#8220;center&#8220; custom_margin=&#8220;||10px||false|false&#8220; global_colors_info=&#8220;{}&#8220;][\/et_pb_heading][\/et_pb_column][\/et_pb_row][et_pb_row column_structure=&#8220;1_3,1_3,1_3&#8243; _builder_version=&#8220;4.25.2&#8243; _module_preset=&#8220;default&#8220; global_colors_info=&#8220;{}&#8220;][et_pb_column type=&#8220;1_3&#8243; _builder_version=&#8220;4.25.2&#8243; _module_preset=&#8220;default&#8220; background_color=&#8220;RGBA(255,255,255,0)&#8220; global_colors_info=&#8220;{}&#8220;][et_pb_blurb title=&#8220;Flexibilidad&#8220; use_icon=&#8220;on&#8220; font_icon=&#8220;&#xf050;||fa||900&#8243; icon_color=&#8220;#FFFFFF&#8220; _builder_version=&#8220;4.25.2&#8243; _module_preset=&#8220;5b7bc6da-d1fd-4cb2-9155-98da9af9905f&#8220; background_color=&#8220;#014587&#8243; text_orientation=&#8220;center&#8220; global_colors_info=&#8220;{%22gcid-d7cd5a78-aaef-4f36-82a3-4d3706015cba%22:%91%22link_text_color%22,%22link_text_color%22,%22link_text_color%22%93,%22gcid-1f1b4e15-7cc6-4e13-8154-74d77a956460%22:%91%22link_text_color%22,%22quote_text_color%22,%22quote_border_color%22,%22link_text_color%22,%22quote_text_color%22,%22quote_border_color%22%93}&#8220;]<\/p>\n<p>Procesos de toma de decisiones r\u00e1pidos en una empresa privada de tama\u00f1o medio orientada a la satisfacci\u00f3n del cliente<\/p>\n<p>[\/et_pb_blurb][\/et_pb_column][et_pb_column type=&#8220;1_3&#8243; _builder_version=&#8220;4.25.2&#8243; _module_preset=&#8220;default&#8220; global_colors_info=&#8220;{}&#8220;][et_pb_blurb title=&#8220;Seguridad&#8220; use_icon=&#8220;on&#8220; font_icon=&#8220;&#xf3ca;||fa||400&#8243; icon_color=&#8220;#FFFFFF&#8220; _builder_version=&#8220;4.25.2&#8243; _module_preset=&#8220;5b7bc6da-d1fd-4cb2-9155-98da9af9905f&#8220; background_color=&#8220;gcid-4c79ba3d-a281-4fb6-9b14-02f9a4c793f2&#8243; text_orientation=&#8220;center&#8220; locked=&#8220;off&#8220; global_colors_info=&#8220;{%22gcid-d7cd5a78-aaef-4f36-82a3-4d3706015cba%22:%91%22link_text_color%22,%22link_text_color%22%93,%22gcid-1f1b4e15-7cc6-4e13-8154-74d77a956460%22:%91%22link_text_color%22,%22quote_text_color%22,%22quote_border_color%22,%22link_text_color%22,%22quote_text_color%22,%22quote_border_color%22%93,%22gcid-4c79ba3d-a281-4fb6-9b14-02f9a4c793f2%22:%91%22background_color%22%93}&#8220;]<\/p>\n<p>Varios centros de producci\u00f3n dentro del grupo empresarial<\/p>\n<p>[\/et_pb_blurb][\/et_pb_column][et_pb_column type=&#8220;1_3&#8243; _builder_version=&#8220;4.25.2&#8243; _module_preset=&#8220;default&#8220; global_colors_info=&#8220;{}&#8220;][et_pb_blurb title=&#8220;Inversiones&#8220; use_icon=&#8220;on&#8220; font_icon=&#8220;&#xe039;||divi||400&#8243; icon_color=&#8220;#FFFFFF&#8220; _builder_version=&#8220;4.25.2&#8243; _module_preset=&#8220;5b7bc6da-d1fd-4cb2-9155-98da9af9905f&#8220; text_orientation=&#8220;center&#8220; locked=&#8220;off&#8220; global_colors_info=&#8220;{}&#8220;]<\/p>\n<p>Inversiones continuas para la mejora constante de diversas calidades destinadas a m\u00faltiples aplicaciones<\/p>\n<p>[\/et_pb_blurb][\/et_pb_column][\/et_pb_row][et_pb_row column_structure=&#8220;1_3,1_3,1_3&#8243; _builder_version=&#8220;4.25.2&#8243; _module_preset=&#8220;default&#8220; global_colors_info=&#8220;{}&#8220;][et_pb_column type=&#8220;1_3&#8243; _builder_version=&#8220;4.25.2&#8243; _module_preset=&#8220;default&#8220; background_color=&#8220;RGBA(255,255,255,0)&#8220; global_colors_info=&#8220;{}&#8220;][et_pb_blurb title=&#8220;Competencia en fabricaci\u00f3n&#8220; use_icon=&#8220;on&#8220; font_icon=&#8220;&#x2c;||divi||400&#8243; icon_color=&#8220;#FFFFFF&#8220; _builder_version=&#8220;4.25.2&#8243; _module_preset=&#8220;5b7bc6da-d1fd-4cb2-9155-98da9af9905f&#8220; header_font_size=&#8220;22px&#8220; background_color=&#8220;gcid-4c79ba3d-a281-4fb6-9b14-02f9a4c793f2&#8243; text_orientation=&#8220;center&#8220; locked=&#8220;off&#8220; global_colors_info=&#8220;{%22gcid-d7cd5a78-aaef-4f36-82a3-4d3706015cba%22:%91%22link_text_color%22,%22link_text_color%22%93,%22gcid-1f1b4e15-7cc6-4e13-8154-74d77a956460%22:%91%22link_text_color%22,%22quote_text_color%22,%22quote_border_color%22,%22link_text_color%22,%22quote_text_color%22,%22quote_border_color%22%93,%22gcid-4c79ba3d-a281-4fb6-9b14-02f9a4c793f2%22:%91%22background_color%22%93}&#8220;]<\/p>\n<p>Extrusi\u00f3n de l\u00e1minas planas biorientadas<\/p>\n<p>[\/et_pb_blurb][\/et_pb_column][et_pb_column type=&#8220;1_3&#8243; _builder_version=&#8220;4.25.2&#8243; _module_preset=&#8220;default&#8220; global_colors_info=&#8220;{}&#8220;][et_pb_blurb title=&#8220;Conocimientos t\u00e9cnicos y rapidez&#8220; use_icon=&#8220;on&#8220; font_icon=&#8220;&#xf12b;||fa||900&#8243; icon_color=&#8220;#FFFFFF&#8220; _builder_version=&#8220;4.25.2&#8243; _module_preset=&#8220;5b7bc6da-d1fd-4cb2-9155-98da9af9905f&#8220; text_orientation=&#8220;center&#8220; locked=&#8220;off&#8220; global_colors_info=&#8220;{}&#8220;]<\/p>\n<p>I+D propia, tecnolog\u00eda de aplicaci\u00f3n propia, extrusi\u00f3n, confecci\u00f3n, conversi\u00f3n, impresi\u00f3n<\/p>\n<p>[\/et_pb_blurb][\/et_pb_column][et_pb_column type=&#8220;1_3&#8243; _builder_version=&#8220;4.25.2&#8243; _module_preset=&#8220;default&#8220; global_colors_info=&#8220;{}&#8220;][et_pb_blurb title=&#8220;Proyecci\u00f3n internacional&#8220; use_icon=&#8220;on&#8220; font_icon=&#8220;&#xf57e;||fa||900&#8243; icon_color=&#8220;#FFFFFF&#8220; _builder_version=&#8220;4.25.2&#8243; _module_preset=&#8220;5b7bc6da-d1fd-4cb2-9155-98da9af9905f&#8220; background_color=&#8220;#014587&#8243; text_orientation=&#8220;center&#8220; global_colors_info=&#8220;{%22gcid-d7cd5a78-aaef-4f36-82a3-4d3706015cba%22:%91%22link_text_color%22,%22link_text_color%22,%22link_text_color%22%93,%22gcid-1f1b4e15-7cc6-4e13-8154-74d77a956460%22:%91%22link_text_color%22,%22quote_text_color%22,%22quote_border_color%22,%22link_text_color%22,%22quote_text_color%22,%22quote_border_color%22%93}&#8220;]<\/p>\n<p>Presencia en los mercados globales<\/p>\n<p>[\/et_pb_blurb][\/et_pb_column][\/et_pb_row][et_pb_row column_structure=&#8220;1_3,1_3,1_3&#8243; _builder_version=&#8220;4.25.2&#8243; _module_preset=&#8220;default&#8220; global_colors_info=&#8220;{}&#8220;][et_pb_column type=&#8220;1_3&#8243; _builder_version=&#8220;4.25.2&#8243; _module_preset=&#8220;default&#8220; background_color=&#8220;RGBA(255,255,255,0)&#8220; global_colors_info=&#8220;{}&#8220;][\/et_pb_column][et_pb_column type=&#8220;1_3&#8243; _builder_version=&#8220;4.25.2&#8243; _module_preset=&#8220;default&#8220; global_colors_info=&#8220;{}&#8220;][et_pb_blurb title=&#8220;Calidad&#8220; use_icon=&#8220;on&#8220; font_icon=&#8220;&#xf164;||fa||900&#8243; icon_color=&#8220;#FFFFFF&#8220; _builder_version=&#8220;4.25.2&#8243; _module_preset=&#8220;5b7bc6da-d1fd-4cb2-9155-98da9af9905f&#8220; header_font_size=&#8220;22px&#8220; background_color=&#8220;gcid-4c79ba3d-a281-4fb6-9b14-02f9a4c793f2&#8243; text_orientation=&#8220;center&#8220; locked=&#8220;off&#8220; global_colors_info=&#8220;{%22gcid-d7cd5a78-aaef-4f36-82a3-4d3706015cba%22:%91%22link_text_color%22,%22link_text_color%22%93,%22gcid-1f1b4e15-7cc6-4e13-8154-74d77a956460%22:%91%22link_text_color%22,%22quote_text_color%22,%22quote_border_color%22,%22link_text_color%22,%22quote_text_color%22,%22quote_border_color%22%93,%22gcid-4c79ba3d-a281-4fb6-9b14-02f9a4c793f2%22:%91%22background_color%22%93}&#8220;]<\/p>\n<p>Sistema de gesti\u00f3n de calidad an\u00e1logo, seguimiento activo de un proceso de mejora continua (PMC) por parte de todos los empleados<\/p>\n<p>[\/et_pb_blurb][\/et_pb_column][et_pb_column type=&#8220;1_3&#8243; _builder_version=&#8220;4.25.2&#8243; _module_preset=&#8220;default&#8220; global_colors_info=&#8220;{}&#8220;][\/et_pb_column][\/et_pb_row][\/et_pb_section][et_pb_section fb_built=&#8220;1&#8243; admin_label=&#8220;Footer&#8220; _builder_version=&#8220;4.27.6&#8243; _module_preset=&#8220;d41b4ed5-6c47-4e4d-97c0-8de510fe2463&#8243; hover_enabled=&#8220;0&#8243; saved_tabs=&#8220;all&#8220; locked=&#8220;off&#8220; collapsed=&#8220;on&#8220; global_colors_info=&#8220;{%22gcid-1f1bf5fb-a99d-4acc-8d9e-ddac074c158c%22:%91%22background_color_gradient_stops%22%93,%22gcid-a78660e1-cfc7-4771-a566-6834d6a7f06a%22:%91%22background_color_gradient_stops%22%93,%22gcid-24b0db87-dafa-47d9-995f-b90181e18c52%22:%91%22background_color_gradient_stops%22%93}&#8220; background_color=&#8220;#FFFFFF&#8220; sticky_enabled=&#8220;0&#8243;][et_pb_row column_structure=&#8220;1_2,1_2&#8243; _builder_version=&#8220;4.25.1&#8243; _module_preset=&#8220;default&#8220; locked=&#8220;off&#8220; global_colors_info=&#8220;{}&#8220;][et_pb_column type=&#8220;1_2&#8243; _builder_version=&#8220;4.25.1&#8243; _module_preset=&#8220;default&#8220; global_colors_info=&#8220;{}&#8220;][et_pb_image src=&#8220;@ET-DC@eyJkeW5hbWljIjp0cnVlLCJjb250ZW50Ijoic2l0ZV9sb2dvIiwic2V0dGluZ3MiOnt9fQ==@&#8220; title_text=&#8220;divi-logo-mark-white&#8220; url=&#8220;@ET-DC@eyJkeW5hbWljIjp0cnVlLCJjb250ZW50IjoiaG9tZV91cmwiLCJzZXR0aW5ncyI6e319@&#8220; align=&#8220;center&#8220; _builder_version=&#8220;4.25.2&#8243; _dynamic_attributes=&#8220;src,url&#8220; _module_preset=&#8220;default&#8220; max_height=&#8220;64px&#8220; custom_margin=&#8220;||20px||false|false&#8220; global_colors_info=&#8220;{}&#8220;][\/et_pb_image][\/et_pb_column][et_pb_column type=&#8220;1_2&#8243; _builder_version=&#8220;4.25.1&#8243; _module_preset=&#8220;default&#8220; global_colors_info=&#8220;{}&#8220;][et_pb_text _builder_version=&#8220;4.27.6&#8243; _module_preset=&#8220;default&#8220; text_text_color=&#8220;#014587&#8243; hover_enabled=&#8220;0&#8243; global_colors_info=&#8220;{}&#8220; sticky_enabled=&#8220;0&#8243;]<\/p>\n<p><strong>Ergo.fol Norflex\u00ae (Betriebsst\u00e4tte Nordenham)<br \/><\/strong>Kabelstra\u00dfe\u00a09-11<br \/>26954 Nordenham\/Germany<br \/>contact@norflex.de<br \/>Tel\u00a0+ 49 (0) 47 31- 26 99- 0 \u00b7 Fax -28<\/p>\n<p>[\/et_pb_text][\/et_pb_column][\/et_pb_row][\/et_pb_section]<\/p>\n","protected":false},"excerpt":{"rendered":"<p>Procesos de toma de decisiones r\u00e1pidos en una empresa privada de tama\u00f1o medio orientada a la satisfacci\u00f3n del clienteVarios centros de producci\u00f3n dentro del grupo empresarialInversiones continuas para la mejora constante de diversas calidades destinadas a m\u00faltiples aplicacionesExtrusi\u00f3n de l\u00e1minas planas biorientadasI+D propia, tecnolog\u00eda de aplicaci\u00f3n propia, extrusi\u00f3n, confecci\u00f3n, conversi\u00f3n, impresi\u00f3nPresencia en los mercados globalesSistema [&hellip;]<\/p>\n","protected":false},"author":1,"featured_media":0,"parent":0,"menu_order":0,"comment_status":"closed","ping_status":"closed","template":"","meta":{"_et_pb_use_builder":"on","_et_pb_old_content":"","_et_gb_content_width":"","footnotes":""},"class_list":["post-636","page","type-page","status-publish","hentry"],"yoast_head":"<!-- This site is optimized with the Yoast SEO plugin v27.0 - https:\/\/yoast.com\/product\/yoast-seo-wordpress\/ -->\n<title>Ventajas - Norflex Karriere<\/title>\n<meta name=\"robots\" content=\"index, follow, max-snippet:-1, max-image-preview:large, max-video-preview:-1\" \/>\n<link rel=\"canonical\" href=\"https:\/\/www.norflex.de\/Karriere\/es\/ventajas\/\" \/>\n<meta property=\"og:locale\" content=\"de_DE\" \/>\n<meta property=\"og:type\" content=\"article\" \/>\n<meta property=\"og:title\" content=\"Ventajas - Norflex Karriere\" \/>\n<meta property=\"og:description\" content=\"Procesos de toma de decisiones r\u00e1pidos en una empresa privada de tama\u00f1o medio orientada a la satisfacci\u00f3n del clienteVarios centros de producci\u00f3n dentro del grupo empresarialInversiones continuas para la mejora constante de diversas calidades destinadas a m\u00faltiples aplicacionesExtrusi\u00f3n de l\u00e1minas planas biorientadasI+D propia, tecnolog\u00eda de aplicaci\u00f3n propia, extrusi\u00f3n, confecci\u00f3n, conversi\u00f3n, impresi\u00f3nPresencia en los mercados globalesSistema [&hellip;]\" \/>\n<meta property=\"og:url\" content=\"https:\/\/www.norflex.de\/Karriere\/es\/ventajas\/\" \/>\n<meta property=\"og:site_name\" content=\"Norflex Karriere\" \/>\n<meta property=\"article:modified_time\" content=\"2026-03-23T16:29:56+00:00\" \/>\n<meta name=\"twitter:card\" content=\"summary_large_image\" \/>\n<meta name=\"twitter:label1\" content=\"Gesch\u00e4tzte Lesezeit\" \/>\n\t<meta name=\"twitter:data1\" content=\"1\u00a0Minute\" \/>\n<script type=\"application\/ld+json\" class=\"yoast-schema-graph\">{\"@context\":\"https:\/\/schema.org\",\"@graph\":[{\"@type\":\"WebPage\",\"@id\":\"https:\/\/www.norflex.de\/Karriere\/es\/ventajas\/\",\"url\":\"https:\/\/www.norflex.de\/Karriere\/es\/ventajas\/\",\"name\":\"Ventajas - Norflex Karriere\",\"isPartOf\":{\"@id\":\"https:\/\/www.norflex.de\/Karriere\/#website\"},\"datePublished\":\"2025-08-07T13:57:15+00:00\",\"dateModified\":\"2026-03-23T16:29:56+00:00\",\"breadcrumb\":{\"@id\":\"https:\/\/www.norflex.de\/Karriere\/es\/ventajas\/#breadcrumb\"},\"inLanguage\":\"de\",\"potentialAction\":[{\"@type\":\"ReadAction\",\"target\":[\"https:\/\/www.norflex.de\/Karriere\/es\/ventajas\/\"]}]},{\"@type\":\"BreadcrumbList\",\"@id\":\"https:\/\/www.norflex.de\/Karriere\/es\/ventajas\/#breadcrumb\",\"itemListElement\":[{\"@type\":\"ListItem\",\"position\":1,\"name\":\"Startseite\",\"item\":\"https:\/\/www.norflex.de\/Karriere\/\"},{\"@type\":\"ListItem\",\"position\":2,\"name\":\"Ventajas\"}]},{\"@type\":\"WebSite\",\"@id\":\"https:\/\/www.norflex.de\/Karriere\/#website\",\"url\":\"https:\/\/www.norflex.de\/Karriere\/\",\"name\":\"Norflex Karriere\",\"description\":\"Jobs bei Norflex\",\"potentialAction\":[{\"@type\":\"SearchAction\",\"target\":{\"@type\":\"EntryPoint\",\"urlTemplate\":\"https:\/\/www.norflex.de\/Karriere\/?s={search_term_string}\"},\"query-input\":{\"@type\":\"PropertyValueSpecification\",\"valueRequired\":true,\"valueName\":\"search_term_string\"}}],\"inLanguage\":\"de\"}]}<\/script>\n<!-- \/ Yoast SEO plugin. -->","yoast_head_json":{"title":"Ventajas - Norflex Karriere","robots":{"index":"index","follow":"follow","max-snippet":"max-snippet:-1","max-image-preview":"max-image-preview:large","max-video-preview":"max-video-preview:-1"},"canonical":"https:\/\/www.norflex.de\/Karriere\/es\/ventajas\/","og_locale":"de_DE","og_type":"article","og_title":"Ventajas - Norflex Karriere","og_description":"Procesos de toma de decisiones r\u00e1pidos en una empresa privada de tama\u00f1o medio orientada a la satisfacci\u00f3n del clienteVarios centros de producci\u00f3n dentro del grupo empresarialInversiones continuas para la mejora constante de diversas calidades destinadas a m\u00faltiples aplicacionesExtrusi\u00f3n de l\u00e1minas planas biorientadasI+D propia, tecnolog\u00eda de aplicaci\u00f3n propia, extrusi\u00f3n, confecci\u00f3n, conversi\u00f3n, impresi\u00f3nPresencia en los mercados globalesSistema [&hellip;]","og_url":"https:\/\/www.norflex.de\/Karriere\/es\/ventajas\/","og_site_name":"Norflex Karriere","article_modified_time":"2026-03-23T16:29:56+00:00","twitter_card":"summary_large_image","twitter_misc":{"Gesch\u00e4tzte Lesezeit":"1\u00a0Minute"},"schema":{"@context":"https:\/\/schema.org","@graph":[{"@type":"WebPage","@id":"https:\/\/www.norflex.de\/Karriere\/es\/ventajas\/","url":"https:\/\/www.norflex.de\/Karriere\/es\/ventajas\/","name":"Ventajas - Norflex Karriere","isPartOf":{"@id":"https:\/\/www.norflex.de\/Karriere\/#website"},"datePublished":"2025-08-07T13:57:15+00:00","dateModified":"2026-03-23T16:29:56+00:00","breadcrumb":{"@id":"https:\/\/www.norflex.de\/Karriere\/es\/ventajas\/#breadcrumb"},"inLanguage":"de","potentialAction":[{"@type":"ReadAction","target":["https:\/\/www.norflex.de\/Karriere\/es\/ventajas\/"]}]},{"@type":"BreadcrumbList","@id":"https:\/\/www.norflex.de\/Karriere\/es\/ventajas\/#breadcrumb","itemListElement":[{"@type":"ListItem","position":1,"name":"Startseite","item":"https:\/\/www.norflex.de\/Karriere\/"},{"@type":"ListItem","position":2,"name":"Ventajas"}]},{"@type":"WebSite","@id":"https:\/\/www.norflex.de\/Karriere\/#website","url":"https:\/\/www.norflex.de\/Karriere\/","name":"Norflex Karriere","description":"Jobs bei Norflex","potentialAction":[{"@type":"SearchAction","target":{"@type":"EntryPoint","urlTemplate":"https:\/\/www.norflex.de\/Karriere\/?s={search_term_string}"},"query-input":{"@type":"PropertyValueSpecification","valueRequired":true,"valueName":"search_term_string"}}],"inLanguage":"de"}]}},"_links":{"self":[{"href":"https:\/\/www.norflex.de\/Karriere\/wp-json\/wp\/v2\/pages\/636","targetHints":{"allow":["GET"]}}],"collection":[{"href":"https:\/\/www.norflex.de\/Karriere\/wp-json\/wp\/v2\/pages"}],"about":[{"href":"https:\/\/www.norflex.de\/Karriere\/wp-json\/wp\/v2\/types\/page"}],"author":[{"embeddable":true,"href":"https:\/\/www.norflex.de\/Karriere\/wp-json\/wp\/v2\/users\/1"}],"replies":[{"embeddable":true,"href":"https:\/\/www.norflex.de\/Karriere\/wp-json\/wp\/v2\/comments?post=636"}],"version-history":[{"count":4,"href":"https:\/\/www.norflex.de\/Karriere\/wp-json\/wp\/v2\/pages\/636\/revisions"}],"predecessor-version":[{"id":1003,"href":"https:\/\/www.norflex.de\/Karriere\/wp-json\/wp\/v2\/pages\/636\/revisions\/1003"}],"wp:attachment":[{"href":"https:\/\/www.norflex.de\/Karriere\/wp-json\/wp\/v2\/media?parent=636"}],"curies":[{"name":"wp","href":"https:\/\/api.w.org\/{rel}","templated":true}]}}