{"id":15,"date":"2015-10-22T18:06:41","date_gmt":"2015-10-22T16:06:41","guid":{"rendered":"http:\/\/norflex.lippe-internetagentur.de\/?page_id=15"},"modified":"2018-02-11T19:30:36","modified_gmt":"2018-02-11T17:30:36","slug":"innovation","status":"publish","type":"page","link":"https:\/\/www.norflex.de\/es\/innovation\/","title":{"rendered":"Innovaciones"},"content":{"rendered":"<p>[vc_row][vc_column][vc_column_text]Mediante el perfeccionamiento r\u00e1pido y flexible de los productos existentes y los nuevos desarrollos en la propia empresa ampliamos continuamente nuestra gama de productos y nos adaptamos en todo momento a las circunstancias del mercado y los deseos de nuestros clientes.<\/p>\n<p>Esto se lleva a cabo en estrecha colaboraci\u00f3n con nuestros empleados y clientes. Somos capaces de garantizar a nuestros clientes un aprovechamiento \u00f3ptimo y la m\u00e1xima eficiencia.<\/p>\n<p>Para sus proyectos y aplicaciones especiales estamos evidentemente a su disposici\u00f3n y le acompa\u00f1amos desde la primera idea hasta la producci\u00f3n en serie.<\/p>\n<p>No solo nos ocupamos de la ejecuci\u00f3n t\u00e9cnica, sino que tambi\u00e9n le ofrecemos un instrumento eficaz para el posicionamiento y la diferenciaci\u00f3n de producto en el mercado.[\/vc_column_text][\/vc_column][\/vc_row]<\/p>\n","protected":false},"excerpt":{"rendered":"<p>[vc_row][vc_column][vc_column_text]Mediante el perfeccionamiento r\u00e1pido y flexible de los productos existentes y los nuevos desarrollos en la propia empresa ampliamos continuamente nuestra gama de productos y nos adaptamos en todo momento a las circunstancias del mercado y los deseos de nuestros clientes. Esto se lleva a cabo en estrecha colaboraci\u00f3n con nuestros empleados y clientes. Somos [&hellip;]<\/p>\n","protected":false},"author":3,"featured_media":83,"parent":0,"menu_order":0,"comment_status":"closed","ping_status":"closed","template":"","meta":[],"yoast_head":"<!-- This site is optimized with the Yoast SEO plugin v20.11 - https:\/\/yoast.com\/wordpress\/plugins\/seo\/ -->\n<title>Innovaciones - Norflex<\/title>\n<meta name=\"robots\" content=\"index, follow, max-snippet:-1, max-image-preview:large, max-video-preview:-1\" \/>\n<link rel=\"canonical\" href=\"https:\/\/www.norflex.de\/es\/innovation\/\" \/>\n<meta property=\"og:locale\" content=\"de_DE\" \/>\n<meta property=\"og:type\" content=\"article\" \/>\n<meta property=\"og:title\" content=\"Innovaciones - Norflex\" \/>\n<meta property=\"og:description\" content=\"[vc_row][vc_column][vc_column_text]Mediante el perfeccionamiento r\u00e1pido y flexible de los productos existentes y los nuevos desarrollos en la propia empresa ampliamos continuamente nuestra gama de productos y nos adaptamos en todo momento a las circunstancias del mercado y los deseos de nuestros clientes. Esto se lleva a cabo en estrecha colaboraci\u00f3n con nuestros empleados y clientes. Somos [&hellip;]\" \/>\n<meta property=\"og:url\" content=\"https:\/\/www.norflex.de\/es\/innovation\/\" \/>\n<meta property=\"og:site_name\" content=\"Norflex\" \/>\n<meta property=\"article:modified_time\" content=\"2018-02-11T17:30:36+00:00\" \/>\n<meta property=\"og:image\" content=\"https:\/\/www.norflex.de\/es\/wp-content\/uploads\/2015\/10\/bg_innovation.jpg\" \/>\n\t<meta property=\"og:image:width\" content=\"1024\" \/>\n\t<meta property=\"og:image:height\" content=\"454\" \/>\n\t<meta property=\"og:image:type\" content=\"image\/jpeg\" \/>\n<meta name=\"twitter:card\" content=\"summary_large_image\" \/>\n<meta name=\"twitter:label1\" content=\"Gesch\u00e4tzte Lesezeit\" \/>\n\t<meta name=\"twitter:data1\" content=\"1\u00a0Minute\" \/>\n<script type=\"application\/ld+json\" class=\"yoast-schema-graph\">{\"@context\":\"https:\/\/schema.org\",\"@graph\":[{\"@type\":\"WebPage\",\"@id\":\"https:\/\/www.norflex.de\/es\/innovation\/\",\"url\":\"https:\/\/www.norflex.de\/es\/innovation\/\",\"name\":\"Innovaciones - Norflex\",\"isPartOf\":{\"@id\":\"https:\/\/www.norflex.de\/es\/#website\"},\"datePublished\":\"2015-10-22T16:06:41+00:00\",\"dateModified\":\"2018-02-11T17:30:36+00:00\",\"breadcrumb\":{\"@id\":\"https:\/\/www.norflex.de\/es\/innovation\/#breadcrumb\"},\"inLanguage\":\"de\",\"potentialAction\":[{\"@type\":\"ReadAction\",\"target\":[\"https:\/\/www.norflex.de\/es\/innovation\/\"]}]},{\"@type\":\"BreadcrumbList\",\"@id\":\"https:\/\/www.norflex.de\/es\/innovation\/#breadcrumb\",\"itemListElement\":[{\"@type\":\"ListItem\",\"position\":1,\"name\":\"Home\",\"item\":\"https:\/\/www.norflex.de\/es\/\"},{\"@type\":\"ListItem\",\"position\":2,\"name\":\"Innovaciones\"}]},{\"@type\":\"WebSite\",\"@id\":\"https:\/\/www.norflex.de\/es\/#website\",\"url\":\"https:\/\/www.norflex.de\/es\/\",\"name\":\"Norflex\",\"description\":\"\",\"potentialAction\":[{\"@type\":\"SearchAction\",\"target\":{\"@type\":\"EntryPoint\",\"urlTemplate\":\"https:\/\/www.norflex.de\/es\/?s={search_term_string}\"},\"query-input\":\"required name=search_term_string\"}],\"inLanguage\":\"de\"}]}<\/script>\n<!-- \/ Yoast SEO plugin. -->","yoast_head_json":{"title":"Innovaciones - Norflex","robots":{"index":"index","follow":"follow","max-snippet":"max-snippet:-1","max-image-preview":"max-image-preview:large","max-video-preview":"max-video-preview:-1"},"canonical":"https:\/\/www.norflex.de\/es\/innovation\/","og_locale":"de_DE","og_type":"article","og_title":"Innovaciones - Norflex","og_description":"[vc_row][vc_column][vc_column_text]Mediante el perfeccionamiento r\u00e1pido y flexible de los productos existentes y los nuevos desarrollos en la propia empresa ampliamos continuamente nuestra gama de productos y nos adaptamos en todo momento a las circunstancias del mercado y los deseos de nuestros clientes. Esto se lleva a cabo en estrecha colaboraci\u00f3n con nuestros empleados y clientes. Somos [&hellip;]","og_url":"https:\/\/www.norflex.de\/es\/innovation\/","og_site_name":"Norflex","article_modified_time":"2018-02-11T17:30:36+00:00","og_image":[{"width":1024,"height":454,"url":"https:\/\/www.norflex.de\/es\/wp-content\/uploads\/2015\/10\/bg_innovation.jpg","type":"image\/jpeg"}],"twitter_card":"summary_large_image","twitter_misc":{"Gesch\u00e4tzte Lesezeit":"1\u00a0Minute"},"schema":{"@context":"https:\/\/schema.org","@graph":[{"@type":"WebPage","@id":"https:\/\/www.norflex.de\/es\/innovation\/","url":"https:\/\/www.norflex.de\/es\/innovation\/","name":"Innovaciones - Norflex","isPartOf":{"@id":"https:\/\/www.norflex.de\/es\/#website"},"datePublished":"2015-10-22T16:06:41+00:00","dateModified":"2018-02-11T17:30:36+00:00","breadcrumb":{"@id":"https:\/\/www.norflex.de\/es\/innovation\/#breadcrumb"},"inLanguage":"de","potentialAction":[{"@type":"ReadAction","target":["https:\/\/www.norflex.de\/es\/innovation\/"]}]},{"@type":"BreadcrumbList","@id":"https:\/\/www.norflex.de\/es\/innovation\/#breadcrumb","itemListElement":[{"@type":"ListItem","position":1,"name":"Home","item":"https:\/\/www.norflex.de\/es\/"},{"@type":"ListItem","position":2,"name":"Innovaciones"}]},{"@type":"WebSite","@id":"https:\/\/www.norflex.de\/es\/#website","url":"https:\/\/www.norflex.de\/es\/","name":"Norflex","description":"","potentialAction":[{"@type":"SearchAction","target":{"@type":"EntryPoint","urlTemplate":"https:\/\/www.norflex.de\/es\/?s={search_term_string}"},"query-input":"required name=search_term_string"}],"inLanguage":"de"}]}},"_links":{"self":[{"href":"https:\/\/www.norflex.de\/es\/wp-json\/wp\/v2\/pages\/15"}],"collection":[{"href":"https:\/\/www.norflex.de\/es\/wp-json\/wp\/v2\/pages"}],"about":[{"href":"https:\/\/www.norflex.de\/es\/wp-json\/wp\/v2\/types\/page"}],"author":[{"embeddable":true,"href":"https:\/\/www.norflex.de\/es\/wp-json\/wp\/v2\/users\/3"}],"replies":[{"embeddable":true,"href":"https:\/\/www.norflex.de\/es\/wp-json\/wp\/v2\/comments?post=15"}],"version-history":[{"count":6,"href":"https:\/\/www.norflex.de\/es\/wp-json\/wp\/v2\/pages\/15\/revisions"}],"predecessor-version":[{"id":259,"href":"https:\/\/www.norflex.de\/es\/wp-json\/wp\/v2\/pages\/15\/revisions\/259"}],"wp:featuredmedia":[{"embeddable":true,"href":"https:\/\/www.norflex.de\/es\/wp-json\/wp\/v2\/media\/83"}],"wp:attachment":[{"href":"https:\/\/www.norflex.de\/es\/wp-json\/wp\/v2\/media?parent=15"}],"curies":[{"name":"wp","href":"https:\/\/api.w.org\/{rel}","templated":true}]}}