{"id":17,"date":"2015-10-22T18:07:00","date_gmt":"2015-10-22T16:07:00","guid":{"rendered":"http:\/\/norflex.lippe-internetagentur.de\/?page_id=17"},"modified":"2018-02-11T19:31:22","modified_gmt":"2018-02-11T17:31:22","slug":"vorteile","status":"publish","type":"page","link":"https:\/\/www.norflex.de\/es\/vorteile\/","title":{"rendered":"Sus ventajas"},"content":{"rendered":"<p>[vc_row][vc_column width=&#8220;1\/2&#8243;][vc_column_text]<strong>Flexibilidad:<\/strong> v\u00edas de decisi\u00f3n r\u00e1pidas de una empresa privada media y orientada a la satisfacci\u00f3n del cliente.<\/p>\n<p><strong>Seguridad:<\/strong> varios centros de producci\u00f3n en el grupo de empresas<\/p>\n<p><strong>Inversiones:<\/strong> inversiones en curso para la mejora constante de varias calidades para todo tipo de aplicaciones<\/p>\n<p><strong>Competencia de fabricaci\u00f3n:<\/strong> extrusi\u00f3n de l\u00e1minas planas orientada biaxial[\/vc_column_text][\/vc_column][vc_column width=&#8220;1\/2&#8243;][vc_column_text]<strong>Conocimientos especializados y rapidez:<\/strong> I+D propios, tecnolog\u00eda de aplicaci\u00f3n propia, extrusi\u00f3n, confecci\u00f3n, conversi\u00f3n, impresi\u00f3n<\/p>\n<p><strong>Internacionalidad:<\/strong> presencia en el mercado mundial<\/p>\n<p><strong>Calidad:<\/strong> sistema de gesti\u00f3n de la calidad an\u00e1logo, seguimiento activo de un proceso de mejora continuo (KVP) por parte de todos los empleados[\/vc_column_text][\/vc_column][\/vc_row]<\/p>\n","protected":false},"excerpt":{"rendered":"<p>[vc_row][vc_column width=&#8220;1\/2&#8243;][vc_column_text]Flexibilidad: v\u00edas de decisi\u00f3n r\u00e1pidas de una empresa privada media y orientada a la satisfacci\u00f3n del cliente. Seguridad: varios centros de producci\u00f3n en el grupo de empresas Inversiones: inversiones en curso para la mejora constante de varias calidades para todo tipo de aplicaciones Competencia de fabricaci\u00f3n: extrusi\u00f3n de l\u00e1minas planas orientada biaxial[\/vc_column_text][\/vc_column][vc_column width=&#8220;1\/2&#8243;][vc_column_text]Conocimientos especializados [&hellip;]<\/p>\n","protected":false},"author":3,"featured_media":84,"parent":0,"menu_order":0,"comment_status":"closed","ping_status":"closed","template":"","meta":[],"yoast_head":"<!-- This site is optimized with the Yoast SEO plugin v20.11 - https:\/\/yoast.com\/wordpress\/plugins\/seo\/ -->\n<title>Sus ventajas - Norflex<\/title>\n<meta name=\"robots\" content=\"index, follow, max-snippet:-1, max-image-preview:large, max-video-preview:-1\" \/>\n<link rel=\"canonical\" href=\"https:\/\/www.norflex.de\/es\/vorteile\/\" \/>\n<meta property=\"og:locale\" content=\"de_DE\" \/>\n<meta property=\"og:type\" content=\"article\" \/>\n<meta property=\"og:title\" content=\"Sus ventajas - Norflex\" \/>\n<meta property=\"og:description\" content=\"[vc_row][vc_column width=&#8220;1\/2&#8243;][vc_column_text]Flexibilidad: v\u00edas de decisi\u00f3n r\u00e1pidas de una empresa privada media y orientada a la satisfacci\u00f3n del cliente. Seguridad: varios centros de producci\u00f3n en el grupo de empresas Inversiones: inversiones en curso para la mejora constante de varias calidades para todo tipo de aplicaciones Competencia de fabricaci\u00f3n: extrusi\u00f3n de l\u00e1minas planas orientada biaxial[\/vc_column_text][\/vc_column][vc_column width=&#8220;1\/2&#8243;][vc_column_text]Conocimientos especializados [&hellip;]\" \/>\n<meta property=\"og:url\" content=\"https:\/\/www.norflex.de\/es\/vorteile\/\" \/>\n<meta property=\"og:site_name\" content=\"Norflex\" \/>\n<meta property=\"article:modified_time\" content=\"2018-02-11T17:31:22+00:00\" \/>\n<meta property=\"og:image\" content=\"https:\/\/www.norflex.de\/es\/wp-content\/uploads\/2015\/10\/bg_vorteile.jpg\" \/>\n\t<meta property=\"og:image:width\" content=\"1024\" \/>\n\t<meta property=\"og:image:height\" content=\"454\" \/>\n\t<meta property=\"og:image:type\" content=\"image\/jpeg\" \/>\n<meta name=\"twitter:card\" content=\"summary_large_image\" \/>\n<meta name=\"twitter:label1\" content=\"Gesch\u00e4tzte Lesezeit\" \/>\n\t<meta name=\"twitter:data1\" content=\"1\u00a0Minute\" \/>\n<script type=\"application\/ld+json\" class=\"yoast-schema-graph\">{\"@context\":\"https:\/\/schema.org\",\"@graph\":[{\"@type\":\"WebPage\",\"@id\":\"https:\/\/www.norflex.de\/es\/vorteile\/\",\"url\":\"https:\/\/www.norflex.de\/es\/vorteile\/\",\"name\":\"Sus ventajas - Norflex\",\"isPartOf\":{\"@id\":\"https:\/\/www.norflex.de\/es\/#website\"},\"datePublished\":\"2015-10-22T16:07:00+00:00\",\"dateModified\":\"2018-02-11T17:31:22+00:00\",\"breadcrumb\":{\"@id\":\"https:\/\/www.norflex.de\/es\/vorteile\/#breadcrumb\"},\"inLanguage\":\"de\",\"potentialAction\":[{\"@type\":\"ReadAction\",\"target\":[\"https:\/\/www.norflex.de\/es\/vorteile\/\"]}]},{\"@type\":\"BreadcrumbList\",\"@id\":\"https:\/\/www.norflex.de\/es\/vorteile\/#breadcrumb\",\"itemListElement\":[{\"@type\":\"ListItem\",\"position\":1,\"name\":\"Home\",\"item\":\"https:\/\/www.norflex.de\/es\/\"},{\"@type\":\"ListItem\",\"position\":2,\"name\":\"Sus ventajas\"}]},{\"@type\":\"WebSite\",\"@id\":\"https:\/\/www.norflex.de\/es\/#website\",\"url\":\"https:\/\/www.norflex.de\/es\/\",\"name\":\"Norflex\",\"description\":\"\",\"potentialAction\":[{\"@type\":\"SearchAction\",\"target\":{\"@type\":\"EntryPoint\",\"urlTemplate\":\"https:\/\/www.norflex.de\/es\/?s={search_term_string}\"},\"query-input\":\"required name=search_term_string\"}],\"inLanguage\":\"de\"}]}<\/script>\n<!-- \/ Yoast SEO plugin. -->","yoast_head_json":{"title":"Sus ventajas - Norflex","robots":{"index":"index","follow":"follow","max-snippet":"max-snippet:-1","max-image-preview":"max-image-preview:large","max-video-preview":"max-video-preview:-1"},"canonical":"https:\/\/www.norflex.de\/es\/vorteile\/","og_locale":"de_DE","og_type":"article","og_title":"Sus ventajas - Norflex","og_description":"[vc_row][vc_column width=&#8220;1\/2&#8243;][vc_column_text]Flexibilidad: v\u00edas de decisi\u00f3n r\u00e1pidas de una empresa privada media y orientada a la satisfacci\u00f3n del cliente. Seguridad: varios centros de producci\u00f3n en el grupo de empresas Inversiones: inversiones en curso para la mejora constante de varias calidades para todo tipo de aplicaciones Competencia de fabricaci\u00f3n: extrusi\u00f3n de l\u00e1minas planas orientada biaxial[\/vc_column_text][\/vc_column][vc_column width=&#8220;1\/2&#8243;][vc_column_text]Conocimientos especializados [&hellip;]","og_url":"https:\/\/www.norflex.de\/es\/vorteile\/","og_site_name":"Norflex","article_modified_time":"2018-02-11T17:31:22+00:00","og_image":[{"width":1024,"height":454,"url":"https:\/\/www.norflex.de\/es\/wp-content\/uploads\/2015\/10\/bg_vorteile.jpg","type":"image\/jpeg"}],"twitter_card":"summary_large_image","twitter_misc":{"Gesch\u00e4tzte Lesezeit":"1\u00a0Minute"},"schema":{"@context":"https:\/\/schema.org","@graph":[{"@type":"WebPage","@id":"https:\/\/www.norflex.de\/es\/vorteile\/","url":"https:\/\/www.norflex.de\/es\/vorteile\/","name":"Sus ventajas - Norflex","isPartOf":{"@id":"https:\/\/www.norflex.de\/es\/#website"},"datePublished":"2015-10-22T16:07:00+00:00","dateModified":"2018-02-11T17:31:22+00:00","breadcrumb":{"@id":"https:\/\/www.norflex.de\/es\/vorteile\/#breadcrumb"},"inLanguage":"de","potentialAction":[{"@type":"ReadAction","target":["https:\/\/www.norflex.de\/es\/vorteile\/"]}]},{"@type":"BreadcrumbList","@id":"https:\/\/www.norflex.de\/es\/vorteile\/#breadcrumb","itemListElement":[{"@type":"ListItem","position":1,"name":"Home","item":"https:\/\/www.norflex.de\/es\/"},{"@type":"ListItem","position":2,"name":"Sus ventajas"}]},{"@type":"WebSite","@id":"https:\/\/www.norflex.de\/es\/#website","url":"https:\/\/www.norflex.de\/es\/","name":"Norflex","description":"","potentialAction":[{"@type":"SearchAction","target":{"@type":"EntryPoint","urlTemplate":"https:\/\/www.norflex.de\/es\/?s={search_term_string}"},"query-input":"required name=search_term_string"}],"inLanguage":"de"}]}},"_links":{"self":[{"href":"https:\/\/www.norflex.de\/es\/wp-json\/wp\/v2\/pages\/17"}],"collection":[{"href":"https:\/\/www.norflex.de\/es\/wp-json\/wp\/v2\/pages"}],"about":[{"href":"https:\/\/www.norflex.de\/es\/wp-json\/wp\/v2\/types\/page"}],"author":[{"embeddable":true,"href":"https:\/\/www.norflex.de\/es\/wp-json\/wp\/v2\/users\/3"}],"replies":[{"embeddable":true,"href":"https:\/\/www.norflex.de\/es\/wp-json\/wp\/v2\/comments?post=17"}],"version-history":[{"count":6,"href":"https:\/\/www.norflex.de\/es\/wp-json\/wp\/v2\/pages\/17\/revisions"}],"predecessor-version":[{"id":260,"href":"https:\/\/www.norflex.de\/es\/wp-json\/wp\/v2\/pages\/17\/revisions\/260"}],"wp:featuredmedia":[{"embeddable":true,"href":"https:\/\/www.norflex.de\/es\/wp-json\/wp\/v2\/media\/84"}],"wp:attachment":[{"href":"https:\/\/www.norflex.de\/es\/wp-json\/wp\/v2\/media?parent=17"}],"curies":[{"name":"wp","href":"https:\/\/api.w.org\/{rel}","templated":true}]}}