{"id":2,"date":"2015-10-22T15:52:40","date_gmt":"2015-10-22T13:52:40","guid":{"rendered":"http:\/\/norflex.lippe-internetagentur.de\/?page_id=2"},"modified":"2018-02-11T19:22:54","modified_gmt":"2018-02-11T17:22:54","slug":"ueber-uns","status":"publish","type":"page","link":"https:\/\/www.norflex.de\/es\/ueber-uns\/","title":{"rendered":"Acerca de nosotros"},"content":{"rendered":"<p>[vc_row][vc_column width=&#8220;1\/2&#8243;][vc_column_text]Desde hace m\u00e1s de 75 a\u00f1os, como uno de los principales productores en todo el mundo fabricamos <strong>l\u00e1minas de poliestireno orientadas biaxiales.<\/strong><\/p>\n<p>La tecnolog\u00eda de extrusi\u00f3n desarrollada en la propia empresa contribuye considerablemente a un ajuste preciso y a la mejora de las propiedades mec\u00e1nicas del poliestireno.<\/p>\n<p>Nuestra amplia gama de l\u00e1minas con distintos grosores y calidades se utiliza, por un lado, en la industria alimentaria como capa intermedia para separar jam\u00f3n crudo o queso cortados. Y, por otro lado, producimos pel\u00edculas para ventanas (parcialmente con equipamiento antiest\u00e1tico) que se utilizan en sobres o cajas plegables.[\/vc_column_text][\/vc_column][vc_column width=&#8220;1\/2&#8243;][vc_column_text]Adem\u00e1s, fabricamos distintas l\u00e1minas especiales basadas en estireno para aplicaciones espec\u00edficas para el cliente. En este sentido, adem\u00e1s de la l\u00e1mina para el aislamiento de cables, cabe mencionar nuestra exclusiva l\u00e1mina SAN, que se utiliza principalmente para aplicaciones Inmould.<\/p>\n<p>Nos hemos propuesto proseguir la producci\u00f3n de l\u00e1minas de poliestireno orientadas biaxiales al m\u00e1ximo nivel y promover el perfeccionamiento.[\/vc_column_text][\/vc_column][\/vc_row]<\/p>\n","protected":false},"excerpt":{"rendered":"<p>[vc_row][vc_column width=&#8220;1\/2&#8243;][vc_column_text]Desde hace m\u00e1s de 75 a\u00f1os, como uno de los principales productores en todo el mundo fabricamos l\u00e1minas de poliestireno orientadas biaxiales. La tecnolog\u00eda de extrusi\u00f3n desarrollada en la propia empresa contribuye considerablemente a un ajuste preciso y a la mejora de las propiedades mec\u00e1nicas del poliestireno. Nuestra amplia gama de l\u00e1minas con distintos [&hellip;]<\/p>\n","protected":false},"author":3,"featured_media":86,"parent":0,"menu_order":0,"comment_status":"closed","ping_status":"closed","template":"","meta":[],"yoast_head":"<!-- This site is optimized with the Yoast SEO plugin v20.11 - https:\/\/yoast.com\/wordpress\/plugins\/seo\/ -->\n<title>Acerca de nosotros - Norflex<\/title>\n<meta name=\"robots\" content=\"index, follow, max-snippet:-1, max-image-preview:large, max-video-preview:-1\" \/>\n<link rel=\"canonical\" href=\"https:\/\/www.norflex.de\/es\/ueber-uns\/\" \/>\n<meta property=\"og:locale\" content=\"de_DE\" \/>\n<meta property=\"og:type\" content=\"article\" \/>\n<meta property=\"og:title\" content=\"Acerca de nosotros - Norflex\" \/>\n<meta property=\"og:description\" content=\"[vc_row][vc_column width=&#8220;1\/2&#8243;][vc_column_text]Desde hace m\u00e1s de 75 a\u00f1os, como uno de los principales productores en todo el mundo fabricamos l\u00e1minas de poliestireno orientadas biaxiales. La tecnolog\u00eda de extrusi\u00f3n desarrollada en la propia empresa contribuye considerablemente a un ajuste preciso y a la mejora de las propiedades mec\u00e1nicas del poliestireno. Nuestra amplia gama de l\u00e1minas con distintos [&hellip;]\" \/>\n<meta property=\"og:url\" content=\"https:\/\/www.norflex.de\/es\/ueber-uns\/\" \/>\n<meta property=\"og:site_name\" content=\"Norflex\" \/>\n<meta property=\"article:modified_time\" content=\"2018-02-11T17:22:54+00:00\" \/>\n<meta property=\"og:image\" content=\"https:\/\/www.norflex.de\/es\/wp-content\/uploads\/2015\/10\/bg_startseite.jpg\" \/>\n\t<meta property=\"og:image:width\" content=\"1024\" \/>\n\t<meta property=\"og:image:height\" content=\"454\" \/>\n\t<meta property=\"og:image:type\" content=\"image\/jpeg\" \/>\n<meta name=\"twitter:card\" content=\"summary_large_image\" \/>\n<meta name=\"twitter:label1\" content=\"Gesch\u00e4tzte Lesezeit\" \/>\n\t<meta name=\"twitter:data1\" content=\"1\u00a0Minute\" \/>\n<script type=\"application\/ld+json\" class=\"yoast-schema-graph\">{\"@context\":\"https:\/\/schema.org\",\"@graph\":[{\"@type\":\"WebPage\",\"@id\":\"https:\/\/www.norflex.de\/es\/ueber-uns\/\",\"url\":\"https:\/\/www.norflex.de\/es\/ueber-uns\/\",\"name\":\"Acerca de nosotros - Norflex\",\"isPartOf\":{\"@id\":\"https:\/\/www.norflex.de\/es\/#website\"},\"datePublished\":\"2015-10-22T13:52:40+00:00\",\"dateModified\":\"2018-02-11T17:22:54+00:00\",\"breadcrumb\":{\"@id\":\"https:\/\/www.norflex.de\/es\/ueber-uns\/#breadcrumb\"},\"inLanguage\":\"de\",\"potentialAction\":[{\"@type\":\"ReadAction\",\"target\":[\"https:\/\/www.norflex.de\/es\/ueber-uns\/\"]}]},{\"@type\":\"BreadcrumbList\",\"@id\":\"https:\/\/www.norflex.de\/es\/ueber-uns\/#breadcrumb\",\"itemListElement\":[{\"@type\":\"ListItem\",\"position\":1,\"name\":\"Home\",\"item\":\"https:\/\/www.norflex.de\/es\/\"},{\"@type\":\"ListItem\",\"position\":2,\"name\":\"Acerca de nosotros\"}]},{\"@type\":\"WebSite\",\"@id\":\"https:\/\/www.norflex.de\/es\/#website\",\"url\":\"https:\/\/www.norflex.de\/es\/\",\"name\":\"Norflex\",\"description\":\"\",\"potentialAction\":[{\"@type\":\"SearchAction\",\"target\":{\"@type\":\"EntryPoint\",\"urlTemplate\":\"https:\/\/www.norflex.de\/es\/?s={search_term_string}\"},\"query-input\":\"required name=search_term_string\"}],\"inLanguage\":\"de\"}]}<\/script>\n<!-- \/ Yoast SEO plugin. -->","yoast_head_json":{"title":"Acerca de nosotros - Norflex","robots":{"index":"index","follow":"follow","max-snippet":"max-snippet:-1","max-image-preview":"max-image-preview:large","max-video-preview":"max-video-preview:-1"},"canonical":"https:\/\/www.norflex.de\/es\/ueber-uns\/","og_locale":"de_DE","og_type":"article","og_title":"Acerca de nosotros - Norflex","og_description":"[vc_row][vc_column width=&#8220;1\/2&#8243;][vc_column_text]Desde hace m\u00e1s de 75 a\u00f1os, como uno de los principales productores en todo el mundo fabricamos l\u00e1minas de poliestireno orientadas biaxiales. La tecnolog\u00eda de extrusi\u00f3n desarrollada en la propia empresa contribuye considerablemente a un ajuste preciso y a la mejora de las propiedades mec\u00e1nicas del poliestireno. Nuestra amplia gama de l\u00e1minas con distintos [&hellip;]","og_url":"https:\/\/www.norflex.de\/es\/ueber-uns\/","og_site_name":"Norflex","article_modified_time":"2018-02-11T17:22:54+00:00","og_image":[{"width":1024,"height":454,"url":"https:\/\/www.norflex.de\/es\/wp-content\/uploads\/2015\/10\/bg_startseite.jpg","type":"image\/jpeg"}],"twitter_card":"summary_large_image","twitter_misc":{"Gesch\u00e4tzte Lesezeit":"1\u00a0Minute"},"schema":{"@context":"https:\/\/schema.org","@graph":[{"@type":"WebPage","@id":"https:\/\/www.norflex.de\/es\/ueber-uns\/","url":"https:\/\/www.norflex.de\/es\/ueber-uns\/","name":"Acerca de nosotros - Norflex","isPartOf":{"@id":"https:\/\/www.norflex.de\/es\/#website"},"datePublished":"2015-10-22T13:52:40+00:00","dateModified":"2018-02-11T17:22:54+00:00","breadcrumb":{"@id":"https:\/\/www.norflex.de\/es\/ueber-uns\/#breadcrumb"},"inLanguage":"de","potentialAction":[{"@type":"ReadAction","target":["https:\/\/www.norflex.de\/es\/ueber-uns\/"]}]},{"@type":"BreadcrumbList","@id":"https:\/\/www.norflex.de\/es\/ueber-uns\/#breadcrumb","itemListElement":[{"@type":"ListItem","position":1,"name":"Home","item":"https:\/\/www.norflex.de\/es\/"},{"@type":"ListItem","position":2,"name":"Acerca de nosotros"}]},{"@type":"WebSite","@id":"https:\/\/www.norflex.de\/es\/#website","url":"https:\/\/www.norflex.de\/es\/","name":"Norflex","description":"","potentialAction":[{"@type":"SearchAction","target":{"@type":"EntryPoint","urlTemplate":"https:\/\/www.norflex.de\/es\/?s={search_term_string}"},"query-input":"required name=search_term_string"}],"inLanguage":"de"}]}},"_links":{"self":[{"href":"https:\/\/www.norflex.de\/es\/wp-json\/wp\/v2\/pages\/2"}],"collection":[{"href":"https:\/\/www.norflex.de\/es\/wp-json\/wp\/v2\/pages"}],"about":[{"href":"https:\/\/www.norflex.de\/es\/wp-json\/wp\/v2\/types\/page"}],"author":[{"embeddable":true,"href":"https:\/\/www.norflex.de\/es\/wp-json\/wp\/v2\/users\/3"}],"replies":[{"embeddable":true,"href":"https:\/\/www.norflex.de\/es\/wp-json\/wp\/v2\/comments?post=2"}],"version-history":[{"count":15,"href":"https:\/\/www.norflex.de\/es\/wp-json\/wp\/v2\/pages\/2\/revisions"}],"predecessor-version":[{"id":250,"href":"https:\/\/www.norflex.de\/es\/wp-json\/wp\/v2\/pages\/2\/revisions\/250"}],"wp:featuredmedia":[{"embeddable":true,"href":"https:\/\/www.norflex.de\/es\/wp-json\/wp\/v2\/media\/86"}],"wp:attachment":[{"href":"https:\/\/www.norflex.de\/es\/wp-json\/wp\/v2\/media?parent=2"}],"curies":[{"name":"wp","href":"https:\/\/api.w.org\/{rel}","templated":true}]}}