{"id":21,"date":"2015-10-22T18:07:38","date_gmt":"2015-10-22T16:07:38","guid":{"rendered":"http:\/\/norflex.lippe-internetagentur.de\/?page_id=21"},"modified":"2018-05-09T14:26:42","modified_gmt":"2018-05-09T12:26:42","slug":"neu1","status":"publish","type":"page","link":"https:\/\/www.norflex.de\/es\/neu1\/","title":{"rendered":"L\u00e1minas especiales"},"content":{"rendered":"<p>[vc_row][vc_column][vc_column_text]<strong>\u201cL\u00e1minas especiales PS<\/strong><\/p>\n<p>Para aplicaciones especiales ofrecemos l\u00e1minas especiales de poliestireno orientado biaxial. Por ejemplo, fabricamos l\u00e1mina en negro total para la demanda en filatelia o tambi\u00e9n l\u00e1mina ajustada al impacto especial para revestimientos.&#8220;<\/p>\n<p>&nbsp;<\/p>\n<p><strong>SAN<\/strong><\/p>\n<p>El estireno acrilonitrilo, como copol\u00edmero de estireno y acrilonitrilo, es similar al poliestireno en cuanto a su estructura y propiedades.<\/p>\n<p>La principal finalidad de uso de esta exclusiva l\u00e1mina es el etiquetaje Inmould, es decir, la inyecci\u00f3n posterior de la l\u00e1mina con pl\u00e1stico l\u00edquido en un molde de inyecci\u00f3n. De este modo, la l\u00e1mina sella muchos pl\u00e1sticos usuales, p. ej. ABS o PC.<\/p>\n<p>La elevada dureza de la superficie, la resistencia qu\u00edmica as\u00ed como la idoneidad para lavavajillas caracterizan el producto. Adem\u00e1s, este tipo de l\u00e1mina se utiliza para la decoraci\u00f3n permanente de utensilios de cocina, p. ej. vasos medidores o bandejas.[\/vc_column_text][\/vc_column][\/vc_row]<\/p>\n","protected":false},"excerpt":{"rendered":"<p>[vc_row][vc_column][vc_column_text]\u201cL\u00e1minas especiales PS Para aplicaciones especiales ofrecemos l\u00e1minas especiales de poliestireno orientado biaxial. Por ejemplo, fabricamos l\u00e1mina en negro total para la demanda en filatelia o tambi\u00e9n l\u00e1mina ajustada al impacto especial para revestimientos.&#8220; &nbsp; SAN El estireno acrilonitrilo, como copol\u00edmero de estireno y acrilonitrilo, es similar al poliestireno en cuanto a su estructura y [&hellip;]<\/p>\n","protected":false},"author":3,"featured_media":0,"parent":0,"menu_order":0,"comment_status":"closed","ping_status":"closed","template":"","meta":[],"yoast_head":"<!-- This site is optimized with the Yoast SEO plugin v20.11 - https:\/\/yoast.com\/wordpress\/plugins\/seo\/ -->\n<title>L\u00e1minas especiales - Norflex<\/title>\n<meta name=\"robots\" content=\"index, follow, max-snippet:-1, max-image-preview:large, max-video-preview:-1\" \/>\n<link rel=\"canonical\" href=\"https:\/\/www.norflex.de\/es\/neu1\/\" \/>\n<meta property=\"og:locale\" content=\"de_DE\" \/>\n<meta property=\"og:type\" content=\"article\" \/>\n<meta property=\"og:title\" content=\"L\u00e1minas especiales - Norflex\" \/>\n<meta property=\"og:description\" content=\"[vc_row][vc_column][vc_column_text]\u201cL\u00e1minas especiales PS Para aplicaciones especiales ofrecemos l\u00e1minas especiales de poliestireno orientado biaxial. Por ejemplo, fabricamos l\u00e1mina en negro total para la demanda en filatelia o tambi\u00e9n l\u00e1mina ajustada al impacto especial para revestimientos.&#8220; &nbsp; SAN El estireno acrilonitrilo, como copol\u00edmero de estireno y acrilonitrilo, es similar al poliestireno en cuanto a su estructura y [&hellip;]\" \/>\n<meta property=\"og:url\" content=\"https:\/\/www.norflex.de\/es\/neu1\/\" \/>\n<meta property=\"og:site_name\" content=\"Norflex\" \/>\n<meta property=\"article:modified_time\" content=\"2018-05-09T12:26:42+00:00\" \/>\n<meta name=\"twitter:card\" content=\"summary_large_image\" \/>\n<meta name=\"twitter:label1\" content=\"Gesch\u00e4tzte Lesezeit\" \/>\n\t<meta name=\"twitter:data1\" content=\"1\u00a0Minute\" \/>\n<script type=\"application\/ld+json\" class=\"yoast-schema-graph\">{\"@context\":\"https:\/\/schema.org\",\"@graph\":[{\"@type\":\"WebPage\",\"@id\":\"https:\/\/www.norflex.de\/es\/neu1\/\",\"url\":\"https:\/\/www.norflex.de\/es\/neu1\/\",\"name\":\"L\u00e1minas especiales - Norflex\",\"isPartOf\":{\"@id\":\"https:\/\/www.norflex.de\/es\/#website\"},\"datePublished\":\"2015-10-22T16:07:38+00:00\",\"dateModified\":\"2018-05-09T12:26:42+00:00\",\"breadcrumb\":{\"@id\":\"https:\/\/www.norflex.de\/es\/neu1\/#breadcrumb\"},\"inLanguage\":\"de\",\"potentialAction\":[{\"@type\":\"ReadAction\",\"target\":[\"https:\/\/www.norflex.de\/es\/neu1\/\"]}]},{\"@type\":\"BreadcrumbList\",\"@id\":\"https:\/\/www.norflex.de\/es\/neu1\/#breadcrumb\",\"itemListElement\":[{\"@type\":\"ListItem\",\"position\":1,\"name\":\"Home\",\"item\":\"https:\/\/www.norflex.de\/es\/\"},{\"@type\":\"ListItem\",\"position\":2,\"name\":\"L\u00e1minas especiales\"}]},{\"@type\":\"WebSite\",\"@id\":\"https:\/\/www.norflex.de\/es\/#website\",\"url\":\"https:\/\/www.norflex.de\/es\/\",\"name\":\"Norflex\",\"description\":\"\",\"potentialAction\":[{\"@type\":\"SearchAction\",\"target\":{\"@type\":\"EntryPoint\",\"urlTemplate\":\"https:\/\/www.norflex.de\/es\/?s={search_term_string}\"},\"query-input\":\"required name=search_term_string\"}],\"inLanguage\":\"de\"}]}<\/script>\n<!-- \/ Yoast SEO plugin. -->","yoast_head_json":{"title":"L\u00e1minas especiales - Norflex","robots":{"index":"index","follow":"follow","max-snippet":"max-snippet:-1","max-image-preview":"max-image-preview:large","max-video-preview":"max-video-preview:-1"},"canonical":"https:\/\/www.norflex.de\/es\/neu1\/","og_locale":"de_DE","og_type":"article","og_title":"L\u00e1minas especiales - Norflex","og_description":"[vc_row][vc_column][vc_column_text]\u201cL\u00e1minas especiales PS Para aplicaciones especiales ofrecemos l\u00e1minas especiales de poliestireno orientado biaxial. Por ejemplo, fabricamos l\u00e1mina en negro total para la demanda en filatelia o tambi\u00e9n l\u00e1mina ajustada al impacto especial para revestimientos.&#8220; &nbsp; SAN El estireno acrilonitrilo, como copol\u00edmero de estireno y acrilonitrilo, es similar al poliestireno en cuanto a su estructura y [&hellip;]","og_url":"https:\/\/www.norflex.de\/es\/neu1\/","og_site_name":"Norflex","article_modified_time":"2018-05-09T12:26:42+00:00","twitter_card":"summary_large_image","twitter_misc":{"Gesch\u00e4tzte Lesezeit":"1\u00a0Minute"},"schema":{"@context":"https:\/\/schema.org","@graph":[{"@type":"WebPage","@id":"https:\/\/www.norflex.de\/es\/neu1\/","url":"https:\/\/www.norflex.de\/es\/neu1\/","name":"L\u00e1minas especiales - Norflex","isPartOf":{"@id":"https:\/\/www.norflex.de\/es\/#website"},"datePublished":"2015-10-22T16:07:38+00:00","dateModified":"2018-05-09T12:26:42+00:00","breadcrumb":{"@id":"https:\/\/www.norflex.de\/es\/neu1\/#breadcrumb"},"inLanguage":"de","potentialAction":[{"@type":"ReadAction","target":["https:\/\/www.norflex.de\/es\/neu1\/"]}]},{"@type":"BreadcrumbList","@id":"https:\/\/www.norflex.de\/es\/neu1\/#breadcrumb","itemListElement":[{"@type":"ListItem","position":1,"name":"Home","item":"https:\/\/www.norflex.de\/es\/"},{"@type":"ListItem","position":2,"name":"L\u00e1minas especiales"}]},{"@type":"WebSite","@id":"https:\/\/www.norflex.de\/es\/#website","url":"https:\/\/www.norflex.de\/es\/","name":"Norflex","description":"","potentialAction":[{"@type":"SearchAction","target":{"@type":"EntryPoint","urlTemplate":"https:\/\/www.norflex.de\/es\/?s={search_term_string}"},"query-input":"required name=search_term_string"}],"inLanguage":"de"}]}},"_links":{"self":[{"href":"https:\/\/www.norflex.de\/es\/wp-json\/wp\/v2\/pages\/21"}],"collection":[{"href":"https:\/\/www.norflex.de\/es\/wp-json\/wp\/v2\/pages"}],"about":[{"href":"https:\/\/www.norflex.de\/es\/wp-json\/wp\/v2\/types\/page"}],"author":[{"embeddable":true,"href":"https:\/\/www.norflex.de\/es\/wp-json\/wp\/v2\/users\/3"}],"replies":[{"embeddable":true,"href":"https:\/\/www.norflex.de\/es\/wp-json\/wp\/v2\/comments?post=21"}],"version-history":[{"count":9,"href":"https:\/\/www.norflex.de\/es\/wp-json\/wp\/v2\/pages\/21\/revisions"}],"predecessor-version":[{"id":267,"href":"https:\/\/www.norflex.de\/es\/wp-json\/wp\/v2\/pages\/21\/revisions\/267"}],"wp:attachment":[{"href":"https:\/\/www.norflex.de\/es\/wp-json\/wp\/v2\/media?parent=21"}],"curies":[{"name":"wp","href":"https:\/\/api.w.org\/{rel}","templated":true}]}}