{"id":5,"date":"2015-10-22T18:05:41","date_gmt":"2015-10-22T16:05:41","guid":{"rendered":"http:\/\/norflex.lippe-internetagentur.de\/?page_id=5"},"modified":"2018-02-11T19:09:17","modified_gmt":"2018-02-11T17:09:17","slug":"produkte","status":"publish","type":"page","link":"https:\/\/www.norflex.de\/es\/","title":{"rendered":"Productos"},"content":{"rendered":"<p>[vc_row][vc_column][vc_column_text]Nuestra empresa comercializa en todo el mundo una gran variedad de productos de \u00e9xito, que se desarrollan en la propia empresa y que se mejoran y optimizan constantemente en colaboraci\u00f3n con nuestros clientes.<\/p>\n<p>Nuestra gama de productos se compone de l\u00e1minas e hilos de pl\u00e1stico a base de poliestireno y estireno acrilonitrilo.<\/p>\n<p><strong>SUMINISTRAMOS EN TODO EL MUNDO<\/strong><\/p>\n<p>Las categor\u00edas de producto son:[\/vc_column_text][vc_custom_heading text=&#8220;Norflex Interleaver- l\u00e1mina de separaci\u00f3n para alimentos cortados&#8220; font_container=&#8220;tag:h2|font_size:25|text_align:left|color:%231e73be&#8220; google_fonts=&#8220;font_family:PT%20Sans%3Aregular%2Citalic%2C700%2C700italic|font_style:700%20bold%20regular%3A700%3Anormal&#8220; link=&#8220;url:https%3A%2F%2Fwww.norflex.de%2Fes%2Finterleaver%2F|||&#8220;][vc_custom_heading text=&#8220;Pel\u00edcula para ventanas ergo.win &#8211; pel\u00edcula para ventanas de sobres&#8220; font_container=&#8220;tag:h2|font_size:25|text_align:left|color:%231e73be&#8220; google_fonts=&#8220;font_family:PT%20Sans%3Aregular%2Citalic%2C700%2C700italic|font_style:700%20bold%20regular%3A700%3Anormal&#8220; link=&#8220;url:https%3A%2F%2Fwww.norflex.de%2Fes%2Ffensterfolie%2F|||&#8220;][vc_custom_heading text=&#8220;L\u00e1mina aislante e hilos de cables &#8211; l\u00e1mina para el aislamiento de cables de cobre&#8220; font_container=&#8220;tag:h2|font_size:25|text_align:left|color:%231e73be&#8220; google_fonts=&#8220;font_family:PT%20Sans%3Aregular%2Citalic%2C700%2C700italic|font_style:700%20bold%20regular%3A700%3Anormal&#8220; link=&#8220;url:https%3A%2F%2Fwww.norflex.de%2Fes%2Fspecial-products%2F|||&#8220;][vc_custom_heading text=&#8220;L\u00e1mina SAN &#8211; l\u00e1mina para el procedimiento Inmould&#8220; font_container=&#8220;tag:h2|font_size:25|text_align:left|color:%231e73be&#8220; google_fonts=&#8220;font_family:PT%20Sans%3Aregular%2Citalic%2C700%2C700italic|font_style:700%20bold%20regular%3A700%3Anormal&#8220; link=&#8220;url:https%3A%2F%2Fwww.norflex.de%2Fes%2Fneu1%2F|||&#8220;][\/vc_column][\/vc_row]<\/p>\n","protected":false},"excerpt":{"rendered":"<p>[vc_row][vc_column][vc_column_text]Nuestra empresa comercializa en todo el mundo una gran variedad de productos de \u00e9xito, que se desarrollan en la propia empresa y que se mejoran y optimizan constantemente en colaboraci\u00f3n con nuestros clientes. Nuestra gama de productos se compone de l\u00e1minas e hilos de pl\u00e1stico a base de poliestireno y estireno acrilonitrilo. SUMINISTRAMOS EN TODO [&hellip;]<\/p>\n","protected":false},"author":3,"featured_media":78,"parent":0,"menu_order":0,"comment_status":"closed","ping_status":"closed","template":"","meta":[],"yoast_head":"<!-- This site is optimized with the Yoast SEO plugin v20.11 - https:\/\/yoast.com\/wordpress\/plugins\/seo\/ -->\n<title>Productos - Norflex<\/title>\n<meta name=\"robots\" content=\"index, follow, max-snippet:-1, max-image-preview:large, max-video-preview:-1\" \/>\n<link rel=\"canonical\" href=\"https:\/\/www.norflex.de\/es\/\" \/>\n<meta property=\"og:locale\" content=\"de_DE\" \/>\n<meta property=\"og:type\" content=\"article\" \/>\n<meta property=\"og:title\" content=\"Productos - Norflex\" \/>\n<meta property=\"og:description\" content=\"[vc_row][vc_column][vc_column_text]Nuestra empresa comercializa en todo el mundo una gran variedad de productos de \u00e9xito, que se desarrollan en la propia empresa y que se mejoran y optimizan constantemente en colaboraci\u00f3n con nuestros clientes. Nuestra gama de productos se compone de l\u00e1minas e hilos de pl\u00e1stico a base de poliestireno y estireno acrilonitrilo. SUMINISTRAMOS EN TODO [&hellip;]\" \/>\n<meta property=\"og:url\" content=\"https:\/\/www.norflex.de\/es\/\" \/>\n<meta property=\"og:site_name\" content=\"Norflex\" \/>\n<meta property=\"article:modified_time\" content=\"2018-02-11T17:09:17+00:00\" \/>\n<meta property=\"og:image\" content=\"https:\/\/www.norflex.de\/es\/wp-content\/uploads\/2015\/10\/bg_produkte.jpg\" \/>\n\t<meta property=\"og:image:width\" content=\"1024\" \/>\n\t<meta property=\"og:image:height\" content=\"454\" \/>\n\t<meta property=\"og:image:type\" content=\"image\/jpeg\" \/>\n<meta name=\"twitter:card\" content=\"summary_large_image\" \/>\n<meta name=\"twitter:label1\" content=\"Gesch\u00e4tzte Lesezeit\" \/>\n\t<meta name=\"twitter:data1\" content=\"2\u00a0Minuten\" \/>\n<script type=\"application\/ld+json\" class=\"yoast-schema-graph\">{\"@context\":\"https:\/\/schema.org\",\"@graph\":[{\"@type\":\"WebPage\",\"@id\":\"https:\/\/www.norflex.de\/es\/\",\"url\":\"https:\/\/www.norflex.de\/es\/\",\"name\":\"Productos - Norflex\",\"isPartOf\":{\"@id\":\"https:\/\/www.norflex.de\/es\/#website\"},\"datePublished\":\"2015-10-22T16:05:41+00:00\",\"dateModified\":\"2018-02-11T17:09:17+00:00\",\"breadcrumb\":{\"@id\":\"https:\/\/www.norflex.de\/es\/#breadcrumb\"},\"inLanguage\":\"de\",\"potentialAction\":[{\"@type\":\"ReadAction\",\"target\":[\"https:\/\/www.norflex.de\/es\/\"]}]},{\"@type\":\"BreadcrumbList\",\"@id\":\"https:\/\/www.norflex.de\/es\/#breadcrumb\",\"itemListElement\":[{\"@type\":\"ListItem\",\"position\":1,\"name\":\"Home\",\"item\":\"https:\/\/www.norflex.de\/es\/\"},{\"@type\":\"ListItem\",\"position\":2,\"name\":\"Productos\"}]},{\"@type\":\"WebSite\",\"@id\":\"https:\/\/www.norflex.de\/es\/#website\",\"url\":\"https:\/\/www.norflex.de\/es\/\",\"name\":\"Norflex\",\"description\":\"\",\"potentialAction\":[{\"@type\":\"SearchAction\",\"target\":{\"@type\":\"EntryPoint\",\"urlTemplate\":\"https:\/\/www.norflex.de\/es\/?s={search_term_string}\"},\"query-input\":\"required name=search_term_string\"}],\"inLanguage\":\"de\"}]}<\/script>\n<!-- \/ Yoast SEO plugin. -->","yoast_head_json":{"title":"Productos - Norflex","robots":{"index":"index","follow":"follow","max-snippet":"max-snippet:-1","max-image-preview":"max-image-preview:large","max-video-preview":"max-video-preview:-1"},"canonical":"https:\/\/www.norflex.de\/es\/","og_locale":"de_DE","og_type":"article","og_title":"Productos - Norflex","og_description":"[vc_row][vc_column][vc_column_text]Nuestra empresa comercializa en todo el mundo una gran variedad de productos de \u00e9xito, que se desarrollan en la propia empresa y que se mejoran y optimizan constantemente en colaboraci\u00f3n con nuestros clientes. Nuestra gama de productos se compone de l\u00e1minas e hilos de pl\u00e1stico a base de poliestireno y estireno acrilonitrilo. SUMINISTRAMOS EN TODO [&hellip;]","og_url":"https:\/\/www.norflex.de\/es\/","og_site_name":"Norflex","article_modified_time":"2018-02-11T17:09:17+00:00","og_image":[{"width":1024,"height":454,"url":"https:\/\/www.norflex.de\/es\/wp-content\/uploads\/2015\/10\/bg_produkte.jpg","type":"image\/jpeg"}],"twitter_card":"summary_large_image","twitter_misc":{"Gesch\u00e4tzte Lesezeit":"2\u00a0Minuten"},"schema":{"@context":"https:\/\/schema.org","@graph":[{"@type":"WebPage","@id":"https:\/\/www.norflex.de\/es\/","url":"https:\/\/www.norflex.de\/es\/","name":"Productos - Norflex","isPartOf":{"@id":"https:\/\/www.norflex.de\/es\/#website"},"datePublished":"2015-10-22T16:05:41+00:00","dateModified":"2018-02-11T17:09:17+00:00","breadcrumb":{"@id":"https:\/\/www.norflex.de\/es\/#breadcrumb"},"inLanguage":"de","potentialAction":[{"@type":"ReadAction","target":["https:\/\/www.norflex.de\/es\/"]}]},{"@type":"BreadcrumbList","@id":"https:\/\/www.norflex.de\/es\/#breadcrumb","itemListElement":[{"@type":"ListItem","position":1,"name":"Home","item":"https:\/\/www.norflex.de\/es\/"},{"@type":"ListItem","position":2,"name":"Productos"}]},{"@type":"WebSite","@id":"https:\/\/www.norflex.de\/es\/#website","url":"https:\/\/www.norflex.de\/es\/","name":"Norflex","description":"","potentialAction":[{"@type":"SearchAction","target":{"@type":"EntryPoint","urlTemplate":"https:\/\/www.norflex.de\/es\/?s={search_term_string}"},"query-input":"required name=search_term_string"}],"inLanguage":"de"}]}},"_links":{"self":[{"href":"https:\/\/www.norflex.de\/es\/wp-json\/wp\/v2\/pages\/5"}],"collection":[{"href":"https:\/\/www.norflex.de\/es\/wp-json\/wp\/v2\/pages"}],"about":[{"href":"https:\/\/www.norflex.de\/es\/wp-json\/wp\/v2\/types\/page"}],"author":[{"embeddable":true,"href":"https:\/\/www.norflex.de\/es\/wp-json\/wp\/v2\/users\/3"}],"replies":[{"embeddable":true,"href":"https:\/\/www.norflex.de\/es\/wp-json\/wp\/v2\/comments?post=5"}],"version-history":[{"count":9,"href":"https:\/\/www.norflex.de\/es\/wp-json\/wp\/v2\/pages\/5\/revisions"}],"predecessor-version":[{"id":249,"href":"https:\/\/www.norflex.de\/es\/wp-json\/wp\/v2\/pages\/5\/revisions\/249"}],"wp:featuredmedia":[{"embeddable":true,"href":"https:\/\/www.norflex.de\/es\/wp-json\/wp\/v2\/media\/78"}],"wp:attachment":[{"href":"https:\/\/www.norflex.de\/es\/wp-json\/wp\/v2\/media?parent=5"}],"curies":[{"name":"wp","href":"https:\/\/api.w.org\/{rel}","templated":true}]}}