{"id":7,"date":"2015-10-22T18:05:56","date_gmt":"2015-10-22T16:05:56","guid":{"rendered":"http:\/\/norflex.lippe-internetagentur.de\/?page_id=7"},"modified":"2018-02-13T12:31:23","modified_gmt":"2018-02-13T10:31:23","slug":"interleaver","status":"publish","type":"page","link":"https:\/\/www.norflex.de\/es\/interleaver\/","title":{"rendered":"Norflex Interleaver- l\u00e1mina de separaci\u00f3n <br>para alimentos cortados"},"content":{"rendered":"<p>[vc_row][vc_column][vc_column_text]Nuestras l\u00e1minas Interleaver son un producto que cada vez m\u00e1s se utiliza en rebanadoras de alto rendimiento para lonchas de queso, embutido, carne y pescado como l\u00e1mina de separaci\u00f3n.<\/p>\n<p>El continuo desarrollo de nuestros productos garantiza las m\u00faltiples propiedades excelentes de este tipo de l\u00e1mina:<\/p>\n<ul>\n<li>Pueden procesarse con velocidades de ciclo m\u00e1ximas<\/li>\n<li>M\u00e1xima eficiencia en la producci\u00f3n<\/li>\n<li>Elevada seguridad de proceso mediante una calidad continua<\/li>\n<li>Tolerancias de grosor bajas espec\u00edficas de la fabricaci\u00f3n<\/li>\n<li>Gracias a las propiedades mec\u00e1nicas de nuestra l\u00e1mina se logra una gran duraci\u00f3n de las cuchillas<\/li>\n<li>Pueden procesarse tanto con cuchillas circulares como falciformes<\/li>\n<li>Cantos de corte limpios sin deshilacharse o astillarse<\/li>\n<li>Planitud excelente mediante una elevada rigidez propia<\/li>\n<li>No higrosc\u00f3picas, es decir, absorci\u00f3n de humedad m\u00ednima, con lo cual de nuevo se influye positivamente en la planitud<\/li>\n<li>Inodoras e ins\u00edpidas<\/li>\n<li>Inocuas fisiol\u00f3gicamente y aptas para el contacto directo con alimentos<\/li>\n<li>Posibilidad de distintos grosores, colores y superficies<\/li>\n<li>El corte de rollos lo realizamos en cortadoras de rollos controladas por CNC con precisi\u00f3n milim\u00e9trica<\/li>\n<\/ul>\n<p>[\/vc_column_text][\/vc_column][\/vc_row][vc_row][vc_column][vc_column_text]<strong>Trabajamos juntamente con los principales fabricantes de rebanadoras para ofrecerles productos excelentes que cumplan los elevados requisitos en cuanto a reducci\u00f3n de costes as\u00ed como maximizaci\u00f3n del rendimiento.<\/strong><\/p>\n<p><strong>Seg\u00fan el campo de aplicaci\u00f3n, suministramos calidades de l\u00e1mina transparentes, mates, en relieve (con estructura) y blancas.<\/strong>[\/vc_column_text][\/vc_column][\/vc_row][vc_row][vc_column][vc_single_image image=&#8220;262&#8243; img_size=&#8220;large&#8220; alignment=&#8220;center&#8220; title=&#8220;Interleaver Varianten&#8220;][\/vc_column][\/vc_row]<\/p>\n","protected":false},"excerpt":{"rendered":"<p>[vc_row][vc_column][vc_column_text]Nuestras l\u00e1minas Interleaver son un producto que cada vez m\u00e1s se utiliza en rebanadoras de alto rendimiento para lonchas de queso, embutido, carne y pescado como l\u00e1mina de separaci\u00f3n. El continuo desarrollo de nuestros productos garantiza las m\u00faltiples propiedades excelentes de este tipo de l\u00e1mina: Pueden procesarse con velocidades de ciclo m\u00e1ximas M\u00e1xima eficiencia en [&hellip;]<\/p>\n","protected":false},"author":3,"featured_media":79,"parent":0,"menu_order":0,"comment_status":"closed","ping_status":"closed","template":"","meta":[],"yoast_head":"<!-- This site is optimized with the Yoast SEO plugin v20.11 - https:\/\/yoast.com\/wordpress\/plugins\/seo\/ -->\n<title>Norflex Interleaver- l\u00e1mina de separaci\u00f3n para alimentos cortados - Norflex<\/title>\n<meta name=\"robots\" content=\"index, follow, max-snippet:-1, max-image-preview:large, max-video-preview:-1\" \/>\n<link rel=\"canonical\" href=\"https:\/\/www.norflex.de\/es\/interleaver\/\" \/>\n<meta property=\"og:locale\" content=\"de_DE\" \/>\n<meta property=\"og:type\" content=\"article\" \/>\n<meta property=\"og:title\" content=\"Norflex Interleaver- l\u00e1mina de separaci\u00f3n para alimentos cortados - Norflex\" \/>\n<meta property=\"og:description\" content=\"[vc_row][vc_column][vc_column_text]Nuestras l\u00e1minas Interleaver son un producto que cada vez m\u00e1s se utiliza en rebanadoras de alto rendimiento para lonchas de queso, embutido, carne y pescado como l\u00e1mina de separaci\u00f3n. El continuo desarrollo de nuestros productos garantiza las m\u00faltiples propiedades excelentes de este tipo de l\u00e1mina: Pueden procesarse con velocidades de ciclo m\u00e1ximas M\u00e1xima eficiencia en [&hellip;]\" \/>\n<meta property=\"og:url\" content=\"https:\/\/www.norflex.de\/es\/interleaver\/\" \/>\n<meta property=\"og:site_name\" content=\"Norflex\" \/>\n<meta property=\"article:modified_time\" content=\"2018-02-13T10:31:23+00:00\" \/>\n<meta property=\"og:image\" content=\"https:\/\/www.norflex.de\/es\/wp-content\/uploads\/2015\/10\/bg_interleaver.jpg\" \/>\n\t<meta property=\"og:image:width\" content=\"1024\" \/>\n\t<meta property=\"og:image:height\" content=\"454\" \/>\n\t<meta property=\"og:image:type\" content=\"image\/jpeg\" \/>\n<meta name=\"twitter:card\" content=\"summary_large_image\" \/>\n<meta name=\"twitter:label1\" content=\"Gesch\u00e4tzte Lesezeit\" \/>\n\t<meta name=\"twitter:data1\" content=\"1\u00a0Minute\" \/>\n<script type=\"application\/ld+json\" class=\"yoast-schema-graph\">{\"@context\":\"https:\/\/schema.org\",\"@graph\":[{\"@type\":\"WebPage\",\"@id\":\"https:\/\/www.norflex.de\/es\/interleaver\/\",\"url\":\"https:\/\/www.norflex.de\/es\/interleaver\/\",\"name\":\"Norflex Interleaver- l\u00e1mina de separaci\u00f3n para alimentos cortados - Norflex\",\"isPartOf\":{\"@id\":\"https:\/\/www.norflex.de\/es\/#website\"},\"datePublished\":\"2015-10-22T16:05:56+00:00\",\"dateModified\":\"2018-02-13T10:31:23+00:00\",\"breadcrumb\":{\"@id\":\"https:\/\/www.norflex.de\/es\/interleaver\/#breadcrumb\"},\"inLanguage\":\"de\",\"potentialAction\":[{\"@type\":\"ReadAction\",\"target\":[\"https:\/\/www.norflex.de\/es\/interleaver\/\"]}]},{\"@type\":\"BreadcrumbList\",\"@id\":\"https:\/\/www.norflex.de\/es\/interleaver\/#breadcrumb\",\"itemListElement\":[{\"@type\":\"ListItem\",\"position\":1,\"name\":\"Home\",\"item\":\"https:\/\/www.norflex.de\/es\/\"},{\"@type\":\"ListItem\",\"position\":2,\"name\":\"Norflex Interleaver- l\u00e1mina de separaci\u00f3n para alimentos cortados\"}]},{\"@type\":\"WebSite\",\"@id\":\"https:\/\/www.norflex.de\/es\/#website\",\"url\":\"https:\/\/www.norflex.de\/es\/\",\"name\":\"Norflex\",\"description\":\"\",\"potentialAction\":[{\"@type\":\"SearchAction\",\"target\":{\"@type\":\"EntryPoint\",\"urlTemplate\":\"https:\/\/www.norflex.de\/es\/?s={search_term_string}\"},\"query-input\":\"required name=search_term_string\"}],\"inLanguage\":\"de\"}]}<\/script>\n<!-- \/ Yoast SEO plugin. -->","yoast_head_json":{"title":"Norflex Interleaver- l\u00e1mina de separaci\u00f3n para alimentos cortados - Norflex","robots":{"index":"index","follow":"follow","max-snippet":"max-snippet:-1","max-image-preview":"max-image-preview:large","max-video-preview":"max-video-preview:-1"},"canonical":"https:\/\/www.norflex.de\/es\/interleaver\/","og_locale":"de_DE","og_type":"article","og_title":"Norflex Interleaver- l\u00e1mina de separaci\u00f3n para alimentos cortados - Norflex","og_description":"[vc_row][vc_column][vc_column_text]Nuestras l\u00e1minas Interleaver son un producto que cada vez m\u00e1s se utiliza en rebanadoras de alto rendimiento para lonchas de queso, embutido, carne y pescado como l\u00e1mina de separaci\u00f3n. El continuo desarrollo de nuestros productos garantiza las m\u00faltiples propiedades excelentes de este tipo de l\u00e1mina: Pueden procesarse con velocidades de ciclo m\u00e1ximas M\u00e1xima eficiencia en [&hellip;]","og_url":"https:\/\/www.norflex.de\/es\/interleaver\/","og_site_name":"Norflex","article_modified_time":"2018-02-13T10:31:23+00:00","og_image":[{"width":1024,"height":454,"url":"https:\/\/www.norflex.de\/es\/wp-content\/uploads\/2015\/10\/bg_interleaver.jpg","type":"image\/jpeg"}],"twitter_card":"summary_large_image","twitter_misc":{"Gesch\u00e4tzte Lesezeit":"1\u00a0Minute"},"schema":{"@context":"https:\/\/schema.org","@graph":[{"@type":"WebPage","@id":"https:\/\/www.norflex.de\/es\/interleaver\/","url":"https:\/\/www.norflex.de\/es\/interleaver\/","name":"Norflex Interleaver- l\u00e1mina de separaci\u00f3n para alimentos cortados - Norflex","isPartOf":{"@id":"https:\/\/www.norflex.de\/es\/#website"},"datePublished":"2015-10-22T16:05:56+00:00","dateModified":"2018-02-13T10:31:23+00:00","breadcrumb":{"@id":"https:\/\/www.norflex.de\/es\/interleaver\/#breadcrumb"},"inLanguage":"de","potentialAction":[{"@type":"ReadAction","target":["https:\/\/www.norflex.de\/es\/interleaver\/"]}]},{"@type":"BreadcrumbList","@id":"https:\/\/www.norflex.de\/es\/interleaver\/#breadcrumb","itemListElement":[{"@type":"ListItem","position":1,"name":"Home","item":"https:\/\/www.norflex.de\/es\/"},{"@type":"ListItem","position":2,"name":"Norflex Interleaver- l\u00e1mina de separaci\u00f3n para alimentos cortados"}]},{"@type":"WebSite","@id":"https:\/\/www.norflex.de\/es\/#website","url":"https:\/\/www.norflex.de\/es\/","name":"Norflex","description":"","potentialAction":[{"@type":"SearchAction","target":{"@type":"EntryPoint","urlTemplate":"https:\/\/www.norflex.de\/es\/?s={search_term_string}"},"query-input":"required name=search_term_string"}],"inLanguage":"de"}]}},"_links":{"self":[{"href":"https:\/\/www.norflex.de\/es\/wp-json\/wp\/v2\/pages\/7"}],"collection":[{"href":"https:\/\/www.norflex.de\/es\/wp-json\/wp\/v2\/pages"}],"about":[{"href":"https:\/\/www.norflex.de\/es\/wp-json\/wp\/v2\/types\/page"}],"author":[{"embeddable":true,"href":"https:\/\/www.norflex.de\/es\/wp-json\/wp\/v2\/users\/3"}],"replies":[{"embeddable":true,"href":"https:\/\/www.norflex.de\/es\/wp-json\/wp\/v2\/comments?post=7"}],"version-history":[{"count":15,"href":"https:\/\/www.norflex.de\/es\/wp-json\/wp\/v2\/pages\/7\/revisions"}],"predecessor-version":[{"id":263,"href":"https:\/\/www.norflex.de\/es\/wp-json\/wp\/v2\/pages\/7\/revisions\/263"}],"wp:featuredmedia":[{"embeddable":true,"href":"https:\/\/www.norflex.de\/es\/wp-json\/wp\/v2\/media\/79"}],"wp:attachment":[{"href":"https:\/\/www.norflex.de\/es\/wp-json\/wp\/v2\/media?parent=7"}],"curies":[{"name":"wp","href":"https:\/\/api.w.org\/{rel}","templated":true}]}}