{"id":9,"date":"2015-10-22T18:06:13","date_gmt":"2015-10-22T16:06:13","guid":{"rendered":"http:\/\/norflex.lippe-internetagentur.de\/?page_id=9"},"modified":"2018-02-14T12:36:06","modified_gmt":"2018-02-14T10:36:06","slug":"fensterfolie","status":"publish","type":"page","link":"https:\/\/www.norflex.de\/es\/fensterfolie\/","title":{"rendered":"Pel\u00edcula para ventanas ergo.win"},"content":{"rendered":"<p>[vc_row][vc_column width=&#8220;1\/2&#8243;][vc_column_text]Nuestra pel\u00edcula para ventanas es una l\u00e1mina aislante de hilos de poliestireno y poliestireno orientada biaxial fabricada en un proceso de dos niveles sin a\u00f1adir plastificantes ni materiales de relleno.<\/p>\n<p>Para la realizaci\u00f3n de ventanas en sobres ofrecemos nuestra l\u00e1mina antirreflectante en 26 \u00b5m y 29 \u00b5m. La superficie de la l\u00e1mina es antiest\u00e1tica garantizando as\u00ed una elevada seguridad de proceso tambi\u00e9n en m\u00e1quinas de sobres de funcionamiento r\u00e1pido. Por supuesto, la legibilidad de la m\u00e1quina de nuestra l\u00e1mina ha sido confirmada por la empresa de correos alemana Deutsche Bundespost.<\/p>\n<p><strong>Bajo demanda tambi\u00e9n se suministran otros grosores de hasta 100 \u00b5m con cantidades m\u00ednimas eventualmente asociadas.<\/strong>[\/vc_column_text][\/vc_column][vc_column width=&#8220;1\/2&#8243;][vc_column_text]Todas las l\u00e1minas pueden imprimirse con los procesos usuales, dotarse de adhesivos adecuados y son termoformables. De ah\u00ed que puedan colocarse sobre papel, madera, metales as\u00ed como una segunda l\u00e1mina norflex\u00ae.<\/p>\n<p>Este tipo de l\u00e1mina tambi\u00e9n lo suministramos en la calidad mate; seg\u00fan la finalidad de uso nuestras l\u00e1minas tambi\u00e9n pueden configurarse para que sean antiest\u00e1ticas.[\/vc_column_text][\/vc_column][\/vc_row]<\/p>\n","protected":false},"excerpt":{"rendered":"<p>[vc_row][vc_column width=&#8220;1\/2&#8243;][vc_column_text]Nuestra pel\u00edcula para ventanas es una l\u00e1mina aislante de hilos de poliestireno y poliestireno orientada biaxial fabricada en un proceso de dos niveles sin a\u00f1adir plastificantes ni materiales de relleno. Para la realizaci\u00f3n de ventanas en sobres ofrecemos nuestra l\u00e1mina antirreflectante en 26 \u00b5m y 29 \u00b5m. La superficie de la l\u00e1mina es antiest\u00e1tica [&hellip;]<\/p>\n","protected":false},"author":3,"featured_media":80,"parent":0,"menu_order":0,"comment_status":"closed","ping_status":"closed","template":"","meta":[],"yoast_head":"<!-- This site is optimized with the Yoast SEO plugin v20.11 - https:\/\/yoast.com\/wordpress\/plugins\/seo\/ -->\n<title>Pel\u00edcula para ventanas ergo.win - Norflex<\/title>\n<meta name=\"robots\" content=\"index, follow, max-snippet:-1, max-image-preview:large, max-video-preview:-1\" \/>\n<link rel=\"canonical\" href=\"https:\/\/www.norflex.de\/es\/fensterfolie\/\" \/>\n<meta property=\"og:locale\" content=\"de_DE\" \/>\n<meta property=\"og:type\" content=\"article\" \/>\n<meta property=\"og:title\" content=\"Pel\u00edcula para ventanas ergo.win - Norflex\" \/>\n<meta property=\"og:description\" content=\"[vc_row][vc_column width=&#8220;1\/2&#8243;][vc_column_text]Nuestra pel\u00edcula para ventanas es una l\u00e1mina aislante de hilos de poliestireno y poliestireno orientada biaxial fabricada en un proceso de dos niveles sin a\u00f1adir plastificantes ni materiales de relleno. Para la realizaci\u00f3n de ventanas en sobres ofrecemos nuestra l\u00e1mina antirreflectante en 26 \u00b5m y 29 \u00b5m. La superficie de la l\u00e1mina es antiest\u00e1tica [&hellip;]\" \/>\n<meta property=\"og:url\" content=\"https:\/\/www.norflex.de\/es\/fensterfolie\/\" \/>\n<meta property=\"og:site_name\" content=\"Norflex\" \/>\n<meta property=\"article:modified_time\" content=\"2018-02-14T10:36:06+00:00\" \/>\n<meta property=\"og:image\" content=\"https:\/\/www.norflex.de\/es\/wp-content\/uploads\/2015\/10\/bg_fensterfolie.jpg\" \/>\n\t<meta property=\"og:image:width\" content=\"1024\" \/>\n\t<meta property=\"og:image:height\" content=\"454\" \/>\n\t<meta property=\"og:image:type\" content=\"image\/jpeg\" \/>\n<meta name=\"twitter:card\" content=\"summary_large_image\" \/>\n<meta name=\"twitter:label1\" content=\"Gesch\u00e4tzte Lesezeit\" \/>\n\t<meta name=\"twitter:data1\" content=\"1\u00a0Minute\" \/>\n<script type=\"application\/ld+json\" class=\"yoast-schema-graph\">{\"@context\":\"https:\/\/schema.org\",\"@graph\":[{\"@type\":\"WebPage\",\"@id\":\"https:\/\/www.norflex.de\/es\/fensterfolie\/\",\"url\":\"https:\/\/www.norflex.de\/es\/fensterfolie\/\",\"name\":\"Pel\u00edcula para ventanas ergo.win - Norflex\",\"isPartOf\":{\"@id\":\"https:\/\/www.norflex.de\/es\/#website\"},\"datePublished\":\"2015-10-22T16:06:13+00:00\",\"dateModified\":\"2018-02-14T10:36:06+00:00\",\"breadcrumb\":{\"@id\":\"https:\/\/www.norflex.de\/es\/fensterfolie\/#breadcrumb\"},\"inLanguage\":\"de\",\"potentialAction\":[{\"@type\":\"ReadAction\",\"target\":[\"https:\/\/www.norflex.de\/es\/fensterfolie\/\"]}]},{\"@type\":\"BreadcrumbList\",\"@id\":\"https:\/\/www.norflex.de\/es\/fensterfolie\/#breadcrumb\",\"itemListElement\":[{\"@type\":\"ListItem\",\"position\":1,\"name\":\"Home\",\"item\":\"https:\/\/www.norflex.de\/es\/\"},{\"@type\":\"ListItem\",\"position\":2,\"name\":\"Pel\u00edcula para ventanas ergo.win\"}]},{\"@type\":\"WebSite\",\"@id\":\"https:\/\/www.norflex.de\/es\/#website\",\"url\":\"https:\/\/www.norflex.de\/es\/\",\"name\":\"Norflex\",\"description\":\"\",\"potentialAction\":[{\"@type\":\"SearchAction\",\"target\":{\"@type\":\"EntryPoint\",\"urlTemplate\":\"https:\/\/www.norflex.de\/es\/?s={search_term_string}\"},\"query-input\":\"required name=search_term_string\"}],\"inLanguage\":\"de\"}]}<\/script>\n<!-- \/ Yoast SEO plugin. -->","yoast_head_json":{"title":"Pel\u00edcula para ventanas ergo.win - Norflex","robots":{"index":"index","follow":"follow","max-snippet":"max-snippet:-1","max-image-preview":"max-image-preview:large","max-video-preview":"max-video-preview:-1"},"canonical":"https:\/\/www.norflex.de\/es\/fensterfolie\/","og_locale":"de_DE","og_type":"article","og_title":"Pel\u00edcula para ventanas ergo.win - Norflex","og_description":"[vc_row][vc_column width=&#8220;1\/2&#8243;][vc_column_text]Nuestra pel\u00edcula para ventanas es una l\u00e1mina aislante de hilos de poliestireno y poliestireno orientada biaxial fabricada en un proceso de dos niveles sin a\u00f1adir plastificantes ni materiales de relleno. Para la realizaci\u00f3n de ventanas en sobres ofrecemos nuestra l\u00e1mina antirreflectante en 26 \u00b5m y 29 \u00b5m. La superficie de la l\u00e1mina es antiest\u00e1tica [&hellip;]","og_url":"https:\/\/www.norflex.de\/es\/fensterfolie\/","og_site_name":"Norflex","article_modified_time":"2018-02-14T10:36:06+00:00","og_image":[{"width":1024,"height":454,"url":"https:\/\/www.norflex.de\/es\/wp-content\/uploads\/2015\/10\/bg_fensterfolie.jpg","type":"image\/jpeg"}],"twitter_card":"summary_large_image","twitter_misc":{"Gesch\u00e4tzte Lesezeit":"1\u00a0Minute"},"schema":{"@context":"https:\/\/schema.org","@graph":[{"@type":"WebPage","@id":"https:\/\/www.norflex.de\/es\/fensterfolie\/","url":"https:\/\/www.norflex.de\/es\/fensterfolie\/","name":"Pel\u00edcula para ventanas ergo.win - Norflex","isPartOf":{"@id":"https:\/\/www.norflex.de\/es\/#website"},"datePublished":"2015-10-22T16:06:13+00:00","dateModified":"2018-02-14T10:36:06+00:00","breadcrumb":{"@id":"https:\/\/www.norflex.de\/es\/fensterfolie\/#breadcrumb"},"inLanguage":"de","potentialAction":[{"@type":"ReadAction","target":["https:\/\/www.norflex.de\/es\/fensterfolie\/"]}]},{"@type":"BreadcrumbList","@id":"https:\/\/www.norflex.de\/es\/fensterfolie\/#breadcrumb","itemListElement":[{"@type":"ListItem","position":1,"name":"Home","item":"https:\/\/www.norflex.de\/es\/"},{"@type":"ListItem","position":2,"name":"Pel\u00edcula para ventanas ergo.win"}]},{"@type":"WebSite","@id":"https:\/\/www.norflex.de\/es\/#website","url":"https:\/\/www.norflex.de\/es\/","name":"Norflex","description":"","potentialAction":[{"@type":"SearchAction","target":{"@type":"EntryPoint","urlTemplate":"https:\/\/www.norflex.de\/es\/?s={search_term_string}"},"query-input":"required name=search_term_string"}],"inLanguage":"de"}]}},"_links":{"self":[{"href":"https:\/\/www.norflex.de\/es\/wp-json\/wp\/v2\/pages\/9"}],"collection":[{"href":"https:\/\/www.norflex.de\/es\/wp-json\/wp\/v2\/pages"}],"about":[{"href":"https:\/\/www.norflex.de\/es\/wp-json\/wp\/v2\/types\/page"}],"author":[{"embeddable":true,"href":"https:\/\/www.norflex.de\/es\/wp-json\/wp\/v2\/users\/3"}],"replies":[{"embeddable":true,"href":"https:\/\/www.norflex.de\/es\/wp-json\/wp\/v2\/comments?post=9"}],"version-history":[{"count":13,"href":"https:\/\/www.norflex.de\/es\/wp-json\/wp\/v2\/pages\/9\/revisions"}],"predecessor-version":[{"id":264,"href":"https:\/\/www.norflex.de\/es\/wp-json\/wp\/v2\/pages\/9\/revisions\/264"}],"wp:featuredmedia":[{"embeddable":true,"href":"https:\/\/www.norflex.de\/es\/wp-json\/wp\/v2\/media\/80"}],"wp:attachment":[{"href":"https:\/\/www.norflex.de\/es\/wp-json\/wp\/v2\/media?parent=9"}],"curies":[{"name":"wp","href":"https:\/\/api.w.org\/{rel}","templated":true}]}}