{"id":15,"date":"2015-10-22T18:06:41","date_gmt":"2015-10-22T16:06:41","guid":{"rendered":"http:\/\/norflex.lippe-internetagentur.de\/?page_id=15"},"modified":"2018-02-11T18:43:57","modified_gmt":"2018-02-11T16:43:57","slug":"innovation","status":"publish","type":"page","link":"https:\/\/www.norflex.de\/fr\/innovation\/","title":{"rendered":"Innovations"},"content":{"rendered":"<p>[vc_row][vc_column][vc_column_text]Gr\u00e2ce au perfectionnement rapide et flexible de produits existants et aux nouveaux d\u00e9veloppements au sein m\u00eame du site, nous \u00e9largissons sans cesse notre \u00e9ventail de produits et nous nous adaptons constamment aux al\u00e9as des march\u00e9s et aux souhaits de nos clients.<\/p>\n<p>Et cela en accord avec nos collaborateurs et nos clients. Nous sommes en mesure de garantir \u00e0 nos clients une utilisation optimale et une efficacit\u00e9 maximale.<\/p>\n<p>Nous sommes toujours \u00e0 votre disposition pour vos projets et vos applications sp\u00e9ciales et nous vous accompagnons depuis vos premi\u00e8res id\u00e9es jusqu\u2019\u00e0 la production en s\u00e9rie.<\/p>\n<p>Nous veillons \u00e0 la bonne application technique et vous proposons \u00e9galement un instrument efficace pour vous positionner et vous diff\u00e9rencier sur le march\u00e9.[\/vc_column_text][\/vc_column][\/vc_row]<\/p>\n","protected":false},"excerpt":{"rendered":"<p>[vc_row][vc_column][vc_column_text]Gr\u00e2ce au perfectionnement rapide et flexible de produits existants et aux nouveaux d\u00e9veloppements au sein m\u00eame du site, nous \u00e9largissons sans cesse notre \u00e9ventail de produits et nous nous adaptons constamment aux al\u00e9as des march\u00e9s et aux souhaits de nos clients. Et cela en accord avec nos collaborateurs et nos clients. Nous sommes en mesure [&hellip;]<\/p>\n","protected":false},"author":3,"featured_media":83,"parent":0,"menu_order":0,"comment_status":"closed","ping_status":"closed","template":"","meta":[],"yoast_head":"<!-- This site is optimized with the Yoast SEO plugin v20.11 - https:\/\/yoast.com\/wordpress\/plugins\/seo\/ -->\n<title>Innovations - Norflex<\/title>\n<meta name=\"robots\" content=\"index, follow, max-snippet:-1, max-image-preview:large, max-video-preview:-1\" \/>\n<link rel=\"canonical\" href=\"https:\/\/www.norflex.de\/fr\/innovation\/\" \/>\n<meta property=\"og:locale\" content=\"de_DE\" \/>\n<meta property=\"og:type\" content=\"article\" \/>\n<meta property=\"og:title\" content=\"Innovations - Norflex\" \/>\n<meta property=\"og:description\" content=\"[vc_row][vc_column][vc_column_text]Gr\u00e2ce au perfectionnement rapide et flexible de produits existants et aux nouveaux d\u00e9veloppements au sein m\u00eame du site, nous \u00e9largissons sans cesse notre \u00e9ventail de produits et nous nous adaptons constamment aux al\u00e9as des march\u00e9s et aux souhaits de nos clients. Et cela en accord avec nos collaborateurs et nos clients. Nous sommes en mesure [&hellip;]\" \/>\n<meta property=\"og:url\" content=\"https:\/\/www.norflex.de\/fr\/innovation\/\" \/>\n<meta property=\"og:site_name\" content=\"Norflex\" \/>\n<meta property=\"article:modified_time\" content=\"2018-02-11T16:43:57+00:00\" \/>\n<meta property=\"og:image\" content=\"https:\/\/www.norflex.de\/fr\/wp-content\/uploads\/2015\/10\/bg_innovation.jpg\" \/>\n\t<meta property=\"og:image:width\" content=\"1024\" \/>\n\t<meta property=\"og:image:height\" content=\"454\" \/>\n\t<meta property=\"og:image:type\" content=\"image\/jpeg\" \/>\n<meta name=\"twitter:card\" content=\"summary_large_image\" \/>\n<meta name=\"twitter:label1\" content=\"Gesch\u00e4tzte Lesezeit\" \/>\n\t<meta name=\"twitter:data1\" content=\"1\u00a0Minute\" \/>\n<script type=\"application\/ld+json\" class=\"yoast-schema-graph\">{\"@context\":\"https:\/\/schema.org\",\"@graph\":[{\"@type\":\"WebPage\",\"@id\":\"https:\/\/www.norflex.de\/fr\/innovation\/\",\"url\":\"https:\/\/www.norflex.de\/fr\/innovation\/\",\"name\":\"Innovations - Norflex\",\"isPartOf\":{\"@id\":\"https:\/\/www.norflex.de\/fr\/#website\"},\"datePublished\":\"2015-10-22T16:06:41+00:00\",\"dateModified\":\"2018-02-11T16:43:57+00:00\",\"breadcrumb\":{\"@id\":\"https:\/\/www.norflex.de\/fr\/innovation\/#breadcrumb\"},\"inLanguage\":\"de\",\"potentialAction\":[{\"@type\":\"ReadAction\",\"target\":[\"https:\/\/www.norflex.de\/fr\/innovation\/\"]}]},{\"@type\":\"BreadcrumbList\",\"@id\":\"https:\/\/www.norflex.de\/fr\/innovation\/#breadcrumb\",\"itemListElement\":[{\"@type\":\"ListItem\",\"position\":1,\"name\":\"Home\",\"item\":\"https:\/\/www.norflex.de\/fr\/\"},{\"@type\":\"ListItem\",\"position\":2,\"name\":\"Innovations\"}]},{\"@type\":\"WebSite\",\"@id\":\"https:\/\/www.norflex.de\/fr\/#website\",\"url\":\"https:\/\/www.norflex.de\/fr\/\",\"name\":\"Norflex\",\"description\":\"\",\"potentialAction\":[{\"@type\":\"SearchAction\",\"target\":{\"@type\":\"EntryPoint\",\"urlTemplate\":\"https:\/\/www.norflex.de\/fr\/?s={search_term_string}\"},\"query-input\":\"required name=search_term_string\"}],\"inLanguage\":\"de\"}]}<\/script>\n<!-- \/ Yoast SEO plugin. -->","yoast_head_json":{"title":"Innovations - Norflex","robots":{"index":"index","follow":"follow","max-snippet":"max-snippet:-1","max-image-preview":"max-image-preview:large","max-video-preview":"max-video-preview:-1"},"canonical":"https:\/\/www.norflex.de\/fr\/innovation\/","og_locale":"de_DE","og_type":"article","og_title":"Innovations - Norflex","og_description":"[vc_row][vc_column][vc_column_text]Gr\u00e2ce au perfectionnement rapide et flexible de produits existants et aux nouveaux d\u00e9veloppements au sein m\u00eame du site, nous \u00e9largissons sans cesse notre \u00e9ventail de produits et nous nous adaptons constamment aux al\u00e9as des march\u00e9s et aux souhaits de nos clients. Et cela en accord avec nos collaborateurs et nos clients. Nous sommes en mesure [&hellip;]","og_url":"https:\/\/www.norflex.de\/fr\/innovation\/","og_site_name":"Norflex","article_modified_time":"2018-02-11T16:43:57+00:00","og_image":[{"width":1024,"height":454,"url":"https:\/\/www.norflex.de\/fr\/wp-content\/uploads\/2015\/10\/bg_innovation.jpg","type":"image\/jpeg"}],"twitter_card":"summary_large_image","twitter_misc":{"Gesch\u00e4tzte Lesezeit":"1\u00a0Minute"},"schema":{"@context":"https:\/\/schema.org","@graph":[{"@type":"WebPage","@id":"https:\/\/www.norflex.de\/fr\/innovation\/","url":"https:\/\/www.norflex.de\/fr\/innovation\/","name":"Innovations - Norflex","isPartOf":{"@id":"https:\/\/www.norflex.de\/fr\/#website"},"datePublished":"2015-10-22T16:06:41+00:00","dateModified":"2018-02-11T16:43:57+00:00","breadcrumb":{"@id":"https:\/\/www.norflex.de\/fr\/innovation\/#breadcrumb"},"inLanguage":"de","potentialAction":[{"@type":"ReadAction","target":["https:\/\/www.norflex.de\/fr\/innovation\/"]}]},{"@type":"BreadcrumbList","@id":"https:\/\/www.norflex.de\/fr\/innovation\/#breadcrumb","itemListElement":[{"@type":"ListItem","position":1,"name":"Home","item":"https:\/\/www.norflex.de\/fr\/"},{"@type":"ListItem","position":2,"name":"Innovations"}]},{"@type":"WebSite","@id":"https:\/\/www.norflex.de\/fr\/#website","url":"https:\/\/www.norflex.de\/fr\/","name":"Norflex","description":"","potentialAction":[{"@type":"SearchAction","target":{"@type":"EntryPoint","urlTemplate":"https:\/\/www.norflex.de\/fr\/?s={search_term_string}"},"query-input":"required name=search_term_string"}],"inLanguage":"de"}]}},"_links":{"self":[{"href":"https:\/\/www.norflex.de\/fr\/wp-json\/wp\/v2\/pages\/15"}],"collection":[{"href":"https:\/\/www.norflex.de\/fr\/wp-json\/wp\/v2\/pages"}],"about":[{"href":"https:\/\/www.norflex.de\/fr\/wp-json\/wp\/v2\/types\/page"}],"author":[{"embeddable":true,"href":"https:\/\/www.norflex.de\/fr\/wp-json\/wp\/v2\/users\/3"}],"replies":[{"embeddable":true,"href":"https:\/\/www.norflex.de\/fr\/wp-json\/wp\/v2\/comments?post=15"}],"version-history":[{"count":6,"href":"https:\/\/www.norflex.de\/fr\/wp-json\/wp\/v2\/pages\/15\/revisions"}],"predecessor-version":[{"id":260,"href":"https:\/\/www.norflex.de\/fr\/wp-json\/wp\/v2\/pages\/15\/revisions\/260"}],"wp:featuredmedia":[{"embeddable":true,"href":"https:\/\/www.norflex.de\/fr\/wp-json\/wp\/v2\/media\/83"}],"wp:attachment":[{"href":"https:\/\/www.norflex.de\/fr\/wp-json\/wp\/v2\/media?parent=15"}],"curies":[{"name":"wp","href":"https:\/\/api.w.org\/{rel}","templated":true}]}}