{"id":2,"date":"2015-10-22T15:52:40","date_gmt":"2015-10-22T13:52:40","guid":{"rendered":"http:\/\/norflex.lippe-internetagentur.de\/?page_id=2"},"modified":"2018-02-11T18:35:09","modified_gmt":"2018-02-11T16:35:09","slug":"ueber-uns","status":"publish","type":"page","link":"https:\/\/www.norflex.de\/fr\/ueber-uns\/","title":{"rendered":"Qui sommes-nous"},"content":{"rendered":"<p>[vc_row][vc_column width=&#8220;1\/2&#8243;][vc_column_text]Depuis plus de trois quarts de si\u00e8cle, Nordflex constitue un des premiers producteurs au monde de <strong>films en polystyr\u00e8ne \u00e0 orientation biaxiale<\/strong>.<\/p>\n<p>La technique d\u2019extrusion d\u00e9velopp\u00e9e par nos soins contribue consid\u00e9rablement au r\u00e9glage et \u00e0 l\u2019am\u00e9lioration des propri\u00e9t\u00e9s m\u00e9caniques du polystyr\u00e8ne.<\/p>\n<p>Notre vaste \u00e9ventail de films de diff\u00e9rentes \u00e9paisseurs et qualit\u00e9s trouve son utilisation dans l&#8217;industrie alimentaire comme couche interm\u00e9diaire pour la s\u00e9paration des fromages ou jambons crus d\u00e9coup\u00e9s. Nous produisons \u00e9galement des films-fen\u00eatres (entre autres avec \u00e9quipement antistatique) utilis\u00e9s dans les enveloppes et bo\u00eetes pliables.[\/vc_column_text][\/vc_column][vc_column width=&#8220;1\/2&#8243;][vc_column_text]De plus, nous r\u00e9alisons divers films sp\u00e9ciaux \u00e0 base de styr\u00e8ne pour les utilisations sp\u00e9cifiques des clients. Outre le film isolant pour c\u00e2ble, il convient notamment de citer notre film SAN unique en son genre qui est principalement utilis\u00e9 pour les applications Inmould.<\/p>\n<p>Nous nous sommes impos\u00e9 comme objectif de poursuivre la production de films en polystyr\u00e8ne \u00e0 orientation biaxiale au plus haut niveau et de stimuler le d\u00e9veloppement.[\/vc_column_text][\/vc_column][\/vc_row]<\/p>\n","protected":false},"excerpt":{"rendered":"<p>[vc_row][vc_column width=&#8220;1\/2&#8243;][vc_column_text]Depuis plus de trois quarts de si\u00e8cle, Nordflex constitue un des premiers producteurs au monde de films en polystyr\u00e8ne \u00e0 orientation biaxiale. La technique d\u2019extrusion d\u00e9velopp\u00e9e par nos soins contribue consid\u00e9rablement au r\u00e9glage et \u00e0 l\u2019am\u00e9lioration des propri\u00e9t\u00e9s m\u00e9caniques du polystyr\u00e8ne. Notre vaste \u00e9ventail de films de diff\u00e9rentes \u00e9paisseurs et qualit\u00e9s trouve son utilisation [&hellip;]<\/p>\n","protected":false},"author":3,"featured_media":86,"parent":0,"menu_order":0,"comment_status":"closed","ping_status":"closed","template":"","meta":[],"yoast_head":"<!-- This site is optimized with the Yoast SEO plugin v20.11 - https:\/\/yoast.com\/wordpress\/plugins\/seo\/ -->\n<title>Qui sommes-nous - Norflex<\/title>\n<meta name=\"robots\" content=\"index, follow, max-snippet:-1, max-image-preview:large, max-video-preview:-1\" \/>\n<link rel=\"canonical\" href=\"https:\/\/www.norflex.de\/fr\/ueber-uns\/\" \/>\n<meta property=\"og:locale\" content=\"de_DE\" \/>\n<meta property=\"og:type\" content=\"article\" \/>\n<meta property=\"og:title\" content=\"Qui sommes-nous - Norflex\" \/>\n<meta property=\"og:description\" content=\"[vc_row][vc_column width=&#8220;1\/2&#8243;][vc_column_text]Depuis plus de trois quarts de si\u00e8cle, Nordflex constitue un des premiers producteurs au monde de films en polystyr\u00e8ne \u00e0 orientation biaxiale. La technique d\u2019extrusion d\u00e9velopp\u00e9e par nos soins contribue consid\u00e9rablement au r\u00e9glage et \u00e0 l\u2019am\u00e9lioration des propri\u00e9t\u00e9s m\u00e9caniques du polystyr\u00e8ne. Notre vaste \u00e9ventail de films de diff\u00e9rentes \u00e9paisseurs et qualit\u00e9s trouve son utilisation [&hellip;]\" \/>\n<meta property=\"og:url\" content=\"https:\/\/www.norflex.de\/fr\/ueber-uns\/\" \/>\n<meta property=\"og:site_name\" content=\"Norflex\" \/>\n<meta property=\"article:modified_time\" content=\"2018-02-11T16:35:09+00:00\" \/>\n<meta property=\"og:image\" content=\"https:\/\/www.norflex.de\/fr\/wp-content\/uploads\/2015\/10\/bg_startseite.jpg\" \/>\n\t<meta property=\"og:image:width\" content=\"1024\" \/>\n\t<meta property=\"og:image:height\" content=\"454\" \/>\n\t<meta property=\"og:image:type\" content=\"image\/jpeg\" \/>\n<meta name=\"twitter:card\" content=\"summary_large_image\" \/>\n<meta name=\"twitter:label1\" content=\"Gesch\u00e4tzte Lesezeit\" \/>\n\t<meta name=\"twitter:data1\" content=\"1\u00a0Minute\" \/>\n<script type=\"application\/ld+json\" class=\"yoast-schema-graph\">{\"@context\":\"https:\/\/schema.org\",\"@graph\":[{\"@type\":\"WebPage\",\"@id\":\"https:\/\/www.norflex.de\/fr\/ueber-uns\/\",\"url\":\"https:\/\/www.norflex.de\/fr\/ueber-uns\/\",\"name\":\"Qui sommes-nous - Norflex\",\"isPartOf\":{\"@id\":\"https:\/\/www.norflex.de\/fr\/#website\"},\"datePublished\":\"2015-10-22T13:52:40+00:00\",\"dateModified\":\"2018-02-11T16:35:09+00:00\",\"breadcrumb\":{\"@id\":\"https:\/\/www.norflex.de\/fr\/ueber-uns\/#breadcrumb\"},\"inLanguage\":\"de\",\"potentialAction\":[{\"@type\":\"ReadAction\",\"target\":[\"https:\/\/www.norflex.de\/fr\/ueber-uns\/\"]}]},{\"@type\":\"BreadcrumbList\",\"@id\":\"https:\/\/www.norflex.de\/fr\/ueber-uns\/#breadcrumb\",\"itemListElement\":[{\"@type\":\"ListItem\",\"position\":1,\"name\":\"Home\",\"item\":\"https:\/\/www.norflex.de\/fr\/\"},{\"@type\":\"ListItem\",\"position\":2,\"name\":\"Qui sommes-nous\"}]},{\"@type\":\"WebSite\",\"@id\":\"https:\/\/www.norflex.de\/fr\/#website\",\"url\":\"https:\/\/www.norflex.de\/fr\/\",\"name\":\"Norflex\",\"description\":\"\",\"potentialAction\":[{\"@type\":\"SearchAction\",\"target\":{\"@type\":\"EntryPoint\",\"urlTemplate\":\"https:\/\/www.norflex.de\/fr\/?s={search_term_string}\"},\"query-input\":\"required name=search_term_string\"}],\"inLanguage\":\"de\"}]}<\/script>\n<!-- \/ Yoast SEO plugin. -->","yoast_head_json":{"title":"Qui sommes-nous - Norflex","robots":{"index":"index","follow":"follow","max-snippet":"max-snippet:-1","max-image-preview":"max-image-preview:large","max-video-preview":"max-video-preview:-1"},"canonical":"https:\/\/www.norflex.de\/fr\/ueber-uns\/","og_locale":"de_DE","og_type":"article","og_title":"Qui sommes-nous - Norflex","og_description":"[vc_row][vc_column width=&#8220;1\/2&#8243;][vc_column_text]Depuis plus de trois quarts de si\u00e8cle, Nordflex constitue un des premiers producteurs au monde de films en polystyr\u00e8ne \u00e0 orientation biaxiale. La technique d\u2019extrusion d\u00e9velopp\u00e9e par nos soins contribue consid\u00e9rablement au r\u00e9glage et \u00e0 l\u2019am\u00e9lioration des propri\u00e9t\u00e9s m\u00e9caniques du polystyr\u00e8ne. Notre vaste \u00e9ventail de films de diff\u00e9rentes \u00e9paisseurs et qualit\u00e9s trouve son utilisation [&hellip;]","og_url":"https:\/\/www.norflex.de\/fr\/ueber-uns\/","og_site_name":"Norflex","article_modified_time":"2018-02-11T16:35:09+00:00","og_image":[{"width":1024,"height":454,"url":"https:\/\/www.norflex.de\/fr\/wp-content\/uploads\/2015\/10\/bg_startseite.jpg","type":"image\/jpeg"}],"twitter_card":"summary_large_image","twitter_misc":{"Gesch\u00e4tzte Lesezeit":"1\u00a0Minute"},"schema":{"@context":"https:\/\/schema.org","@graph":[{"@type":"WebPage","@id":"https:\/\/www.norflex.de\/fr\/ueber-uns\/","url":"https:\/\/www.norflex.de\/fr\/ueber-uns\/","name":"Qui sommes-nous - Norflex","isPartOf":{"@id":"https:\/\/www.norflex.de\/fr\/#website"},"datePublished":"2015-10-22T13:52:40+00:00","dateModified":"2018-02-11T16:35:09+00:00","breadcrumb":{"@id":"https:\/\/www.norflex.de\/fr\/ueber-uns\/#breadcrumb"},"inLanguage":"de","potentialAction":[{"@type":"ReadAction","target":["https:\/\/www.norflex.de\/fr\/ueber-uns\/"]}]},{"@type":"BreadcrumbList","@id":"https:\/\/www.norflex.de\/fr\/ueber-uns\/#breadcrumb","itemListElement":[{"@type":"ListItem","position":1,"name":"Home","item":"https:\/\/www.norflex.de\/fr\/"},{"@type":"ListItem","position":2,"name":"Qui sommes-nous"}]},{"@type":"WebSite","@id":"https:\/\/www.norflex.de\/fr\/#website","url":"https:\/\/www.norflex.de\/fr\/","name":"Norflex","description":"","potentialAction":[{"@type":"SearchAction","target":{"@type":"EntryPoint","urlTemplate":"https:\/\/www.norflex.de\/fr\/?s={search_term_string}"},"query-input":"required name=search_term_string"}],"inLanguage":"de"}]}},"_links":{"self":[{"href":"https:\/\/www.norflex.de\/fr\/wp-json\/wp\/v2\/pages\/2"}],"collection":[{"href":"https:\/\/www.norflex.de\/fr\/wp-json\/wp\/v2\/pages"}],"about":[{"href":"https:\/\/www.norflex.de\/fr\/wp-json\/wp\/v2\/types\/page"}],"author":[{"embeddable":true,"href":"https:\/\/www.norflex.de\/fr\/wp-json\/wp\/v2\/users\/3"}],"replies":[{"embeddable":true,"href":"https:\/\/www.norflex.de\/fr\/wp-json\/wp\/v2\/comments?post=2"}],"version-history":[{"count":15,"href":"https:\/\/www.norflex.de\/fr\/wp-json\/wp\/v2\/pages\/2\/revisions"}],"predecessor-version":[{"id":251,"href":"https:\/\/www.norflex.de\/fr\/wp-json\/wp\/v2\/pages\/2\/revisions\/251"}],"wp:featuredmedia":[{"embeddable":true,"href":"https:\/\/www.norflex.de\/fr\/wp-json\/wp\/v2\/media\/86"}],"wp:attachment":[{"href":"https:\/\/www.norflex.de\/fr\/wp-json\/wp\/v2\/media?parent=2"}],"curies":[{"name":"wp","href":"https:\/\/api.w.org\/{rel}","templated":true}]}}