{"id":21,"date":"2015-10-22T18:07:38","date_gmt":"2015-10-22T16:07:38","guid":{"rendered":"http:\/\/norflex.lippe-internetagentur.de\/?page_id=21"},"modified":"2018-05-09T14:25:03","modified_gmt":"2018-05-09T12:25:03","slug":"neu1","status":"publish","type":"page","link":"https:\/\/www.norflex.de\/fr\/neu1\/","title":{"rendered":"Films sp\u00e9ciaux"},"content":{"rendered":"<p>[vc_row][vc_column][vc_column_text]<strong>&#8222;Films sp\u00e9ciaux PS<\/strong><\/p>\n<p>Pour les applications sp\u00e9ciales, nous proposons des films sp\u00e9ciaux en polystyr\u00e8ne \u00e0 orientation biaxiale. Nous produisons par exemple des films noirs \u00e0 pouvoir couvrant pour les besoins des philat\u00e9listes ainsi que des films sp\u00e9cialement r\u00e9silients pour le contrecollage.\u00a0\u00bb<\/p>\n<p>&nbsp;<\/p>\n<p>SAN<\/p>\n<p>Le styr\u00e8ne-acrylonitrile est un copolym\u00e8re en styr\u00e8ne et en acrylonitrile similaire au polystyr\u00e8ne dans sa structure et ses propri\u00e9t\u00e9s.<\/p>\n<p>L\u2019usage principal de ce film unique en son genre est le Inmould-Labeling, soit la pulv\u00e9risation \u00e0 l\u2019arri\u00e8re du film d\u2019un plastique liquide dans un moule de moulage par injection. Lors de ce processus, le film se scelle \u00e0 de nombreux plastiques classiques, tels que l\u2019ABS ou le PC.<\/p>\n<p>La rigidit\u00e9 \u00e9lev\u00e9e de la surface, la r\u00e9sistance chimique et la r\u00e9sistance en lave-vaisselle caract\u00e9risent le produit. De plus, ce type de film est utilis\u00e9 pour la d\u00e9coration durable d\u2019ustensiles de cuisine, tels que des verres doseurs ou des tablettes.[\/vc_column_text][\/vc_column][\/vc_row]<\/p>\n","protected":false},"excerpt":{"rendered":"<p>[vc_row][vc_column][vc_column_text]&#8222;Films sp\u00e9ciaux PS Pour les applications sp\u00e9ciales, nous proposons des films sp\u00e9ciaux en polystyr\u00e8ne \u00e0 orientation biaxiale. Nous produisons par exemple des films noirs \u00e0 pouvoir couvrant pour les besoins des philat\u00e9listes ainsi que des films sp\u00e9cialement r\u00e9silients pour le contrecollage.\u00a0\u00bb &nbsp; SAN Le styr\u00e8ne-acrylonitrile est un copolym\u00e8re en styr\u00e8ne et en acrylonitrile similaire au [&hellip;]<\/p>\n","protected":false},"author":3,"featured_media":0,"parent":0,"menu_order":0,"comment_status":"closed","ping_status":"closed","template":"","meta":[],"yoast_head":"<!-- This site is optimized with the Yoast SEO plugin v20.11 - https:\/\/yoast.com\/wordpress\/plugins\/seo\/ -->\n<title>Films sp\u00e9ciaux - Norflex<\/title>\n<meta name=\"robots\" content=\"index, follow, max-snippet:-1, max-image-preview:large, max-video-preview:-1\" \/>\n<link rel=\"canonical\" href=\"https:\/\/www.norflex.de\/fr\/neu1\/\" \/>\n<meta property=\"og:locale\" content=\"de_DE\" \/>\n<meta property=\"og:type\" content=\"article\" \/>\n<meta property=\"og:title\" content=\"Films sp\u00e9ciaux - Norflex\" \/>\n<meta property=\"og:description\" content=\"[vc_row][vc_column][vc_column_text]&#8222;Films sp\u00e9ciaux PS Pour les applications sp\u00e9ciales, nous proposons des films sp\u00e9ciaux en polystyr\u00e8ne \u00e0 orientation biaxiale. Nous produisons par exemple des films noirs \u00e0 pouvoir couvrant pour les besoins des philat\u00e9listes ainsi que des films sp\u00e9cialement r\u00e9silients pour le contrecollage.\u00a0\u00bb &nbsp; SAN Le styr\u00e8ne-acrylonitrile est un copolym\u00e8re en styr\u00e8ne et en acrylonitrile similaire au [&hellip;]\" \/>\n<meta property=\"og:url\" content=\"https:\/\/www.norflex.de\/fr\/neu1\/\" \/>\n<meta property=\"og:site_name\" content=\"Norflex\" \/>\n<meta property=\"article:modified_time\" content=\"2018-05-09T12:25:03+00:00\" \/>\n<meta name=\"twitter:card\" content=\"summary_large_image\" \/>\n<meta name=\"twitter:label1\" content=\"Gesch\u00e4tzte Lesezeit\" \/>\n\t<meta name=\"twitter:data1\" content=\"1\u00a0Minute\" \/>\n<script type=\"application\/ld+json\" class=\"yoast-schema-graph\">{\"@context\":\"https:\/\/schema.org\",\"@graph\":[{\"@type\":\"WebPage\",\"@id\":\"https:\/\/www.norflex.de\/fr\/neu1\/\",\"url\":\"https:\/\/www.norflex.de\/fr\/neu1\/\",\"name\":\"Films sp\u00e9ciaux - Norflex\",\"isPartOf\":{\"@id\":\"https:\/\/www.norflex.de\/fr\/#website\"},\"datePublished\":\"2015-10-22T16:07:38+00:00\",\"dateModified\":\"2018-05-09T12:25:03+00:00\",\"breadcrumb\":{\"@id\":\"https:\/\/www.norflex.de\/fr\/neu1\/#breadcrumb\"},\"inLanguage\":\"de\",\"potentialAction\":[{\"@type\":\"ReadAction\",\"target\":[\"https:\/\/www.norflex.de\/fr\/neu1\/\"]}]},{\"@type\":\"BreadcrumbList\",\"@id\":\"https:\/\/www.norflex.de\/fr\/neu1\/#breadcrumb\",\"itemListElement\":[{\"@type\":\"ListItem\",\"position\":1,\"name\":\"Home\",\"item\":\"https:\/\/www.norflex.de\/fr\/\"},{\"@type\":\"ListItem\",\"position\":2,\"name\":\"Films sp\u00e9ciaux\"}]},{\"@type\":\"WebSite\",\"@id\":\"https:\/\/www.norflex.de\/fr\/#website\",\"url\":\"https:\/\/www.norflex.de\/fr\/\",\"name\":\"Norflex\",\"description\":\"\",\"potentialAction\":[{\"@type\":\"SearchAction\",\"target\":{\"@type\":\"EntryPoint\",\"urlTemplate\":\"https:\/\/www.norflex.de\/fr\/?s={search_term_string}\"},\"query-input\":\"required name=search_term_string\"}],\"inLanguage\":\"de\"}]}<\/script>\n<!-- \/ Yoast SEO plugin. -->","yoast_head_json":{"title":"Films sp\u00e9ciaux - Norflex","robots":{"index":"index","follow":"follow","max-snippet":"max-snippet:-1","max-image-preview":"max-image-preview:large","max-video-preview":"max-video-preview:-1"},"canonical":"https:\/\/www.norflex.de\/fr\/neu1\/","og_locale":"de_DE","og_type":"article","og_title":"Films sp\u00e9ciaux - Norflex","og_description":"[vc_row][vc_column][vc_column_text]&#8222;Films sp\u00e9ciaux PS Pour les applications sp\u00e9ciales, nous proposons des films sp\u00e9ciaux en polystyr\u00e8ne \u00e0 orientation biaxiale. Nous produisons par exemple des films noirs \u00e0 pouvoir couvrant pour les besoins des philat\u00e9listes ainsi que des films sp\u00e9cialement r\u00e9silients pour le contrecollage.\u00a0\u00bb &nbsp; SAN Le styr\u00e8ne-acrylonitrile est un copolym\u00e8re en styr\u00e8ne et en acrylonitrile similaire au [&hellip;]","og_url":"https:\/\/www.norflex.de\/fr\/neu1\/","og_site_name":"Norflex","article_modified_time":"2018-05-09T12:25:03+00:00","twitter_card":"summary_large_image","twitter_misc":{"Gesch\u00e4tzte Lesezeit":"1\u00a0Minute"},"schema":{"@context":"https:\/\/schema.org","@graph":[{"@type":"WebPage","@id":"https:\/\/www.norflex.de\/fr\/neu1\/","url":"https:\/\/www.norflex.de\/fr\/neu1\/","name":"Films sp\u00e9ciaux - Norflex","isPartOf":{"@id":"https:\/\/www.norflex.de\/fr\/#website"},"datePublished":"2015-10-22T16:07:38+00:00","dateModified":"2018-05-09T12:25:03+00:00","breadcrumb":{"@id":"https:\/\/www.norflex.de\/fr\/neu1\/#breadcrumb"},"inLanguage":"de","potentialAction":[{"@type":"ReadAction","target":["https:\/\/www.norflex.de\/fr\/neu1\/"]}]},{"@type":"BreadcrumbList","@id":"https:\/\/www.norflex.de\/fr\/neu1\/#breadcrumb","itemListElement":[{"@type":"ListItem","position":1,"name":"Home","item":"https:\/\/www.norflex.de\/fr\/"},{"@type":"ListItem","position":2,"name":"Films sp\u00e9ciaux"}]},{"@type":"WebSite","@id":"https:\/\/www.norflex.de\/fr\/#website","url":"https:\/\/www.norflex.de\/fr\/","name":"Norflex","description":"","potentialAction":[{"@type":"SearchAction","target":{"@type":"EntryPoint","urlTemplate":"https:\/\/www.norflex.de\/fr\/?s={search_term_string}"},"query-input":"required name=search_term_string"}],"inLanguage":"de"}]}},"_links":{"self":[{"href":"https:\/\/www.norflex.de\/fr\/wp-json\/wp\/v2\/pages\/21"}],"collection":[{"href":"https:\/\/www.norflex.de\/fr\/wp-json\/wp\/v2\/pages"}],"about":[{"href":"https:\/\/www.norflex.de\/fr\/wp-json\/wp\/v2\/types\/page"}],"author":[{"embeddable":true,"href":"https:\/\/www.norflex.de\/fr\/wp-json\/wp\/v2\/users\/3"}],"replies":[{"embeddable":true,"href":"https:\/\/www.norflex.de\/fr\/wp-json\/wp\/v2\/comments?post=21"}],"version-history":[{"count":10,"href":"https:\/\/www.norflex.de\/fr\/wp-json\/wp\/v2\/pages\/21\/revisions"}],"predecessor-version":[{"id":272,"href":"https:\/\/www.norflex.de\/fr\/wp-json\/wp\/v2\/pages\/21\/revisions\/272"}],"wp:attachment":[{"href":"https:\/\/www.norflex.de\/fr\/wp-json\/wp\/v2\/media?parent=21"}],"curies":[{"name":"wp","href":"https:\/\/api.w.org\/{rel}","templated":true}]}}