{"id":44,"date":"2015-10-22T23:19:43","date_gmt":"2015-10-22T21:19:43","guid":{"rendered":"http:\/\/norflex.lippe-internetagentur.de\/?page_id=44"},"modified":"2018-02-11T18:51:21","modified_gmt":"2018-02-11T16:51:21","slug":"agb","status":"publish","type":"page","link":"https:\/\/www.norflex.de\/fr\/agb\/","title":{"rendered":"Conditions g\u00e9n\u00e9rales"},"content":{"rendered":"<p>[vc_row][vc_column][vc_column_text]<a href=\"https:\/\/www.norflex.de\/en\/wp-content\/uploads\/2018\/02\/Norflex-AGBs-2016_engl.pdf\">Conditions g\u00e9n\u00e9rales.<\/a>[\/vc_column_text][\/vc_column][\/vc_row]<\/p>\n","protected":false},"excerpt":{"rendered":"<p>[vc_row][vc_column][vc_column_text]Conditions g\u00e9n\u00e9rales.[\/vc_column_text][\/vc_column][\/vc_row]<\/p>\n","protected":false},"author":3,"featured_media":0,"parent":0,"menu_order":0,"comment_status":"closed","ping_status":"closed","template":"","meta":[],"yoast_head":"<!-- This site is optimized with the Yoast SEO plugin v20.11 - https:\/\/yoast.com\/wordpress\/plugins\/seo\/ -->\n<title>Conditions g\u00e9n\u00e9rales - Norflex<\/title>\n<meta name=\"robots\" content=\"index, follow, max-snippet:-1, max-image-preview:large, max-video-preview:-1\" \/>\n<link rel=\"canonical\" href=\"https:\/\/www.norflex.de\/fr\/agb\/\" \/>\n<meta property=\"og:locale\" content=\"de_DE\" \/>\n<meta property=\"og:type\" content=\"article\" \/>\n<meta property=\"og:title\" content=\"Conditions g\u00e9n\u00e9rales - Norflex\" \/>\n<meta property=\"og:description\" content=\"[vc_row][vc_column][vc_column_text]Conditions g\u00e9n\u00e9rales.[\/vc_column_text][\/vc_column][\/vc_row]\" \/>\n<meta property=\"og:url\" content=\"https:\/\/www.norflex.de\/fr\/agb\/\" \/>\n<meta property=\"og:site_name\" content=\"Norflex\" \/>\n<meta property=\"article:modified_time\" content=\"2018-02-11T16:51:21+00:00\" \/>\n<meta name=\"twitter:card\" content=\"summary_large_image\" \/>\n<script type=\"application\/ld+json\" class=\"yoast-schema-graph\">{\"@context\":\"https:\/\/schema.org\",\"@graph\":[{\"@type\":\"WebPage\",\"@id\":\"https:\/\/www.norflex.de\/fr\/agb\/\",\"url\":\"https:\/\/www.norflex.de\/fr\/agb\/\",\"name\":\"Conditions g\u00e9n\u00e9rales - Norflex\",\"isPartOf\":{\"@id\":\"https:\/\/www.norflex.de\/fr\/#website\"},\"datePublished\":\"2015-10-22T21:19:43+00:00\",\"dateModified\":\"2018-02-11T16:51:21+00:00\",\"breadcrumb\":{\"@id\":\"https:\/\/www.norflex.de\/fr\/agb\/#breadcrumb\"},\"inLanguage\":\"de\",\"potentialAction\":[{\"@type\":\"ReadAction\",\"target\":[\"https:\/\/www.norflex.de\/fr\/agb\/\"]}]},{\"@type\":\"BreadcrumbList\",\"@id\":\"https:\/\/www.norflex.de\/fr\/agb\/#breadcrumb\",\"itemListElement\":[{\"@type\":\"ListItem\",\"position\":1,\"name\":\"Home\",\"item\":\"https:\/\/www.norflex.de\/fr\/\"},{\"@type\":\"ListItem\",\"position\":2,\"name\":\"Conditions g\u00e9n\u00e9rales\"}]},{\"@type\":\"WebSite\",\"@id\":\"https:\/\/www.norflex.de\/fr\/#website\",\"url\":\"https:\/\/www.norflex.de\/fr\/\",\"name\":\"Norflex\",\"description\":\"\",\"potentialAction\":[{\"@type\":\"SearchAction\",\"target\":{\"@type\":\"EntryPoint\",\"urlTemplate\":\"https:\/\/www.norflex.de\/fr\/?s={search_term_string}\"},\"query-input\":\"required name=search_term_string\"}],\"inLanguage\":\"de\"}]}<\/script>\n<!-- \/ Yoast SEO plugin. -->","yoast_head_json":{"title":"Conditions g\u00e9n\u00e9rales - Norflex","robots":{"index":"index","follow":"follow","max-snippet":"max-snippet:-1","max-image-preview":"max-image-preview:large","max-video-preview":"max-video-preview:-1"},"canonical":"https:\/\/www.norflex.de\/fr\/agb\/","og_locale":"de_DE","og_type":"article","og_title":"Conditions g\u00e9n\u00e9rales - Norflex","og_description":"[vc_row][vc_column][vc_column_text]Conditions g\u00e9n\u00e9rales.[\/vc_column_text][\/vc_column][\/vc_row]","og_url":"https:\/\/www.norflex.de\/fr\/agb\/","og_site_name":"Norflex","article_modified_time":"2018-02-11T16:51:21+00:00","twitter_card":"summary_large_image","schema":{"@context":"https:\/\/schema.org","@graph":[{"@type":"WebPage","@id":"https:\/\/www.norflex.de\/fr\/agb\/","url":"https:\/\/www.norflex.de\/fr\/agb\/","name":"Conditions g\u00e9n\u00e9rales - Norflex","isPartOf":{"@id":"https:\/\/www.norflex.de\/fr\/#website"},"datePublished":"2015-10-22T21:19:43+00:00","dateModified":"2018-02-11T16:51:21+00:00","breadcrumb":{"@id":"https:\/\/www.norflex.de\/fr\/agb\/#breadcrumb"},"inLanguage":"de","potentialAction":[{"@type":"ReadAction","target":["https:\/\/www.norflex.de\/fr\/agb\/"]}]},{"@type":"BreadcrumbList","@id":"https:\/\/www.norflex.de\/fr\/agb\/#breadcrumb","itemListElement":[{"@type":"ListItem","position":1,"name":"Home","item":"https:\/\/www.norflex.de\/fr\/"},{"@type":"ListItem","position":2,"name":"Conditions g\u00e9n\u00e9rales"}]},{"@type":"WebSite","@id":"https:\/\/www.norflex.de\/fr\/#website","url":"https:\/\/www.norflex.de\/fr\/","name":"Norflex","description":"","potentialAction":[{"@type":"SearchAction","target":{"@type":"EntryPoint","urlTemplate":"https:\/\/www.norflex.de\/fr\/?s={search_term_string}"},"query-input":"required name=search_term_string"}],"inLanguage":"de"}]}},"_links":{"self":[{"href":"https:\/\/www.norflex.de\/fr\/wp-json\/wp\/v2\/pages\/44"}],"collection":[{"href":"https:\/\/www.norflex.de\/fr\/wp-json\/wp\/v2\/pages"}],"about":[{"href":"https:\/\/www.norflex.de\/fr\/wp-json\/wp\/v2\/types\/page"}],"author":[{"embeddable":true,"href":"https:\/\/www.norflex.de\/fr\/wp-json\/wp\/v2\/users\/3"}],"replies":[{"embeddable":true,"href":"https:\/\/www.norflex.de\/fr\/wp-json\/wp\/v2\/comments?post=44"}],"version-history":[{"count":8,"href":"https:\/\/www.norflex.de\/fr\/wp-json\/wp\/v2\/pages\/44\/revisions"}],"predecessor-version":[{"id":265,"href":"https:\/\/www.norflex.de\/fr\/wp-json\/wp\/v2\/pages\/44\/revisions\/265"}],"wp:attachment":[{"href":"https:\/\/www.norflex.de\/fr\/wp-json\/wp\/v2\/media?parent=44"}],"curies":[{"name":"wp","href":"https:\/\/api.w.org\/{rel}","templated":true}]}}