{"id":7,"date":"2015-10-22T18:05:56","date_gmt":"2015-10-22T16:05:56","guid":{"rendered":"http:\/\/norflex.lippe-internetagentur.de\/?page_id=7"},"modified":"2018-02-13T12:26:59","modified_gmt":"2018-02-13T10:26:59","slug":"interleaver","status":"publish","type":"page","link":"https:\/\/www.norflex.de\/fr\/interleaver\/","title":{"rendered":"Norflex Interleaver- Film de s\u00e9paration <br>pour aliments d\u00e9coup\u00e9s"},"content":{"rendered":"<p>[vc_row][vc_column][vc_column_text]Notre film Interleaver est un produit de plus en plus utilis\u00e9 sur des trancheuses de haute performance comme film de s\u00e9paration pour les tranches de fromage, de charcuterie, de viande et de poisson.<\/p>\n<p>Le perfectionnement constant de nos produits garantit les nombreuses et excellentes propri\u00e9t\u00e9s de ce type de films :<\/p>\n<ul>\n<li>Utilisables aux cadences les plus \u00e9lev\u00e9es<\/li>\n<li>Efficacit\u00e9 maximale dans la production<\/li>\n<li>S\u00e9curit\u00e9 \u00e9lev\u00e9e dans le processus gr\u00e2ce \u00e0 une qualit\u00e9 constante<\/li>\n<li>Tol\u00e9rances d\u2019\u00e9paisseur faibles sp\u00e9cifiques \u00e0 la fabrication<\/li>\n<li>Les propri\u00e9t\u00e9s m\u00e9caniques de notre film permettent d\u2019atteindre de longues dur\u00e9es de vie des lames<\/li>\n<li>Utilisables aussi bien avec des lames circulaires qu\u2019avec des lames en croissant<\/li>\n<li>Ar\u00eates de coupe propres sans effilochages ni \u00e9clats<\/li>\n<li>Excellente plan\u00e9it\u00e9 gr\u00e2ce \u00e0 une rigidit\u00e9 propre \u00e9lev\u00e9e<\/li>\n<li>Non hygroscopiques, ce qui signifie une absorption faible de l\u2019humidit\u00e9, et donc une influence positive sur la plan\u00e9it\u00e9<\/li>\n<li>Sans go\u00fbt ni odeur<\/li>\n<li>Inoffensifs d&#8217;un point de vue physiologique et conviennent au contact direct avec les aliments.<\/li>\n<li>Diverses \u00e9paisseurs, couleurs et surfaces possibles<\/li>\n<li>Les sections de rouleaux sont effectu\u00e9es par nos soins au millim\u00e8tre pr\u00e8s sur les sectionneurs de rouleaux command\u00e9s par CNC.<\/li>\n<\/ul>\n<p>[\/vc_column_text][\/vc_column][\/vc_row][vc_row][vc_column][vc_column_text]<strong>Nous collaborons avec les principaux producteurs de trancheuses afin de pouvoir leur proposer d\u2019excellents produits r\u00e9pondant aux exigences strictes en mati\u00e8re de r\u00e9duction des co\u00fbts et de maximisation des Outputs.<\/strong><\/p>\n<p><strong>Selon le domaine d\u2019application, nous fournissons \u00e9galement des qualit\u00e9s de films transparentes, mates, en relief (avec structure) et blanches.<\/strong>[\/vc_column_text][\/vc_column][\/vc_row][vc_row][vc_column][vc_single_image image=&#8220;266&#8243; img_size=&#8220;large&#8220; alignment=&#8220;center&#8220; title=&#8220;Interleaver Varianten&#8220;][\/vc_column][\/vc_row]<\/p>\n","protected":false},"excerpt":{"rendered":"<p>[vc_row][vc_column][vc_column_text]Notre film Interleaver est un produit de plus en plus utilis\u00e9 sur des trancheuses de haute performance comme film de s\u00e9paration pour les tranches de fromage, de charcuterie, de viande et de poisson. Le perfectionnement constant de nos produits garantit les nombreuses et excellentes propri\u00e9t\u00e9s de ce type de films : Utilisables aux cadences les [&hellip;]<\/p>\n","protected":false},"author":3,"featured_media":79,"parent":0,"menu_order":0,"comment_status":"closed","ping_status":"closed","template":"","meta":[],"yoast_head":"<!-- This site is optimized with the Yoast SEO plugin v20.11 - https:\/\/yoast.com\/wordpress\/plugins\/seo\/ -->\n<title>Norflex Interleaver- Film de s\u00e9paration pour aliments d\u00e9coup\u00e9s - Norflex<\/title>\n<meta name=\"robots\" content=\"index, follow, max-snippet:-1, max-image-preview:large, max-video-preview:-1\" \/>\n<link rel=\"canonical\" href=\"https:\/\/www.norflex.de\/fr\/interleaver\/\" \/>\n<meta property=\"og:locale\" content=\"de_DE\" \/>\n<meta property=\"og:type\" content=\"article\" \/>\n<meta property=\"og:title\" content=\"Norflex Interleaver- Film de s\u00e9paration pour aliments d\u00e9coup\u00e9s - Norflex\" \/>\n<meta property=\"og:description\" content=\"[vc_row][vc_column][vc_column_text]Notre film Interleaver est un produit de plus en plus utilis\u00e9 sur des trancheuses de haute performance comme film de s\u00e9paration pour les tranches de fromage, de charcuterie, de viande et de poisson. Le perfectionnement constant de nos produits garantit les nombreuses et excellentes propri\u00e9t\u00e9s de ce type de films : Utilisables aux cadences les [&hellip;]\" \/>\n<meta property=\"og:url\" content=\"https:\/\/www.norflex.de\/fr\/interleaver\/\" \/>\n<meta property=\"og:site_name\" content=\"Norflex\" \/>\n<meta property=\"article:modified_time\" content=\"2018-02-13T10:26:59+00:00\" \/>\n<meta property=\"og:image\" content=\"https:\/\/www.norflex.de\/fr\/wp-content\/uploads\/2015\/10\/bg_interleaver.jpg\" \/>\n\t<meta property=\"og:image:width\" content=\"1024\" \/>\n\t<meta property=\"og:image:height\" content=\"454\" \/>\n\t<meta property=\"og:image:type\" content=\"image\/jpeg\" \/>\n<meta name=\"twitter:card\" content=\"summary_large_image\" \/>\n<meta name=\"twitter:label1\" content=\"Gesch\u00e4tzte Lesezeit\" \/>\n\t<meta name=\"twitter:data1\" content=\"2\u00a0Minuten\" \/>\n<script type=\"application\/ld+json\" class=\"yoast-schema-graph\">{\"@context\":\"https:\/\/schema.org\",\"@graph\":[{\"@type\":\"WebPage\",\"@id\":\"https:\/\/www.norflex.de\/fr\/interleaver\/\",\"url\":\"https:\/\/www.norflex.de\/fr\/interleaver\/\",\"name\":\"Norflex Interleaver- Film de s\u00e9paration pour aliments d\u00e9coup\u00e9s - Norflex\",\"isPartOf\":{\"@id\":\"https:\/\/www.norflex.de\/fr\/#website\"},\"datePublished\":\"2015-10-22T16:05:56+00:00\",\"dateModified\":\"2018-02-13T10:26:59+00:00\",\"breadcrumb\":{\"@id\":\"https:\/\/www.norflex.de\/fr\/interleaver\/#breadcrumb\"},\"inLanguage\":\"de\",\"potentialAction\":[{\"@type\":\"ReadAction\",\"target\":[\"https:\/\/www.norflex.de\/fr\/interleaver\/\"]}]},{\"@type\":\"BreadcrumbList\",\"@id\":\"https:\/\/www.norflex.de\/fr\/interleaver\/#breadcrumb\",\"itemListElement\":[{\"@type\":\"ListItem\",\"position\":1,\"name\":\"Home\",\"item\":\"https:\/\/www.norflex.de\/fr\/\"},{\"@type\":\"ListItem\",\"position\":2,\"name\":\"Norflex Interleaver- Film de s\u00e9paration pour aliments d\u00e9coup\u00e9s\"}]},{\"@type\":\"WebSite\",\"@id\":\"https:\/\/www.norflex.de\/fr\/#website\",\"url\":\"https:\/\/www.norflex.de\/fr\/\",\"name\":\"Norflex\",\"description\":\"\",\"potentialAction\":[{\"@type\":\"SearchAction\",\"target\":{\"@type\":\"EntryPoint\",\"urlTemplate\":\"https:\/\/www.norflex.de\/fr\/?s={search_term_string}\"},\"query-input\":\"required name=search_term_string\"}],\"inLanguage\":\"de\"}]}<\/script>\n<!-- \/ Yoast SEO plugin. -->","yoast_head_json":{"title":"Norflex Interleaver- Film de s\u00e9paration pour aliments d\u00e9coup\u00e9s - Norflex","robots":{"index":"index","follow":"follow","max-snippet":"max-snippet:-1","max-image-preview":"max-image-preview:large","max-video-preview":"max-video-preview:-1"},"canonical":"https:\/\/www.norflex.de\/fr\/interleaver\/","og_locale":"de_DE","og_type":"article","og_title":"Norflex Interleaver- Film de s\u00e9paration pour aliments d\u00e9coup\u00e9s - Norflex","og_description":"[vc_row][vc_column][vc_column_text]Notre film Interleaver est un produit de plus en plus utilis\u00e9 sur des trancheuses de haute performance comme film de s\u00e9paration pour les tranches de fromage, de charcuterie, de viande et de poisson. Le perfectionnement constant de nos produits garantit les nombreuses et excellentes propri\u00e9t\u00e9s de ce type de films : Utilisables aux cadences les [&hellip;]","og_url":"https:\/\/www.norflex.de\/fr\/interleaver\/","og_site_name":"Norflex","article_modified_time":"2018-02-13T10:26:59+00:00","og_image":[{"width":1024,"height":454,"url":"https:\/\/www.norflex.de\/fr\/wp-content\/uploads\/2015\/10\/bg_interleaver.jpg","type":"image\/jpeg"}],"twitter_card":"summary_large_image","twitter_misc":{"Gesch\u00e4tzte Lesezeit":"2\u00a0Minuten"},"schema":{"@context":"https:\/\/schema.org","@graph":[{"@type":"WebPage","@id":"https:\/\/www.norflex.de\/fr\/interleaver\/","url":"https:\/\/www.norflex.de\/fr\/interleaver\/","name":"Norflex Interleaver- Film de s\u00e9paration pour aliments d\u00e9coup\u00e9s - Norflex","isPartOf":{"@id":"https:\/\/www.norflex.de\/fr\/#website"},"datePublished":"2015-10-22T16:05:56+00:00","dateModified":"2018-02-13T10:26:59+00:00","breadcrumb":{"@id":"https:\/\/www.norflex.de\/fr\/interleaver\/#breadcrumb"},"inLanguage":"de","potentialAction":[{"@type":"ReadAction","target":["https:\/\/www.norflex.de\/fr\/interleaver\/"]}]},{"@type":"BreadcrumbList","@id":"https:\/\/www.norflex.de\/fr\/interleaver\/#breadcrumb","itemListElement":[{"@type":"ListItem","position":1,"name":"Home","item":"https:\/\/www.norflex.de\/fr\/"},{"@type":"ListItem","position":2,"name":"Norflex Interleaver- Film de s\u00e9paration pour aliments d\u00e9coup\u00e9s"}]},{"@type":"WebSite","@id":"https:\/\/www.norflex.de\/fr\/#website","url":"https:\/\/www.norflex.de\/fr\/","name":"Norflex","description":"","potentialAction":[{"@type":"SearchAction","target":{"@type":"EntryPoint","urlTemplate":"https:\/\/www.norflex.de\/fr\/?s={search_term_string}"},"query-input":"required name=search_term_string"}],"inLanguage":"de"}]}},"_links":{"self":[{"href":"https:\/\/www.norflex.de\/fr\/wp-json\/wp\/v2\/pages\/7"}],"collection":[{"href":"https:\/\/www.norflex.de\/fr\/wp-json\/wp\/v2\/pages"}],"about":[{"href":"https:\/\/www.norflex.de\/fr\/wp-json\/wp\/v2\/types\/page"}],"author":[{"embeddable":true,"href":"https:\/\/www.norflex.de\/fr\/wp-json\/wp\/v2\/users\/3"}],"replies":[{"embeddable":true,"href":"https:\/\/www.norflex.de\/fr\/wp-json\/wp\/v2\/comments?post=7"}],"version-history":[{"count":14,"href":"https:\/\/www.norflex.de\/fr\/wp-json\/wp\/v2\/pages\/7\/revisions"}],"predecessor-version":[{"id":267,"href":"https:\/\/www.norflex.de\/fr\/wp-json\/wp\/v2\/pages\/7\/revisions\/267"}],"wp:featuredmedia":[{"embeddable":true,"href":"https:\/\/www.norflex.de\/fr\/wp-json\/wp\/v2\/media\/79"}],"wp:attachment":[{"href":"https:\/\/www.norflex.de\/fr\/wp-json\/wp\/v2\/media?parent=7"}],"curies":[{"name":"wp","href":"https:\/\/api.w.org\/{rel}","templated":true}]}}